{"id":10607,"date":"2024-09-19T16:00:09","date_gmt":"2024-09-19T13:00:09","guid":{"rendered":"https:\/\/ceoparts.com\/?post_type=product&#038;p=10607"},"modified":"2026-05-16T15:27:22","modified_gmt":"2026-05-16T12:27:22","slug":"125x60-64-20-linde-denge-tekeri","status":"publish","type":"product","link":"https:\/\/ceoparts.com\/es\/urun\/125x60-64-20-linde-denge-tekeri\/","title":{"rendered":"125&#215;60\/62-20 Linde Stellana Rueda Auxiliar"},"content":{"rendered":"<p>125&#215;60\/62-20 Linde Stellana Rueda Auxiliar<\/p>\n<p>134 L 20 L\/LP<br \/>\n131 T20AP\/T20SP<br \/>\n131 T20AP\/T20SP<br \/>\n131 T20AP\/T20SP<br \/>\n132N20\/N24\/N20L\/N20LI<br \/>\n132 N20\/N24\/N20L\/N20LI<br \/>\n133L12\/L14-L12L\/L14L-L12LHP<br \/>\n141 T20AP<br \/>\n141 L12L\/L12LP<\/p>","protected":false},"excerpt":{"rendered":"<p data-start=\"0\" data-end=\"824\"><br data-start=\"5044\" data-end=\"5047\" \/>La Rueda de equilibrio 125\u00d760\/62-20 Linde Stellana es una rueda de alta calidad fabricada para montacargas y apiladores Linde. Fabricada con material Stellana, ofrece una excelente resistencia al desgaste y una alta capacidad de carga para un rendimiento duradero. Asegura la estabilidad de la m\u00e1quina para un movimiento seguro y estable. Su dise\u00f1o resistente a impactos garantiza un alto rendimiento incluso en condiciones de trabajo dif\u00edciles. Una pieza de repuesto ideal para usuarios de montacargas Linde.<br data-start=\"5556\" data-end=\"5559\" \/><strong data-start=\"5559\" data-end=\"5579\">Caracter\u00edsticas:<\/strong><br data-start=\"5579\" data-end=\"5582\" \/><strong data-start=\"5582\" data-end=\"5606\">Nombre del producto:<\/strong> Rueda de equilibrio 125\u00d760\/62-20 Linde Stellana<br data-start=\"5654\" data-end=\"5657\" \/><strong data-start=\"5657\" data-end=\"5677\">C\u00f3digo de pieza:<\/strong> 0009933803<br data-start=\"5688\" data-end=\"5691\" \/><strong data-start=\"5691\" data-end=\"5704\">Material:<\/strong> Stellana, alta resistencia al desgaste y durabilidad<br data-start=\"5757\" data-end=\"5760\" \/><strong data-start=\"5760\" data-end=\"5783\">\u00c1rea de aplicaci\u00f3n:<\/strong> Montacargas y apiladores Linde<br data-start=\"5814\" data-end=\"5817\" \/><strong data-start=\"5817\" data-end=\"5829\">Ventaja:<\/strong> Alta durabilidad, excelente estabilidad, larga vida \u00fatil, resistencia a impactos<\/p>\n","protected":false},"featured_media":16418,"template":"","meta":[],"product_brand":[],"product_cat":[246,247,252,416,417,185],"product_tag":[],"class_list":{"0":"post-10607","1":"product","2":"type-product","3":"status-publish","4":"has-post-thumbnail","6":"product_cat-linde","7":"product_cat-denge-tekeri-linde","8":"product_cat-denge-tekeri-bt","9":"product_cat-stellana","10":"product_cat-denge-tekeri-stellana","11":"product_cat-denge-tekeri","13":"first","14":"instock","15":"taxable","16":"shipping-taxable","17":"purchasable","18":"product-type-simple"},"_links":{"self":[{"href":"https:\/\/ceoparts.com\/es\/wp-json\/wp\/v2\/product\/10607","targetHints":{"allow":["GET"]}}],"collection":[{"href":"https:\/\/ceoparts.com\/es\/wp-json\/wp\/v2\/product"}],"about":[{"href":"https:\/\/ceoparts.com\/es\/wp-json\/wp\/v2\/types\/product"}],"wp:featuredmedia":[{"embeddable":true,"href":"https:\/\/ceoparts.com\/es\/wp-json\/wp\/v2\/media\/16418"}],"wp:attachment":[{"href":"https:\/\/ceoparts.com\/es\/wp-json\/wp\/v2\/media?parent=10607"}],"wp:term":[{"taxonomy":"product_brand","embeddable":true,"href":"https:\/\/ceoparts.com\/es\/wp-json\/wp\/v2\/product_brand?post=10607"},{"taxonomy":"product_cat","embeddable":true,"href":"https:\/\/ceoparts.com\/es\/wp-json\/wp\/v2\/product_cat?post=10607"},{"taxonomy":"product_tag","embeddable":true,"href":"https:\/\/ceoparts.com\/es\/wp-json\/wp\/v2\/product_tag?post=10607"}],"curies":[{"name":"wp","href":"https:\/\/api.w.org\/{rel}","templated":true}]}}