{"id":10629,"date":"2024-09-20T15:53:23","date_gmt":"2024-09-20T12:53:23","guid":{"rendered":"https:\/\/ceoparts.com\/?post_type=product&#038;p=10629"},"modified":"2026-05-16T20:07:24","modified_gmt":"2026-05-16T17:07:24","slug":"150x48-65-12-linde-still-denge-mekanizmasi-takim","status":"publish","type":"product","link":"https:\/\/ceoparts.com\/es\/urun\/150x48-65-12-linde-still-denge-mekanizmasi-takim\/","title":{"rendered":"150&#215;48\/65-12 Linde\/ Still Equipo del mecanismo de equilibrio &#8211; 3794505500"},"content":{"rendered":"<p>150&#215;48\/65-12 Linde\/ Still Equipo del mecanismo de equilibrio &#8211; 3794505500<\/p>\n<p>Linde 3794505500<\/p>\n<p>&nbsp;<\/p>\n<table border=\"0\" width=\"128\" cellspacing=\"0\" cellpadding=\"0\">\n<colgroup>\n<col span=\"2\" width=\"64\" \/><\/colgroup>\n<tbody>\n<tr>\n<td class=\"xl63\" width=\"64\" height=\"20\"><span style=\"font-family: tim;\">Family<\/span><\/td>\n<td class=\"xl63\" width=\"64\"><span style=\"font-family: tim;\">Model<\/span><\/td>\n<\/tr>\n<tr>\n<td class=\"xl63\" height=\"20\"><span style=\"font-family: tim;\">1173<\/span><\/td>\n<td class=\"xl63\"><span style=\"font-family: tim;\">L14\/L16\/L20<\/span><\/td>\n<\/tr>\n<tr>\n<td class=\"xl63\" height=\"20\"><span style=\"font-family: tim;\">372<\/span><\/td>\n<td class=\"xl63\"><span style=\"font-family: tim;\">L14\/16<\/span><\/td>\n<\/tr>\n<tr>\n<td class=\"xl63\" height=\"20\"><span style=\"font-family: tim;\">372<\/span><\/td>\n<td class=\"xl63\"><span style=\"font-family: tim;\">L14\/16\/L14AP\/16AP<\/span><\/td>\n<\/tr>\n<tr>\n<td class=\"xl63\" height=\"20\"><span style=\"font-family: tim;\">379<\/span><\/td>\n<td class=\"xl63\"><span style=\"font-family: tim;\">L10\/12-L10\/12AS<\/span><\/td>\n<\/tr>\n<\/tbody>\n<\/table>","protected":false},"excerpt":{"rendered":"<p data-start=\"139\" data-end=\"547\"><br data-start=\"4734\" data-end=\"4737\" \/>El Mecanismo de equilibrio 150\u00d748\/65-12 Linde\/Still es un <strong data-start=\"4795\" data-end=\"4819\">mecanismo sin ruedas<\/strong> dise\u00f1ado para transpaletas y apiladores de las marcas Linde y Still. Garantiza la estabilidad de la m\u00e1quina durante la manipulaci\u00f3n y maniobras de carga, ofreciendo un funcionamiento seguro y estable. Evita p\u00e9rdidas de equilibrio repentinas en giros bruscos y mejora la eficiencia operativa. Fabricado con estructura met\u00e1lica resistente para un uso duradero.<\/p>\n<p data-start=\"5180\" data-end=\"5530\"><strong data-start=\"5180\" data-end=\"5200\">Caracter\u00edsticas:<\/strong><br data-start=\"5200\" data-end=\"5203\" \/><strong data-start=\"5203\" data-end=\"5227\">Nombre del producto:<\/strong> Mecanismo de equilibrio 150\u00d748\/65-12 Linde\/Still (Sin ruedas)<br data-start=\"5289\" data-end=\"5292\" \/><strong data-start=\"5292\" data-end=\"5312\">C\u00f3digo de pieza:<\/strong> 3794505500<br data-start=\"5323\" data-end=\"5326\" \/><strong data-start=\"5326\" data-end=\"5339\">Material:<\/strong> Aleaci\u00f3n met\u00e1lica de alta resistencia<br data-start=\"5377\" data-end=\"5380\" \/><strong data-start=\"5380\" data-end=\"5403\">\u00c1rea de aplicaci\u00f3n:<\/strong> Transpaletas y apiladores Linde y Still<br data-start=\"5443\" data-end=\"5446\" \/><strong data-start=\"5446\" data-end=\"5458\">Ventaja:<\/strong> Estabilidad de carga, estructura robusta y duradera, operaci\u00f3n segura<\/p>\n","protected":false},"featured_media":13838,"template":"","meta":[],"product_brand":[],"product_cat":[420,423,425,241,242,246,247],"product_tag":[],"class_list":{"0":"post-10629","1":"product","2":"type-product","3":"status-publish","4":"has-post-thumbnail","6":"product_cat-denge-mekanizmalar","7":"product_cat-still-denge-mekanizma","8":"product_cat-linde-denge-mekanizma","9":"product_cat-still","10":"product_cat-denge-tekeri-still","11":"product_cat-linde","12":"product_cat-denge-tekeri-linde","14":"first","15":"instock","16":"taxable","17":"shipping-taxable","18":"purchasable","19":"product-type-simple"},"_links":{"self":[{"href":"https:\/\/ceoparts.com\/es\/wp-json\/wp\/v2\/product\/10629","targetHints":{"allow":["GET"]}}],"collection":[{"href":"https:\/\/ceoparts.com\/es\/wp-json\/wp\/v2\/product"}],"about":[{"href":"https:\/\/ceoparts.com\/es\/wp-json\/wp\/v2\/types\/product"}],"wp:featuredmedia":[{"embeddable":true,"href":"https:\/\/ceoparts.com\/es\/wp-json\/wp\/v2\/media\/13838"}],"wp:attachment":[{"href":"https:\/\/ceoparts.com\/es\/wp-json\/wp\/v2\/media?parent=10629"}],"wp:term":[{"taxonomy":"product_brand","embeddable":true,"href":"https:\/\/ceoparts.com\/es\/wp-json\/wp\/v2\/product_brand?post=10629"},{"taxonomy":"product_cat","embeddable":true,"href":"https:\/\/ceoparts.com\/es\/wp-json\/wp\/v2\/product_cat?post=10629"},{"taxonomy":"product_tag","embeddable":true,"href":"https:\/\/ceoparts.com\/es\/wp-json\/wp\/v2\/product_tag?post=10629"}],"curies":[{"name":"wp","href":"https:\/\/api.w.org\/{rel}","templated":true}]}}