{"id":10634,"date":"2024-09-20T16:07:52","date_gmt":"2024-09-20T13:07:52","guid":{"rendered":"https:\/\/ceoparts.com\/?post_type=product&#038;p=10634"},"modified":"2026-05-14T03:38:57","modified_gmt":"2026-05-14T00:38:57","slug":"150x54-hyster-denge-mekanizmasi-takim","status":"publish","type":"product","link":"https:\/\/ceoparts.com\/es\/urun\/150x54-hyster-denge-mekanizmasi-takim\/","title":{"rendered":"150&#215;54 Hyster Mecanismo de equilibrio Sin ruedas &#8211; 1694818"},"content":{"rendered":"<p>150&#215;54 Hyster Mecanismo de equilibrio Sin ruedas &#8211; 1694818<\/p>\n<p>580092729<\/p>\n<p>Hyster (S.16) \/ Yale (MS16)<\/p>","protected":false},"excerpt":{"rendered":"<p data-start=\"137\" data-end=\"600\"><br data-start=\"4727\" data-end=\"4730\" \/>El Mecanismo de equilibrio 150\u00d754 Hyster (Sin ruedas) es un <strong data-start=\"4790\" data-end=\"4817\">mecanismo de equilibrio<\/strong> especialmente dise\u00f1ado para transpaletas y apiladores Hyster. Garantiza la estabilidad de la m\u00e1quina durante la manipulaci\u00f3n y maniobras de carga, ofreciendo un funcionamiento seguro y controlado. Evita p\u00e9rdidas de equilibrio repentinas y mejora la estabilidad operativa. Fabricado en aleaci\u00f3n met\u00e1lica resistente para un uso intensivo y prolongado.<\/p>\n<p data-start=\"5169\" data-end=\"5497\"><strong data-start=\"5169\" data-end=\"5189\">Caracter\u00edsticas:<\/strong><br data-start=\"5189\" data-end=\"5192\" \/><strong data-start=\"5192\" data-end=\"5216\">Nombre del producto:<\/strong> Mecanismo de equilibrio 150\u00d754 Hyster (Sin ruedas)<br data-start=\"5267\" data-end=\"5270\" \/><strong data-start=\"5270\" data-end=\"5290\">C\u00f3digo de pieza:<\/strong> 1694818<br data-start=\"5298\" data-end=\"5301\" \/><strong data-start=\"5301\" data-end=\"5314\">Material:<\/strong> Aleaci\u00f3n met\u00e1lica de alta resistencia<br data-start=\"5352\" data-end=\"5355\" \/><strong data-start=\"5355\" data-end=\"5378\">\u00c1rea de aplicaci\u00f3n:<\/strong> Transpaletas y apiladores Hyster<br data-start=\"5411\" data-end=\"5414\" \/><strong data-start=\"5414\" data-end=\"5426\">Ventaja:<\/strong> Estabilidad de carga, estructura s\u00f3lida y duradera, operaci\u00f3n segura<\/p>\n","protected":false},"featured_media":13816,"template":"","meta":[],"product_brand":[],"product_cat":[256,420,421],"product_tag":[],"class_list":{"0":"post-10634","1":"product","2":"type-product","3":"status-publish","4":"has-post-thumbnail","6":"product_cat-hyster","7":"product_cat-denge-mekanizmalar","8":"product_cat-hyster-denge-mekanizma","10":"first","11":"instock","12":"taxable","13":"shipping-taxable","14":"purchasable","15":"product-type-simple"},"_links":{"self":[{"href":"https:\/\/ceoparts.com\/es\/wp-json\/wp\/v2\/product\/10634","targetHints":{"allow":["GET"]}}],"collection":[{"href":"https:\/\/ceoparts.com\/es\/wp-json\/wp\/v2\/product"}],"about":[{"href":"https:\/\/ceoparts.com\/es\/wp-json\/wp\/v2\/types\/product"}],"wp:featuredmedia":[{"embeddable":true,"href":"https:\/\/ceoparts.com\/es\/wp-json\/wp\/v2\/media\/13816"}],"wp:attachment":[{"href":"https:\/\/ceoparts.com\/es\/wp-json\/wp\/v2\/media?parent=10634"}],"wp:term":[{"taxonomy":"product_brand","embeddable":true,"href":"https:\/\/ceoparts.com\/es\/wp-json\/wp\/v2\/product_brand?post=10634"},{"taxonomy":"product_cat","embeddable":true,"href":"https:\/\/ceoparts.com\/es\/wp-json\/wp\/v2\/product_cat?post=10634"},{"taxonomy":"product_tag","embeddable":true,"href":"https:\/\/ceoparts.com\/es\/wp-json\/wp\/v2\/product_tag?post=10634"}],"curies":[{"name":"wp","href":"https:\/\/api.w.org\/{rel}","templated":true}]}}