{"id":10638,"date":"2024-09-23T09:08:07","date_gmt":"2024-09-23T06:08:07","guid":{"rendered":"https:\/\/ceoparts.com\/?post_type=product&#038;p=10638"},"modified":"2026-05-16T14:34:08","modified_gmt":"2026-05-16T11:34:08","slug":"150x54-hyster-denge-mekanizmasi-takim-2","status":"publish","type":"product","link":"https:\/\/ceoparts.com\/es\/urun\/150x54-hyster-denge-mekanizmasi-takim-2\/","title":{"rendered":"150&#215;54 Hyster Equipo del mecanismo de equilibrio"},"content":{"rendered":"<p>150&#215;54 Hyster Equipo del mecanismo de equilibrio<\/p>\n<p>HYSTER 1694086 \/ 2770365<\/p>\n<p>YALE 580013313<\/p>","protected":false},"excerpt":{"rendered":"<p data-start=\"124\" data-end=\"535\"><br data-start=\"4366\" data-end=\"4369\" \/>El Mecanismo de equilibrio 150\u00d754 Hyster es un <strong data-start=\"4416\" data-end=\"4438\">sistema sin ruedas<\/strong> especialmente dise\u00f1ado para transpaletas y apiladores Hyster. Garantiza la estabilidad de la m\u00e1quina durante la manipulaci\u00f3n y maniobras de carga, ofreciendo una operaci\u00f3n segura y estable. Apto para almacenes, f\u00e1bricas y zonas log\u00edsticas. Fabricado con estructura met\u00e1lica resistente para un uso fiable y duradero.<\/p>\n<p data-start=\"4756\" data-end=\"5071\"><strong data-start=\"4756\" data-end=\"4776\">Caracter\u00edsticas:<\/strong><br data-start=\"4776\" data-end=\"4779\" \/><strong data-start=\"4779\" data-end=\"4803\">Nombre del producto:<\/strong> Mecanismo de equilibrio 150\u00d754 Hyster<br data-start=\"4841\" data-end=\"4844\" \/><strong data-start=\"4844\" data-end=\"4864\">C\u00f3digo de pieza:<\/strong> 1694086<br data-start=\"4872\" data-end=\"4875\" \/><strong data-start=\"4875\" data-end=\"4888\">Material:<\/strong> Aleaci\u00f3n met\u00e1lica de alta resistencia<br data-start=\"4926\" data-end=\"4929\" \/><strong data-start=\"4929\" data-end=\"4952\">\u00c1rea de aplicaci\u00f3n:<\/strong> Transpaletas y apiladores Hyster<br data-start=\"4985\" data-end=\"4988\" \/><strong data-start=\"4988\" data-end=\"5000\">Ventaja:<\/strong> Estabilidad de carga, estructura s\u00f3lida y duradera, operaci\u00f3n segura<\/p>\n","protected":false},"featured_media":13813,"template":"","meta":[],"product_brand":[],"product_cat":[256,420,421],"product_tag":[],"class_list":{"0":"post-10638","1":"product","2":"type-product","3":"status-publish","4":"has-post-thumbnail","6":"product_cat-hyster","7":"product_cat-denge-mekanizmalar","8":"product_cat-hyster-denge-mekanizma","10":"first","11":"instock","12":"taxable","13":"shipping-taxable","14":"purchasable","15":"product-type-simple"},"_links":{"self":[{"href":"https:\/\/ceoparts.com\/es\/wp-json\/wp\/v2\/product\/10638","targetHints":{"allow":["GET"]}}],"collection":[{"href":"https:\/\/ceoparts.com\/es\/wp-json\/wp\/v2\/product"}],"about":[{"href":"https:\/\/ceoparts.com\/es\/wp-json\/wp\/v2\/types\/product"}],"wp:featuredmedia":[{"embeddable":true,"href":"https:\/\/ceoparts.com\/es\/wp-json\/wp\/v2\/media\/13813"}],"wp:attachment":[{"href":"https:\/\/ceoparts.com\/es\/wp-json\/wp\/v2\/media?parent=10638"}],"wp:term":[{"taxonomy":"product_brand","embeddable":true,"href":"https:\/\/ceoparts.com\/es\/wp-json\/wp\/v2\/product_brand?post=10638"},{"taxonomy":"product_cat","embeddable":true,"href":"https:\/\/ceoparts.com\/es\/wp-json\/wp\/v2\/product_cat?post=10638"},{"taxonomy":"product_tag","embeddable":true,"href":"https:\/\/ceoparts.com\/es\/wp-json\/wp\/v2\/product_tag?post=10638"}],"curies":[{"name":"wp","href":"https:\/\/api.w.org\/{rel}","templated":true}]}}