{"id":10653,"date":"2024-09-23T11:05:23","date_gmt":"2024-09-23T08:05:23","guid":{"rendered":"https:\/\/ceoparts.com\/?post_type=product&#038;p=10653"},"modified":"2026-05-16T15:08:33","modified_gmt":"2026-05-16T12:08:33","slug":"bt-lpe-spe-denge-mekanizmasi-bos-172107","status":"publish","type":"product","link":"https:\/\/ceoparts.com\/es\/urun\/bt-lpe-spe-denge-mekanizmasi-bos-172107\/","title":{"rendered":"BT Toyota LPE\/SPE Mecanismo de equilibrio &#8211; 172107"},"content":{"rendered":"<div class=\"wpb-content-wrapper\"><p>BT Toyota LPE\/SPE Mecanismo de equilibrio &#8211; 172107<\/p>\n<p>[vc_row][vc_column][vc_column_text css=&#8221;&#8221; woodmart_inline=&#8221;no&#8221; text_larger=&#8221;no&#8221;]BT 172107<\/p>\n<p>SPE125<\/p>\n<p>SPE135<\/p>\n<p>SPE160<\/p>\n<p>SPE200<\/p>\n<p>LPE200<\/p>\n<p>P20 Orion[\/vc_column_text][\/vc_column][\/vc_row]<\/p>\n<\/div>","protected":false},"excerpt":{"rendered":"<p data-start=\"73\" data-end=\"494\"><br data-start=\"4677\" data-end=\"4680\" \/>El Mecanismo de equilibrio BT Toyota LPE\/SPE es un <strong data-start=\"4731\" data-end=\"4753\">sistema sin ruedas<\/strong> especialmente desarrollado para transpaletas y apiladores BT y Toyota modelos LPE y SPE. Garantiza movimientos equilibrados y seguros durante la manipulaci\u00f3n y maniobras de carga. Evita p\u00e9rdidas de equilibrio repentinas y mejora la estabilidad operativa. Su estructura s\u00f3lida y materiales duraderos permiten una larga vida \u00fatil en almacenes exigentes.<\/p>\n<p data-start=\"5107\" data-end=\"5466\"><strong data-start=\"5107\" data-end=\"5127\">Caracter\u00edsticas:<\/strong><br data-start=\"5127\" data-end=\"5130\" \/><strong data-start=\"5130\" data-end=\"5154\">Nombre del producto:<\/strong> Mecanismo de equilibrio BT Toyota LPE\/SPE (Sin ruedas)<br data-start=\"5209\" data-end=\"5212\" \/><strong data-start=\"5212\" data-end=\"5232\">C\u00f3digo de pieza:<\/strong> 172107<br data-start=\"5239\" data-end=\"5242\" \/><strong data-start=\"5242\" data-end=\"5255\">Material:<\/strong> Aleaci\u00f3n met\u00e1lica de alta resistencia<br data-start=\"5293\" data-end=\"5296\" \/><strong data-start=\"5296\" data-end=\"5319\">\u00c1rea de aplicaci\u00f3n:<\/strong> Transpaletas y apiladores BT y Toyota modelos LPE, SPE<br data-start=\"5374\" data-end=\"5377\" \/><strong data-start=\"5377\" data-end=\"5389\">Ventaja:<\/strong> Estabilidad de carga, estructura robusta, operaci\u00f3n segura, larga duraci\u00f3n<\/p>\n","protected":false},"featured_media":13725,"template":"","meta":[],"product_brand":[],"product_cat":[251,420,426,521,531],"product_tag":[],"class_list":{"0":"post-10653","1":"product","2":"type-product","3":"status-publish","4":"has-post-thumbnail","6":"product_cat-bt","7":"product_cat-denge-mekanizmalar","8":"product_cat-bt-denge-mekanizma","9":"product_cat-toyota","10":"product_cat-mekanizmalar-toyota","12":"first","13":"instock","14":"taxable","15":"shipping-taxable","16":"purchasable","17":"product-type-simple"},"_links":{"self":[{"href":"https:\/\/ceoparts.com\/es\/wp-json\/wp\/v2\/product\/10653","targetHints":{"allow":["GET"]}}],"collection":[{"href":"https:\/\/ceoparts.com\/es\/wp-json\/wp\/v2\/product"}],"about":[{"href":"https:\/\/ceoparts.com\/es\/wp-json\/wp\/v2\/types\/product"}],"wp:featuredmedia":[{"embeddable":true,"href":"https:\/\/ceoparts.com\/es\/wp-json\/wp\/v2\/media\/13725"}],"wp:attachment":[{"href":"https:\/\/ceoparts.com\/es\/wp-json\/wp\/v2\/media?parent=10653"}],"wp:term":[{"taxonomy":"product_brand","embeddable":true,"href":"https:\/\/ceoparts.com\/es\/wp-json\/wp\/v2\/product_brand?post=10653"},{"taxonomy":"product_cat","embeddable":true,"href":"https:\/\/ceoparts.com\/es\/wp-json\/wp\/v2\/product_cat?post=10653"},{"taxonomy":"product_tag","embeddable":true,"href":"https:\/\/ceoparts.com\/es\/wp-json\/wp\/v2\/product_tag?post=10653"}],"curies":[{"name":"wp","href":"https:\/\/api.w.org\/{rel}","templated":true}]}}