{"id":10682,"date":"2024-09-23T13:08:47","date_gmt":"2024-09-23T10:08:47","guid":{"rendered":"https:\/\/ceoparts.com\/?post_type=product&#038;p=10682"},"modified":"2026-05-16T17:33:49","modified_gmt":"2026-05-16T14:33:49","slug":"bt-lwe-swe-denge-mekanizmasi-254316-136135-7647304","status":"publish","type":"product","link":"https:\/\/ceoparts.com\/es\/urun\/bt-lwe-swe-denge-mekanizmasi-254316-136135-7647304\/","title":{"rendered":"BT Toyota LWE\/SWE Mecanismo de equilibrio \u2013 254316 , 136135 , 7647304"},"content":{"rendered":"<div class=\"wpb-content-wrapper\"><p>BT Toyota LWE\/SWE Mecanismo de equilibrio \u2013 254316 , 136135 , 7647304<\/p>\n<p>[vc_row][vc_column][vc_column_text css=&#8221;&#8221; woodmart_inline=&#8221;no&#8221; text_larger=&#8221;no&#8221;]BT 254316 136135 7647304<\/p>\n<p>BT \/ TOYOTA :<\/p>\n<p>SWE 140L<\/p>\n<p>SWE100<br \/>\nSWE120<br \/>\nSWE140<\/p>\n<p>LWE140<br \/>\nLWE160<br \/>\nLWE180<\/p>\n<p>LWE200<\/p>\n<p>LPE200 (do\/to 2014)[\/vc_column_text][\/vc_column][\/vc_row]<\/p>\n<\/div>","protected":false},"excerpt":{"rendered":"<p data-start=\"129\" data-end=\"541\"><br data-start=\"4594\" data-end=\"4597\" \/>El Mecanismo de equilibrio BT Toyota LWE\/SWE es un <strong data-start=\"4648\" data-end=\"4670\">sistema sin ruedas<\/strong> especialmente dise\u00f1ado para transpaletas y apiladores BT y Toyota modelos LWE y SWE. Garantiza un movimiento estable de la m\u00e1quina durante la manipulaci\u00f3n y maniobras de carga, evitando vuelcos en zonas de trabajo estrechas. Su estructura met\u00e1lica resistente garantiza una larga vida \u00fatil y fiabilidad.<\/p>\n<p data-start=\"4975\" data-end=\"5341\"><strong data-start=\"4975\" data-end=\"4995\">Caracter\u00edsticas:<\/strong><br data-start=\"4995\" data-end=\"4998\" \/><strong data-start=\"4998\" data-end=\"5022\">Nombre del producto:<\/strong> Mecanismo de equilibrio BT Toyota LWE\/SWE (Sin ruedas)<br data-start=\"5077\" data-end=\"5080\" \/><strong data-start=\"5080\" data-end=\"5100\">C\u00f3digo de pieza:<\/strong> 254316 , 136135 , 7647304<br data-start=\"5126\" data-end=\"5129\" \/><strong data-start=\"5129\" data-end=\"5142\">Material:<\/strong> Aleaci\u00f3n met\u00e1lica duradera<br data-start=\"5169\" data-end=\"5172\" \/><strong data-start=\"5172\" data-end=\"5195\">\u00c1rea de aplicaci\u00f3n:<\/strong> Transpaletas y apiladores BT y Toyota modelos LWE, SWE<br data-start=\"5250\" data-end=\"5253\" \/><strong data-start=\"5253\" data-end=\"5265\">Ventaja:<\/strong> Estabilidad de carga, operaci\u00f3n segura, estructura s\u00f3lida, larga duraci\u00f3n<\/p>\n","protected":false},"featured_media":13710,"template":"","meta":[],"product_brand":[],"product_cat":[531,251,420,426,521],"product_tag":[],"class_list":{"0":"post-10682","1":"product","2":"type-product","3":"status-publish","4":"has-post-thumbnail","6":"product_cat-mekanizmalar-toyota","7":"product_cat-bt","8":"product_cat-denge-mekanizmalar","9":"product_cat-bt-denge-mekanizma","10":"product_cat-toyota","12":"first","13":"instock","14":"taxable","15":"shipping-taxable","16":"purchasable","17":"product-type-simple"},"_links":{"self":[{"href":"https:\/\/ceoparts.com\/es\/wp-json\/wp\/v2\/product\/10682","targetHints":{"allow":["GET"]}}],"collection":[{"href":"https:\/\/ceoparts.com\/es\/wp-json\/wp\/v2\/product"}],"about":[{"href":"https:\/\/ceoparts.com\/es\/wp-json\/wp\/v2\/types\/product"}],"wp:featuredmedia":[{"embeddable":true,"href":"https:\/\/ceoparts.com\/es\/wp-json\/wp\/v2\/media\/13710"}],"wp:attachment":[{"href":"https:\/\/ceoparts.com\/es\/wp-json\/wp\/v2\/media?parent=10682"}],"wp:term":[{"taxonomy":"product_brand","embeddable":true,"href":"https:\/\/ceoparts.com\/es\/wp-json\/wp\/v2\/product_brand?post=10682"},{"taxonomy":"product_cat","embeddable":true,"href":"https:\/\/ceoparts.com\/es\/wp-json\/wp\/v2\/product_cat?post=10682"},{"taxonomy":"product_tag","embeddable":true,"href":"https:\/\/ceoparts.com\/es\/wp-json\/wp\/v2\/product_tag?post=10682"}],"curies":[{"name":"wp","href":"https:\/\/api.w.org\/{rel}","templated":true}]}}