{"id":10692,"date":"2024-09-23T13:23:44","date_gmt":"2024-09-23T10:23:44","guid":{"rendered":"https:\/\/ceoparts.com\/?post_type=product&#038;p=10692"},"modified":"2026-05-16T09:29:51","modified_gmt":"2026-05-16T06:29:51","slug":"bt-lwe-swe-denge-mekanizmasi-takim-254316-136135-7647304","status":"publish","type":"product","link":"https:\/\/ceoparts.com\/es\/urun\/bt-lwe-swe-denge-mekanizmasi-takim-254316-136135-7647304\/","title":{"rendered":"BT Toyota LWE\/SWE Mecanismo de equilibrio &#8211; 254316 , 136135 , 7647304"},"content":{"rendered":"<div class=\"wpb-content-wrapper\"><p>BT Toyota LWE\/SWE Mecanismo de equilibrio &#8211; 254316 , 136135 , 7647304<\/p>\n<p>[vc_row][vc_column][vc_column_text css=&#8221;&#8221; woodmart_inline=&#8221;no&#8221; text_larger=&#8221;no&#8221;]BT 254316 136135 7647304<\/p>\n<p>BT \/ TOYOTA :<\/p>\n<p>SWE 140L<\/p>\n<p>SWE100<br \/>\nSWE120<br \/>\nSWE140<\/p>\n<p>&nbsp;<\/p>\n<p>LWE140<br \/>\nLWE160<br \/>\nLWE180<\/p>\n<p>LWE200<\/p>\n<p>LPE200 (do\/to 2014)[\/vc_column_text][\/vc_column][\/vc_row]<\/p>\n<\/div>","protected":false},"excerpt":{"rendered":"<p data-start=\"0\" data-end=\"385\"><br data-start=\"4322\" data-end=\"4325\" \/>El Mecanismo de equilibrio BT Toyota LWE\/SWE es una pieza original especialmente dise\u00f1ada para transpaletas y apiladores BT y Toyota modelos LWE y SWE. Mantiene la estabilidad de la m\u00e1quina durante el transporte de cargas y la conducci\u00f3n, asegurando un contacto seguro y estable con el suelo. Su estructura resistente y su sistema mec\u00e1nico duradero son ideales para condiciones de trabajo exigentes.<\/p>\n<p data-start=\"4726\" data-end=\"5065\" data-is-last-node=\"\" data-is-only-node=\"\"><strong data-start=\"4726\" data-end=\"4746\">Caracter\u00edsticas:<\/strong><br data-start=\"4746\" data-end=\"4749\" \/><strong data-start=\"4749\" data-end=\"4773\">Nombre del producto:<\/strong> Mecanismo de equilibrio BT Toyota LWE\/SWE<br data-start=\"4815\" data-end=\"4818\" \/><strong data-start=\"4818\" data-end=\"4838\">C\u00f3digo de pieza:<\/strong> 254316 , 136135 , 7647304<br data-start=\"4864\" data-end=\"4867\" \/><strong data-start=\"4867\" data-end=\"4880\">Material:<\/strong> Metal de alta resistencia<br data-start=\"4906\" data-end=\"4909\" \/><strong data-start=\"4909\" data-end=\"4932\">\u00c1rea de aplicaci\u00f3n:<\/strong> Transpaletas y apiladores BT y Toyota modelos LWE, SWE<br data-start=\"4987\" data-end=\"4990\" \/><strong data-start=\"4990\" data-end=\"5002\">Ventaja:<\/strong> Estabilidad de carga, estructura s\u00f3lida, uso seguro y duradero<\/p>\n","protected":false},"featured_media":13717,"template":"","meta":[],"product_brand":[],"product_cat":[251,420,426,521,531],"product_tag":[],"class_list":{"0":"post-10692","1":"product","2":"type-product","3":"status-publish","4":"has-post-thumbnail","6":"product_cat-bt","7":"product_cat-denge-mekanizmalar","8":"product_cat-bt-denge-mekanizma","9":"product_cat-toyota","10":"product_cat-mekanizmalar-toyota","12":"first","13":"instock","14":"taxable","15":"shipping-taxable","16":"purchasable","17":"product-type-simple"},"_links":{"self":[{"href":"https:\/\/ceoparts.com\/es\/wp-json\/wp\/v2\/product\/10692","targetHints":{"allow":["GET"]}}],"collection":[{"href":"https:\/\/ceoparts.com\/es\/wp-json\/wp\/v2\/product"}],"about":[{"href":"https:\/\/ceoparts.com\/es\/wp-json\/wp\/v2\/types\/product"}],"wp:featuredmedia":[{"embeddable":true,"href":"https:\/\/ceoparts.com\/es\/wp-json\/wp\/v2\/media\/13717"}],"wp:attachment":[{"href":"https:\/\/ceoparts.com\/es\/wp-json\/wp\/v2\/media?parent=10692"}],"wp:term":[{"taxonomy":"product_brand","embeddable":true,"href":"https:\/\/ceoparts.com\/es\/wp-json\/wp\/v2\/product_brand?post=10692"},{"taxonomy":"product_cat","embeddable":true,"href":"https:\/\/ceoparts.com\/es\/wp-json\/wp\/v2\/product_cat?post=10692"},{"taxonomy":"product_tag","embeddable":true,"href":"https:\/\/ceoparts.com\/es\/wp-json\/wp\/v2\/product_tag?post=10692"}],"curies":[{"name":"wp","href":"https:\/\/api.w.org\/{rel}","templated":true}]}}