{"id":10714,"date":"2024-09-23T14:58:48","date_gmt":"2024-09-23T11:58:48","guid":{"rendered":"https:\/\/ceoparts.com\/?post_type=product&#038;p=10714"},"modified":"2026-05-16T15:00:12","modified_gmt":"2026-05-16T12:00:12","slug":"linde-denge-mekanizma-3724560301","status":"publish","type":"product","link":"https:\/\/ceoparts.com\/es\/urun\/linde-denge-mekanizma-3724560301\/","title":{"rendered":"Mecanismo de equilibrio Linde T20AP \/ T20SP (Sin ruedas) &#8211; 3724560301"},"content":{"rendered":"<p>Mecanismo de equilibrio Linde T20AP \/ T20SP (Sin ruedas) &#8211; 3724560301<\/p>\n<p>132\u00a0N20\/N24\/N20L\/N20LI<br \/>\n132\u00a0N20\/N24\/N20L\/N20LI<br \/>\n133\u00a0L12\/L14-L12L\/L14L-L12LHP<br \/>\n140\u00a0T20R<br \/>\n144\u00a0T20S\/T20SF<br \/>\n372\u00a0L14\/16\/L14AP\/16AP<\/p>","protected":false},"excerpt":{"rendered":"<p data-start=\"0\" data-end=\"338\"><br data-start=\"4103\" data-end=\"4106\" \/>El Mecanismo de equilibrio Linde T20AP \/ T20SP es un sistema sin ruedas especialmente dise\u00f1ado para transpaletas y apiladores Linde T20AP y T20SP. Mantiene la estabilidad de la m\u00e1quina durante la manipulaci\u00f3n de cargas y maniobras, reduciendo vibraciones y desequilibrios. Construido con cuerpo met\u00e1lico resistente, ideal para condiciones exigentes.<\/p>\n<p data-start=\"4457\" data-end=\"4800\" data-is-last-node=\"\" data-is-only-node=\"\"><strong data-start=\"4457\" data-end=\"4477\">Caracter\u00edsticas:<\/strong><br data-start=\"4477\" data-end=\"4480\" \/><strong data-start=\"4480\" data-end=\"4504\">Nombre del producto:<\/strong> Mecanismo de equilibrio Linde T20AP \/ T20SP (Sin ruedas)<br data-start=\"4561\" data-end=\"4564\" \/><strong data-start=\"4564\" data-end=\"4584\">C\u00f3digo de pieza:<\/strong> 3724560301<br data-start=\"4595\" data-end=\"4598\" \/><strong data-start=\"4598\" data-end=\"4611\">Material:<\/strong> Aleaci\u00f3n met\u00e1lica duradera<br data-start=\"4638\" data-end=\"4641\" \/><strong data-start=\"4641\" data-end=\"4664\">\u00c1rea de aplicaci\u00f3n:<\/strong> Transpaletas y apiladores Linde T20AP, T20SP<br data-start=\"4709\" data-end=\"4712\" \/><strong data-start=\"4712\" data-end=\"4724\">Ventaja:<\/strong> Estabilidad de carga, larga vida \u00fatil, estructura robusta, operaci\u00f3n segura<\/p>\n","protected":false},"featured_media":13857,"template":"","meta":[],"product_brand":[],"product_cat":[246,247,420,425],"product_tag":[],"class_list":{"0":"post-10714","1":"product","2":"type-product","3":"status-publish","4":"has-post-thumbnail","6":"product_cat-linde","7":"product_cat-denge-tekeri-linde","8":"product_cat-denge-mekanizmalar","9":"product_cat-linde-denge-mekanizma","11":"first","12":"instock","13":"taxable","14":"shipping-taxable","15":"purchasable","16":"product-type-simple"},"_links":{"self":[{"href":"https:\/\/ceoparts.com\/es\/wp-json\/wp\/v2\/product\/10714","targetHints":{"allow":["GET"]}}],"collection":[{"href":"https:\/\/ceoparts.com\/es\/wp-json\/wp\/v2\/product"}],"about":[{"href":"https:\/\/ceoparts.com\/es\/wp-json\/wp\/v2\/types\/product"}],"wp:featuredmedia":[{"embeddable":true,"href":"https:\/\/ceoparts.com\/es\/wp-json\/wp\/v2\/media\/13857"}],"wp:attachment":[{"href":"https:\/\/ceoparts.com\/es\/wp-json\/wp\/v2\/media?parent=10714"}],"wp:term":[{"taxonomy":"product_brand","embeddable":true,"href":"https:\/\/ceoparts.com\/es\/wp-json\/wp\/v2\/product_brand?post=10714"},{"taxonomy":"product_cat","embeddable":true,"href":"https:\/\/ceoparts.com\/es\/wp-json\/wp\/v2\/product_cat?post=10714"},{"taxonomy":"product_tag","embeddable":true,"href":"https:\/\/ceoparts.com\/es\/wp-json\/wp\/v2\/product_tag?post=10714"}],"curies":[{"name":"wp","href":"https:\/\/api.w.org\/{rel}","templated":true}]}}