{"id":10726,"date":"2024-09-23T15:39:32","date_gmt":"2024-09-23T12:39:32","guid":{"rendered":"https:\/\/ceoparts.com\/?post_type=product&#038;p=10726"},"modified":"2026-05-16T19:54:14","modified_gmt":"2026-05-16T16:54:14","slug":"140x54-jungheinrich-denge-mekanizma","status":"publish","type":"product","link":"https:\/\/ceoparts.com\/es\/urun\/140x54-jungheinrich-denge-mekanizma\/","title":{"rendered":"140&#215;54 Still EXV 12 Mecanismo de equilibrio &#8211; 4499776"},"content":{"rendered":"<p>140&#215;54 Still EXV 12 Mecanismo de equilibrio &#8211; 4499776<\/p>","protected":false},"excerpt":{"rendered":"<article class=\"text-token-text-primary w-full\" dir=\"auto\" data-testid=\"conversation-turn-283\" data-scroll-anchor=\"true\">\n<div class=\"text-base my-auto mx-auto py-5 [--thread-content-margin:--spacing(4)] @[37rem]:[--thread-content-margin:--spacing(6)] @[72rem]:[--thread-content-margin:--spacing(16)] px-(--thread-content-margin)\">\n<div class=\"[--thread-content-max-width:32rem] @[34rem]:[--thread-content-max-width:40rem] @[64rem]:[--thread-content-max-width:48rem] mx-auto flex max-w-(--thread-content-max-width) flex-1 text-base gap-4 md:gap-5 lg:gap-6 group\/turn-messages focus-visible:outline-hidden\" tabindex=\"-1\">\n<div class=\"group\/conversation-turn relative flex w-full min-w-0 flex-col agent-turn\">\n<div class=\"relative flex-col gap-1 md:gap-3\">\n<div class=\"flex max-w-full flex-col grow\">\n<div class=\"min-h-8 text-message relative flex w-full flex-col items-end gap-2 text-start break-words whitespace-normal [.text-message+&amp;]:mt-5\" dir=\"auto\" data-message-author-role=\"assistant\" data-message-id=\"21dcdb68-ba4f-456a-b1af-1b5a76e7c2ef\" data-message-model-slug=\"gpt-4o\">\n<div class=\"flex w-full flex-col gap-1 empty:hidden first:pt-[3px]\">\n<div class=\"markdown prose dark:prose-invert w-full break-words light\">\n<p data-start=\"0\" data-end=\"295\"><br data-start=\"3561\" data-end=\"3564\" \/>El Mecanismo de equilibrio Still EXV 12 es un sistema sin ruedas dise\u00f1ado especialmente para modelos de apiladores EXV 12. Mantiene la estabilidad de la m\u00e1quina durante el transporte de carga y permite una operaci\u00f3n segura. Su estructura met\u00e1lica resistente est\u00e1 dise\u00f1ada para trabajos pesados.<\/p>\n<p data-start=\"3860\" data-end=\"4174\" data-is-last-node=\"\" data-is-only-node=\"\"><strong data-start=\"3860\" data-end=\"3880\">Caracter\u00edsticas:<\/strong><br data-start=\"3880\" data-end=\"3883\" \/><strong data-start=\"3883\" data-end=\"3907\">Nombre del producto:<\/strong> Mecanismo de equilibrio Still EXV 12 (Sin ruedas)<br data-start=\"3957\" data-end=\"3960\" \/><strong data-start=\"3960\" data-end=\"3980\">C\u00f3digo de pieza:<\/strong> 4499776<br data-start=\"3988\" data-end=\"3991\" \/><strong data-start=\"3991\" data-end=\"4004\">Material:<\/strong> Aleaci\u00f3n met\u00e1lica duradera<br data-start=\"4031\" data-end=\"4034\" \/><strong data-start=\"4034\" data-end=\"4057\">\u00c1rea de aplicaci\u00f3n:<\/strong> Sistema de equilibrio para apilador Still EXV 12<br data-start=\"4106\" data-end=\"4109\" \/><strong data-start=\"4109\" data-end=\"4121\">Ventaja:<\/strong> Estabilidad de carga, estructura robusta, uso seguro<\/p>\n<\/div>\n<\/div>\n<\/div>\n<\/div>\n<\/div>\n<\/div>\n<\/div>\n<\/div>\n<\/article>\n","protected":false},"featured_media":13806,"template":"","meta":[],"product_brand":[],"product_cat":[236,241,420,422,524],"product_tag":[],"class_list":{"0":"post-10726","1":"product","2":"type-product","3":"status-publish","4":"has-post-thumbnail","6":"product_cat-jungheinrich","7":"product_cat-still","8":"product_cat-denge-mekanizmalar","9":"product_cat-jungheinrich-denge-mekanizma","10":"product_cat-yedek-parca-still","12":"first","13":"instock","14":"taxable","15":"shipping-taxable","16":"purchasable","17":"product-type-simple"},"_links":{"self":[{"href":"https:\/\/ceoparts.com\/es\/wp-json\/wp\/v2\/product\/10726","targetHints":{"allow":["GET"]}}],"collection":[{"href":"https:\/\/ceoparts.com\/es\/wp-json\/wp\/v2\/product"}],"about":[{"href":"https:\/\/ceoparts.com\/es\/wp-json\/wp\/v2\/types\/product"}],"wp:featuredmedia":[{"embeddable":true,"href":"https:\/\/ceoparts.com\/es\/wp-json\/wp\/v2\/media\/13806"}],"wp:attachment":[{"href":"https:\/\/ceoparts.com\/es\/wp-json\/wp\/v2\/media?parent=10726"}],"wp:term":[{"taxonomy":"product_brand","embeddable":true,"href":"https:\/\/ceoparts.com\/es\/wp-json\/wp\/v2\/product_brand?post=10726"},{"taxonomy":"product_cat","embeddable":true,"href":"https:\/\/ceoparts.com\/es\/wp-json\/wp\/v2\/product_cat?post=10726"},{"taxonomy":"product_tag","embeddable":true,"href":"https:\/\/ceoparts.com\/es\/wp-json\/wp\/v2\/product_tag?post=10726"}],"curies":[{"name":"wp","href":"https:\/\/api.w.org\/{rel}","templated":true}]}}