{"id":10763,"date":"2024-09-23T16:46:03","date_gmt":"2024-09-23T13:46:03","guid":{"rendered":"https:\/\/ceoparts.com\/?post_type=product&#038;p=10763"},"modified":"2026-05-16T15:01:57","modified_gmt":"2026-05-16T12:01:57","slug":"jungheinrich-denge-mekanizmasi-takim","status":"publish","type":"product","link":"https:\/\/ceoparts.com\/es\/urun\/jungheinrich-denge-mekanizmasi-takim\/","title":{"rendered":"140&#215;54 Still EXV 12 Equipo del mecanismo de equilibrio &#8211; 50024505511"},"content":{"rendered":"<p>140&#215;54 Still EXV 12 Equipo del mecanismo de equilibrio &#8211; 50024505511<\/p>","protected":false},"excerpt":{"rendered":"<p data-start=\"0\" data-end=\"282\"><br data-start=\"3381\" data-end=\"3384\" \/>El Mecanismo de equilibrio 140\u00d754 Still EXV 12 est\u00e1 dise\u00f1ado para los modelos de apiladores Still EXV 12. Asegura el equilibrio de la carretilla y mejora la estabilidad durante la manipulaci\u00f3n de cargas. Fabricado en material resistente al desgaste.<\/p>\n<p data-start=\"3635\" data-end=\"3952\" data-is-last-node=\"\" data-is-only-node=\"\"><strong data-start=\"3635\" data-end=\"3655\">Caracter\u00edsticas:<\/strong><br data-start=\"3655\" data-end=\"3658\" \/><strong data-start=\"3658\" data-end=\"3682\">Nombre del producto:<\/strong> Mecanismo de equilibrio 140\u00d754 Still EXV 12<br data-start=\"3726\" data-end=\"3729\" \/><strong data-start=\"3729\" data-end=\"3749\">C\u00f3digo de pieza:<\/strong> 50024505511<br data-start=\"3761\" data-end=\"3764\" \/><strong data-start=\"3764\" data-end=\"3777\">Material:<\/strong> Aleaci\u00f3n met\u00e1lica duradera<br data-start=\"3804\" data-end=\"3807\" \/><strong data-start=\"3807\" data-end=\"3830\">\u00c1rea de aplicaci\u00f3n:<\/strong> Sistema de equilibrio para apiladores Still EXV 12<br data-start=\"3881\" data-end=\"3884\" \/><strong data-start=\"3884\" data-end=\"3896\">Ventaja:<\/strong> Estabilidad de carga, alta resistencia, larga vida \u00fatil<\/p>\n","protected":false},"featured_media":13808,"template":"","meta":[],"product_brand":[],"product_cat":[422,241,242,420],"product_tag":[],"class_list":{"0":"post-10763","1":"product","2":"type-product","3":"status-publish","4":"has-post-thumbnail","6":"product_cat-jungheinrich-denge-mekanizma","7":"product_cat-still","8":"product_cat-denge-tekeri-still","9":"product_cat-denge-mekanizmalar","11":"first","12":"instock","13":"taxable","14":"shipping-taxable","15":"purchasable","16":"product-type-simple"},"_links":{"self":[{"href":"https:\/\/ceoparts.com\/es\/wp-json\/wp\/v2\/product\/10763","targetHints":{"allow":["GET"]}}],"collection":[{"href":"https:\/\/ceoparts.com\/es\/wp-json\/wp\/v2\/product"}],"about":[{"href":"https:\/\/ceoparts.com\/es\/wp-json\/wp\/v2\/types\/product"}],"wp:featuredmedia":[{"embeddable":true,"href":"https:\/\/ceoparts.com\/es\/wp-json\/wp\/v2\/media\/13808"}],"wp:attachment":[{"href":"https:\/\/ceoparts.com\/es\/wp-json\/wp\/v2\/media?parent=10763"}],"wp:term":[{"taxonomy":"product_brand","embeddable":true,"href":"https:\/\/ceoparts.com\/es\/wp-json\/wp\/v2\/product_brand?post=10763"},{"taxonomy":"product_cat","embeddable":true,"href":"https:\/\/ceoparts.com\/es\/wp-json\/wp\/v2\/product_cat?post=10763"},{"taxonomy":"product_tag","embeddable":true,"href":"https:\/\/ceoparts.com\/es\/wp-json\/wp\/v2\/product_tag?post=10763"}],"curies":[{"name":"wp","href":"https:\/\/api.w.org\/{rel}","templated":true}]}}