{"id":10776,"date":"2024-09-23T17:14:16","date_gmt":"2024-09-23T14:14:16","guid":{"rendered":"https:\/\/ceoparts.com\/?post_type=product&#038;p=10776"},"modified":"2026-05-16T18:21:10","modified_gmt":"2026-05-16T15:21:10","slug":"wicke-denge-mekanizmasi-takim","status":"publish","type":"product","link":"https:\/\/ceoparts.com\/es\/urun\/wicke-denge-mekanizmasi-takim\/","title":{"rendered":"Mecanismo de equilibrio universal"},"content":{"rendered":"<p>Mecanismo de equilibrio universal<\/p>","protected":false},"excerpt":{"rendered":"<p data-start=\"0\" data-end=\"249\"><br data-start=\"3675\" data-end=\"3678\" \/>Mecanismo de equilibrio universal es un mecanismo de equilibrio compatible universalmente utilizado en diversas carretillas elevadoras y maquinaria de construcci\u00f3n. Mantiene el equilibrio de la carga y mejora la estabilidad de la m\u00e1quina. Fabricado con materiales duraderos, ofrece una larga vida \u00fatil.<\/p>\n<p data-start=\"3982\" data-end=\"4347\" data-is-last-node=\"\" data-is-only-node=\"\"><strong data-start=\"3982\" data-end=\"4002\">Caracter\u00edsticas:<\/strong><br data-start=\"4002\" data-end=\"4005\" \/><strong data-start=\"4005\" data-end=\"4029\">Nombre del producto:<\/strong> Mecanismo de equilibrio universal<br data-start=\"4063\" data-end=\"4066\" \/><strong data-start=\"4066\" data-end=\"4086\">C\u00f3digo de pieza:<\/strong> No especificado<br data-start=\"4102\" data-end=\"4105\" \/><strong data-start=\"4105\" data-end=\"4118\">Material:<\/strong> Aleaci\u00f3n met\u00e1lica duradera<br data-start=\"4145\" data-end=\"4148\" \/><strong data-start=\"4148\" data-end=\"4171\">\u00c1rea de aplicaci\u00f3n:<\/strong> Mecanismo de equilibrio para carretillas elevadoras y maquinaria de construcci\u00f3n<br data-start=\"4252\" data-end=\"4255\" \/><strong data-start=\"4255\" data-end=\"4267\">Ventaja:<\/strong> Compatibilidad universal, estabilidad de la carga, durabilidad, larga vida \u00fatil<\/p>\n","protected":false},"featured_media":13829,"template":"","meta":[],"product_brand":[],"product_cat":[420],"product_tag":[],"class_list":{"0":"post-10776","1":"product","2":"type-product","3":"status-publish","4":"has-post-thumbnail","6":"product_cat-denge-mekanizmalar","8":"first","9":"instock","10":"taxable","11":"shipping-taxable","12":"purchasable","13":"product-type-simple"},"_links":{"self":[{"href":"https:\/\/ceoparts.com\/es\/wp-json\/wp\/v2\/product\/10776","targetHints":{"allow":["GET"]}}],"collection":[{"href":"https:\/\/ceoparts.com\/es\/wp-json\/wp\/v2\/product"}],"about":[{"href":"https:\/\/ceoparts.com\/es\/wp-json\/wp\/v2\/types\/product"}],"wp:featuredmedia":[{"embeddable":true,"href":"https:\/\/ceoparts.com\/es\/wp-json\/wp\/v2\/media\/13829"}],"wp:attachment":[{"href":"https:\/\/ceoparts.com\/es\/wp-json\/wp\/v2\/media?parent=10776"}],"wp:term":[{"taxonomy":"product_brand","embeddable":true,"href":"https:\/\/ceoparts.com\/es\/wp-json\/wp\/v2\/product_brand?post=10776"},{"taxonomy":"product_cat","embeddable":true,"href":"https:\/\/ceoparts.com\/es\/wp-json\/wp\/v2\/product_cat?post=10776"},{"taxonomy":"product_tag","embeddable":true,"href":"https:\/\/ceoparts.com\/es\/wp-json\/wp\/v2\/product_tag?post=10776"}],"curies":[{"name":"wp","href":"https:\/\/api.w.org\/{rel}","templated":true}]}}