{"id":10833,"date":"2024-09-24T10:23:03","date_gmt":"2024-09-24T07:23:03","guid":{"rendered":"https:\/\/ceoparts.com\/?post_type=product&#038;p=10833"},"modified":"2026-05-16T17:05:42","modified_gmt":"2026-05-16T14:05:42","slug":"wicke-ucgen-denge-mekanizma-takim","status":"publish","type":"product","link":"https:\/\/ceoparts.com\/es\/urun\/wicke-ucgen-denge-mekanizma-takim\/","title":{"rendered":"Mecanismo de equilibrio BT Wicke Vulkollan Toyota LPE\/SPE &#8211; 7611200"},"content":{"rendered":"<p>Mecanismo de equilibrio BT Wicke Vulkollan Toyota LPE\/SPE &#8211; 7611200<\/p>\n<p><\/p>\n<p>BT 7611200 7523193 \u00d8 = 125mm<\/p>\n<p>BT Toyota LPE200 LPE220 LPE250<\/p>\n<p>SPE120L<br \/>\nSPE140L<br \/>\nSPE160L<br \/>\nSPE200D<br \/>\nSPE200L<br \/>\nSWE145L<br \/>\nSWE160L<br \/>\nSWE200L<\/p>","protected":false},"excerpt":{"rendered":"<p data-start=\"0\" data-end=\"325\"><br data-start=\"4177\" data-end=\"4180\" \/>BT Wicke Vulkollan Toyota LPE\/SPE Mecanismo de equilibrio es una pieza de alta calidad utilizada en el sistema de equilibrio de carretillas elevadoras. Fabricada con material Vulkollan duradero, resiste el desgaste y los impactos. Dise\u00f1ada espec\u00edficamente para los modelos Toyota LPE y SPE, mejora la estabilidad de la carga para una operaci\u00f3n segura.<\/p>\n<p data-start=\"4533\" data-end=\"4911\" data-is-last-node=\"\" data-is-only-node=\"\"><strong data-start=\"4533\" data-end=\"4553\">Caracter\u00edsticas:<\/strong><br data-start=\"4553\" data-end=\"4556\" \/><strong data-start=\"4556\" data-end=\"4580\">Nombre del producto:<\/strong> BT Wicke Vulkollan Toyota LPE\/SPE Mecanismo de equilibrio<br data-start=\"4638\" data-end=\"4641\" \/><strong data-start=\"4641\" data-end=\"4661\">C\u00f3digo de pieza:<\/strong> 7611200<br data-start=\"4669\" data-end=\"4672\" \/><strong data-start=\"4672\" data-end=\"4685\">Material:<\/strong> Recubrimiento Vulkollan, cuerpo met\u00e1lico<br data-start=\"4726\" data-end=\"4729\" \/><strong data-start=\"4729\" data-end=\"4752\">\u00c1rea de aplicaci\u00f3n:<\/strong> Mecanismo de equilibrio para carretillas Toyota LPE y SPE<br data-start=\"4810\" data-end=\"4813\" \/><strong data-start=\"4813\" data-end=\"4825\">Ventaja:<\/strong> Alta durabilidad, resistencia a impactos y desgaste, estabilidad mejorada de la carga<\/p>\n","protected":false},"featured_media":13841,"template":"","meta":[],"product_brand":[],"product_cat":[532,251,401,420,424,521,531],"product_tag":[],"class_list":{"0":"post-10833","1":"product","2":"type-product","3":"status-publish","4":"has-post-thumbnail","6":"product_cat-mekanizmalar-wicke","7":"product_cat-bt","8":"product_cat-wicke","9":"product_cat-denge-mekanizmalar","10":"product_cat-wicke-denge-mekanizma","11":"product_cat-toyota","12":"product_cat-mekanizmalar-toyota","14":"first","15":"instock","16":"taxable","17":"shipping-taxable","18":"purchasable","19":"product-type-simple"},"_links":{"self":[{"href":"https:\/\/ceoparts.com\/es\/wp-json\/wp\/v2\/product\/10833","targetHints":{"allow":["GET"]}}],"collection":[{"href":"https:\/\/ceoparts.com\/es\/wp-json\/wp\/v2\/product"}],"about":[{"href":"https:\/\/ceoparts.com\/es\/wp-json\/wp\/v2\/types\/product"}],"wp:featuredmedia":[{"embeddable":true,"href":"https:\/\/ceoparts.com\/es\/wp-json\/wp\/v2\/media\/13841"}],"wp:attachment":[{"href":"https:\/\/ceoparts.com\/es\/wp-json\/wp\/v2\/media?parent=10833"}],"wp:term":[{"taxonomy":"product_brand","embeddable":true,"href":"https:\/\/ceoparts.com\/es\/wp-json\/wp\/v2\/product_brand?post=10833"},{"taxonomy":"product_cat","embeddable":true,"href":"https:\/\/ceoparts.com\/es\/wp-json\/wp\/v2\/product_cat?post=10833"},{"taxonomy":"product_tag","embeddable":true,"href":"https:\/\/ceoparts.com\/es\/wp-json\/wp\/v2\/product_tag?post=10833"}],"curies":[{"name":"wp","href":"https:\/\/api.w.org\/{rel}","templated":true}]}}