{"id":10989,"date":"2024-09-25T15:29:48","date_gmt":"2024-09-25T12:29:48","guid":{"rendered":"https:\/\/ceoparts.com\/?post_type=product&#038;p=10989"},"modified":"2026-05-16T06:17:03","modified_gmt":"2026-05-16T03:17:03","slug":"140x54-frezeli-denge-tekeri","status":"publish","type":"product","link":"https:\/\/ceoparts.com\/es\/urun\/140x54-frezeli-denge-tekeri\/","title":{"rendered":"140&#215;55\/55-23 Rueda de marcha fresada Yale MPC15"},"content":{"rendered":"<p>140&#215;55\/55-23 Rueda de marcha fresada Yale MPC15<\/p>","protected":false},"excerpt":{"rendered":"<p data-start=\"0\" data-end=\"301\"><br data-start=\"4030\" data-end=\"4033\" \/>140\u00d755\/55-23 Rueda de marcha ranurada Yale MPC15 es una rueda duradera utilizada en transpaletas y carretillas elevadoras modelo Yale MPC15. Tiene un di\u00e1metro de 140 mm, ancho de 55 mm y eje de 23 mm. El dise\u00f1o ranurado proporciona alta tracci\u00f3n en el suelo, es resistente al desgaste y ofrece una larga vida \u00fatil.<\/p>\n<p data-start=\"4349\" data-end=\"4719\" data-is-last-node=\"\" data-is-only-node=\"\"><strong data-start=\"4349\" data-end=\"4369\">Caracter\u00edsticas:<\/strong><br data-start=\"4369\" data-end=\"4372\" \/><strong data-start=\"4372\" data-end=\"4396\">Nombre del producto:<\/strong> 140\u00d755\/55-23 Rueda de marcha ranurada Yale MPC15<br data-start=\"4445\" data-end=\"4448\" \/><strong data-start=\"4448\" data-end=\"4468\">C\u00f3digo de pieza:<\/strong> No especificado<br data-start=\"4484\" data-end=\"4487\" \/><strong data-start=\"4487\" data-end=\"4500\">Material:<\/strong> Recubrimiento de goma o poliuretano duradero, n\u00facleo de acero<br data-start=\"4562\" data-end=\"4565\" \/><strong data-start=\"4565\" data-end=\"4588\">\u00c1rea de aplicaci\u00f3n:<\/strong> Rueda de marcha para transpaletas y carretillas Yale MPC15<br data-start=\"4647\" data-end=\"4650\" \/><strong data-start=\"4650\" data-end=\"4662\">Ventaja:<\/strong> Alta tracci\u00f3n, resistencia al desgaste, larga duraci\u00f3n<\/p>\n","protected":false},"featured_media":10993,"template":"","meta":[],"product_brand":[],"product_cat":[193],"product_tag":[],"class_list":{"0":"post-10989","1":"product","2":"type-product","3":"status-publish","4":"has-post-thumbnail","6":"product_cat-yuruyus-tekeri","8":"first","9":"instock","10":"taxable","11":"shipping-taxable","12":"purchasable","13":"product-type-simple"},"_links":{"self":[{"href":"https:\/\/ceoparts.com\/es\/wp-json\/wp\/v2\/product\/10989","targetHints":{"allow":["GET"]}}],"collection":[{"href":"https:\/\/ceoparts.com\/es\/wp-json\/wp\/v2\/product"}],"about":[{"href":"https:\/\/ceoparts.com\/es\/wp-json\/wp\/v2\/types\/product"}],"wp:featuredmedia":[{"embeddable":true,"href":"https:\/\/ceoparts.com\/es\/wp-json\/wp\/v2\/media\/10993"}],"wp:attachment":[{"href":"https:\/\/ceoparts.com\/es\/wp-json\/wp\/v2\/media?parent=10989"}],"wp:term":[{"taxonomy":"product_brand","embeddable":true,"href":"https:\/\/ceoparts.com\/es\/wp-json\/wp\/v2\/product_brand?post=10989"},{"taxonomy":"product_cat","embeddable":true,"href":"https:\/\/ceoparts.com\/es\/wp-json\/wp\/v2\/product_cat?post=10989"},{"taxonomy":"product_tag","embeddable":true,"href":"https:\/\/ceoparts.com\/es\/wp-json\/wp\/v2\/product_tag?post=10989"}],"curies":[{"name":"wp","href":"https:\/\/api.w.org\/{rel}","templated":true}]}}