{"id":11053,"date":"2024-10-01T15:02:31","date_gmt":"2024-10-01T12:02:31","guid":{"rendered":"https:\/\/ceoparts.com\/?post_type=product&#038;p=11053"},"modified":"2026-05-16T11:44:40","modified_gmt":"2026-05-16T08:44:40","slug":"300x106-30-wicke-vulkollan-6b-frenli-yuk-tekeri","status":"publish","type":"product","link":"https:\/\/ceoparts.com\/es\/urun\/300x106-30-wicke-vulkollan-6b-frenli-yuk-tekeri\/","title":{"rendered":"300&#215;106-30 Wicke Vulkollan 6B Con Freno Ruedas de carga &#8211; 7578681"},"content":{"rendered":"<p>300&#215;106-30 Wicke Vulkollan 6B Con Freno Ruedas de carga &#8211; 7578681<\/p>","protected":false},"excerpt":{"rendered":"<p data-start=\"0\" data-end=\"396\"><br data-start=\"4677\" data-end=\"4680\" \/>300\u00d7106-30 rueda de carga frenada Wicke Vulkollan 6B es una rueda de alta calidad utilizada en carretillas elevadoras y veh\u00edculos industriales. Tiene un di\u00e1metro de 300 mm, ancho de 106 mm y eje de 30 mm. Equipado con sistema de rodamientos de 6 bolas. El recubrimiento Wicke Vulkollan ofrece alta resistencia al desgaste y elasticidad. El sistema de frenado mejora el control del veh\u00edculo y garantiza seguridad.<\/p>\n<p data-start=\"5094\" data-end=\"5478\" data-is-last-node=\"\" data-is-only-node=\"\"><strong data-start=\"5094\" data-end=\"5114\">Caracter\u00edsticas:<\/strong><br data-start=\"5114\" data-end=\"5117\" \/><strong data-start=\"5117\" data-end=\"5141\">Nombre del producto:<\/strong> 300\u00d7106-30 rueda de carga frenada Wicke Vulkollan 6B<br data-start=\"5194\" data-end=\"5197\" \/><strong data-start=\"5197\" data-end=\"5217\">C\u00f3digo de pieza:<\/strong> 7578681<br data-start=\"5225\" data-end=\"5228\" \/><strong data-start=\"5228\" data-end=\"5241\">Material:<\/strong> Recubrimiento Wicke Vulkollan, cuerpo de acero<br data-start=\"5288\" data-end=\"5291\" \/><strong data-start=\"5291\" data-end=\"5314\">\u00c1rea de aplicaci\u00f3n:<\/strong> Rueda de carga para carretillas elevadoras y veh\u00edculos industriales<br data-start=\"5382\" data-end=\"5385\" \/><strong data-start=\"5385\" data-end=\"5397\">Ventaja:<\/strong> Alta resistencia al desgaste, sistema de frenado, estructura el\u00e1stica y duradera<\/p>\n","protected":false},"featured_media":11057,"template":"","meta":[],"product_brand":[],"product_cat":[405,194],"product_tag":[],"class_list":{"0":"post-11053","1":"product","2":"type-product","3":"status-publish","4":"has-post-thumbnail","6":"product_cat-yuk-tekeri-wicke","7":"product_cat-yuk-tekeri","9":"first","10":"instock","11":"taxable","12":"shipping-taxable","13":"purchasable","14":"product-type-simple"},"_links":{"self":[{"href":"https:\/\/ceoparts.com\/es\/wp-json\/wp\/v2\/product\/11053","targetHints":{"allow":["GET"]}}],"collection":[{"href":"https:\/\/ceoparts.com\/es\/wp-json\/wp\/v2\/product"}],"about":[{"href":"https:\/\/ceoparts.com\/es\/wp-json\/wp\/v2\/types\/product"}],"wp:featuredmedia":[{"embeddable":true,"href":"https:\/\/ceoparts.com\/es\/wp-json\/wp\/v2\/media\/11057"}],"wp:attachment":[{"href":"https:\/\/ceoparts.com\/es\/wp-json\/wp\/v2\/media?parent=11053"}],"wp:term":[{"taxonomy":"product_brand","embeddable":true,"href":"https:\/\/ceoparts.com\/es\/wp-json\/wp\/v2\/product_brand?post=11053"},{"taxonomy":"product_cat","embeddable":true,"href":"https:\/\/ceoparts.com\/es\/wp-json\/wp\/v2\/product_cat?post=11053"},{"taxonomy":"product_tag","embeddable":true,"href":"https:\/\/ceoparts.com\/es\/wp-json\/wp\/v2\/product_tag?post=11053"}],"curies":[{"name":"wp","href":"https:\/\/api.w.org\/{rel}","templated":true}]}}