{"id":11068,"date":"2024-10-01T15:30:21","date_gmt":"2024-10-01T12:30:21","guid":{"rendered":"https:\/\/ceoparts.com\/?post_type=product&#038;p=11068"},"modified":"2026-05-16T10:57:47","modified_gmt":"2026-05-16T07:57:47","slug":"350x106-6b-stellana-yuk-tekeri-7540800-7610264","status":"publish","type":"product","link":"https:\/\/ceoparts.com\/es\/urun\/350x106-6b-stellana-yuk-tekeri-7540800-7610264\/","title":{"rendered":"350&#215;106 6B BT RRE200 Stellana Vulkollan Ruedas de carga &#8211; 7540800"},"content":{"rendered":"<p>350&#215;106 6B BT RRE200 Stellana Vulkollan Ruedas de carga &#8211; 7540800<\/p>\n<p><\/p>\n<p data-start=\"5217\" data-end=\"5612\" data-is-last-node=\"\" data-is-only-node=\"\">\n<table>\n<tbody>\n<tr>\n<td>970920<\/td>\n<td>Vulk Hjul 350\/300\u00d7106<\/td>\n<\/tr>\n<tr>\n<td>963600<\/td>\n<td>Bricka 72,5\/52,5\u00d79,5<\/td>\n<\/tr>\n<tr>\n<td>8037<\/td>\n<td>BUSHING \u00d840\/52\u00d789-14<\/td>\n<\/tr>\n<tr>\n<td>8033<\/td>\n<td>Bricka 52,5\/30,2\u00d710,2<\/td>\n<\/tr>\n<tr>\n<td>7997<\/td>\n<td>Sp\u00e5rring SgH 72<\/td>\n<\/tr>\n<tr>\n<td>101252<\/td>\n<td>Rullager DAC \u00d873\u00d755-40<\/td>\n<\/tr>\n<tr>\n<td>101212<\/td>\n<td>Buntband 4,8\u00d7360 TY528MR<\/td>\n<\/tr>\n<\/tbody>\n<\/table>\n<p>BT RRE200<\/p>","protected":false},"excerpt":{"rendered":"<p data-start=\"0\" data-end=\"408\"><br data-start=\"4772\" data-end=\"4775\" \/>350\u00d7106 6B BT RRE200 rueda de carga Stellana Vulkollan es una rueda altamente duradera utilizada en carretillas elevadoras y veh\u00edculos industriales. Tiene un di\u00e1metro de 350 mm, ancho de 106 mm y est\u00e1 equipada con un sistema de rodamientos de 6 bolas. El recubrimiento Stellana Vulkollan proporciona alta resistencia al desgaste, elasticidad y absorci\u00f3n de vibraciones. Ofrece un rendimiento duradero bajo cargas pesadas y excelente agarre.<\/p>\n<p data-start=\"5217\" data-end=\"5612\" data-is-last-node=\"\" data-is-only-node=\"\"><strong data-start=\"5217\" data-end=\"5237\">Caracter\u00edsticas:<\/strong><br data-start=\"5237\" data-end=\"5240\" \/><strong data-start=\"5240\" data-end=\"5264\">Nombre del producto:<\/strong> 350\u00d7106 6B BT RRE200 rueda de carga Stellana Vulkollan<br data-start=\"5319\" data-end=\"5322\" \/><strong data-start=\"5322\" data-end=\"5342\">C\u00f3digo de pieza:<\/strong> 7540800<br data-start=\"5350\" data-end=\"5353\" \/><strong data-start=\"5353\" data-end=\"5366\">Material:<\/strong> Recubrimiento Stellana Vulkollan, cuerpo de acero<br data-start=\"5416\" data-end=\"5419\" \/><strong data-start=\"5419\" data-end=\"5442\">\u00c1rea de aplicaci\u00f3n:<\/strong> Rueda de carga para carretillas elevadoras y veh\u00edculos industriales<br data-start=\"5510\" data-end=\"5513\" \/><strong data-start=\"5513\" data-end=\"5525\">Ventaja:<\/strong> Alta resistencia al desgaste, absorci\u00f3n de vibraciones, estructura el\u00e1stica y duradera<\/p>\n","protected":false},"featured_media":11073,"template":"","meta":[],"product_brand":[],"product_cat":[251,255,416,419,194],"product_tag":[],"class_list":{"0":"post-11068","1":"product","2":"type-product","3":"status-publish","4":"has-post-thumbnail","6":"product_cat-bt","7":"product_cat-yuk-tekeri-bt","8":"product_cat-stellana","9":"product_cat-yuk-tekeri-stellana","10":"product_cat-yuk-tekeri","12":"first","13":"instock","14":"taxable","15":"shipping-taxable","16":"purchasable","17":"product-type-simple"},"_links":{"self":[{"href":"https:\/\/ceoparts.com\/es\/wp-json\/wp\/v2\/product\/11068","targetHints":{"allow":["GET"]}}],"collection":[{"href":"https:\/\/ceoparts.com\/es\/wp-json\/wp\/v2\/product"}],"about":[{"href":"https:\/\/ceoparts.com\/es\/wp-json\/wp\/v2\/types\/product"}],"wp:featuredmedia":[{"embeddable":true,"href":"https:\/\/ceoparts.com\/es\/wp-json\/wp\/v2\/media\/11073"}],"wp:attachment":[{"href":"https:\/\/ceoparts.com\/es\/wp-json\/wp\/v2\/media?parent=11068"}],"wp:term":[{"taxonomy":"product_brand","embeddable":true,"href":"https:\/\/ceoparts.com\/es\/wp-json\/wp\/v2\/product_brand?post=11068"},{"taxonomy":"product_cat","embeddable":true,"href":"https:\/\/ceoparts.com\/es\/wp-json\/wp\/v2\/product_cat?post=11068"},{"taxonomy":"product_tag","embeddable":true,"href":"https:\/\/ceoparts.com\/es\/wp-json\/wp\/v2\/product_tag?post=11068"}],"curies":[{"name":"wp","href":"https:\/\/api.w.org\/{rel}","templated":true}]}}