{"id":11074,"date":"2024-10-01T15:38:20","date_gmt":"2024-10-01T12:38:20","guid":{"rendered":"https:\/\/ceoparts.com\/?post_type=product&#038;p=11074"},"modified":"2026-05-16T12:10:21","modified_gmt":"2026-05-16T09:10:21","slug":"370x165-60-stellana-vulkollan-yuk-tekeri","status":"publish","type":"product","link":"https:\/\/ceoparts.com\/es\/urun\/370x165-60-stellana-vulkollan-yuk-tekeri\/","title":{"rendered":"370&#215;165-60 Stellana Vulkollan Ruedas de carga &#8211; 8429655 , 0009903903"},"content":{"rendered":"<p>370&#215;165-60 Stellana Vulkollan Ruedas de carga &#8211; 8429655 , 0009903903<\/p>","protected":false},"excerpt":{"rendered":"<p data-start=\"0\" data-end=\"441\"><br data-start=\"4926\" data-end=\"4929\" \/>370\u00d7165-60 rueda de carga Stellana Vulkollan es una rueda altamente duradera utilizada en carretillas elevadoras y veh\u00edculos industriales. Con un di\u00e1metro de 370 mm, ancho de 165 mm y eje de 60 mm, esta rueda est\u00e1 fabricada con material Stellana Vulkollan. El recubrimiento Vulkollan proporciona alta resistencia al desgaste, elasticidad y absorci\u00f3n de vibraciones. Ofrece un rendimiento duradero incluso bajo cargas pesadas y asegura un excelente agarre.<\/p>\n<p data-start=\"5386\" data-end=\"5783\" data-is-last-node=\"\" data-is-only-node=\"\"><strong data-start=\"5386\" data-end=\"5406\">Caracter\u00edsticas:<\/strong><br data-start=\"5406\" data-end=\"5409\" \/><strong data-start=\"5409\" data-end=\"5433\">Nombre del producto:<\/strong> 370\u00d7165-60 rueda de carga Stellana Vulkollan<br data-start=\"5478\" data-end=\"5481\" \/><strong data-start=\"5481\" data-end=\"5501\">C\u00f3digo de pieza:<\/strong> 8429655, 0009903903<br data-start=\"5521\" data-end=\"5524\" \/><strong data-start=\"5524\" data-end=\"5537\">Material:<\/strong> Recubrimiento Stellana Vulkollan, cuerpo de acero<br data-start=\"5587\" data-end=\"5590\" \/><strong data-start=\"5590\" data-end=\"5613\">\u00c1rea de aplicaci\u00f3n:<\/strong> Rueda de carga para carretillas elevadoras y veh\u00edculos industriales<br data-start=\"5681\" data-end=\"5684\" \/><strong data-start=\"5684\" data-end=\"5696\">Ventaja:<\/strong> Alta resistencia al desgaste, absorci\u00f3n de vibraciones, estructura el\u00e1stica y duradera<\/p>\n","protected":false},"featured_media":11075,"template":"","meta":[],"product_brand":[],"product_cat":[416,419,194],"product_tag":[],"class_list":{"0":"post-11074","1":"product","2":"type-product","3":"status-publish","4":"has-post-thumbnail","6":"product_cat-stellana","7":"product_cat-yuk-tekeri-stellana","8":"product_cat-yuk-tekeri","10":"first","11":"instock","12":"taxable","13":"shipping-taxable","14":"purchasable","15":"product-type-simple"},"_links":{"self":[{"href":"https:\/\/ceoparts.com\/es\/wp-json\/wp\/v2\/product\/11074","targetHints":{"allow":["GET"]}}],"collection":[{"href":"https:\/\/ceoparts.com\/es\/wp-json\/wp\/v2\/product"}],"about":[{"href":"https:\/\/ceoparts.com\/es\/wp-json\/wp\/v2\/types\/product"}],"wp:featuredmedia":[{"embeddable":true,"href":"https:\/\/ceoparts.com\/es\/wp-json\/wp\/v2\/media\/11075"}],"wp:attachment":[{"href":"https:\/\/ceoparts.com\/es\/wp-json\/wp\/v2\/media?parent=11074"}],"wp:term":[{"taxonomy":"product_brand","embeddable":true,"href":"https:\/\/ceoparts.com\/es\/wp-json\/wp\/v2\/product_brand?post=11074"},{"taxonomy":"product_cat","embeddable":true,"href":"https:\/\/ceoparts.com\/es\/wp-json\/wp\/v2\/product_cat?post=11074"},{"taxonomy":"product_tag","embeddable":true,"href":"https:\/\/ceoparts.com\/es\/wp-json\/wp\/v2\/product_tag?post=11074"}],"curies":[{"name":"wp","href":"https:\/\/api.w.org\/{rel}","templated":true}]}}