{"id":11078,"date":"2024-10-01T15:57:54","date_gmt":"2024-10-01T12:57:54","guid":{"rendered":"https:\/\/ceoparts.com\/?post_type=product&#038;p=11078"},"modified":"2026-05-02T18:10:24","modified_gmt":"2026-05-02T15:10:24","slug":"200x140x100-75stellana-yuk-tekeri","status":"publish","type":"product","link":"https:\/\/ceoparts.com\/es\/urun\/200x140x100-75stellana-yuk-tekeri\/","title":{"rendered":"200\/140&#215;100-75 Stellana Rueda de carga &#8211; 63187820"},"content":{"rendered":"<p>200\/140&#215;100-75 Stellana Rueda de carga &#8211; 63187820<\/p>","protected":false},"excerpt":{"rendered":"<p data-start=\"0\" data-end=\"391\"><br data-start=\"4663\" data-end=\"4666\" \/>200\/140\u00d7100-75 rueda de carga Stellana es una rueda duradera y de alto rendimiento utilizada en carretillas elevadoras y veh\u00edculos industriales. Cuenta con un di\u00e1metro exterior de 200 mm, di\u00e1metro interior de 140 mm, ancho de 100 mm y eje de 75 mm. El recubrimiento de poliuretano Stellana ofrece alta resistencia al desgaste y propiedades antideslizantes. Proporciona conducci\u00f3n estable incluso bajo cargas pesadas y tiene una larga vida \u00fatil.<\/p>\n<p data-start=\"5112\" data-end=\"5491\" data-is-last-node=\"\" data-is-only-node=\"\"><strong data-start=\"5112\" data-end=\"5132\">Caracter\u00edsticas:<\/strong><br data-start=\"5132\" data-end=\"5135\" \/><strong data-start=\"5135\" data-end=\"5159\">Nombre del producto:<\/strong> 200\/140\u00d7100-75 rueda de carga Stellana<br data-start=\"5198\" data-end=\"5201\" \/><strong data-start=\"5201\" data-end=\"5221\">C\u00f3digo de pieza:<\/strong> 63187820<br data-start=\"5230\" data-end=\"5233\" \/><strong data-start=\"5233\" data-end=\"5246\">Material:<\/strong> Recubrimiento de poliuretano, cuerpo de acero<br data-start=\"5292\" data-end=\"5295\" \/><strong data-start=\"5295\" data-end=\"5318\">\u00c1rea de aplicaci\u00f3n:<\/strong> Rueda de carga para carretillas elevadoras y veh\u00edculos industriales<br data-start=\"5386\" data-end=\"5389\" \/><strong data-start=\"5389\" data-end=\"5401\">Ventaja:<\/strong> Alta resistencia al desgaste, superficie antideslizante, conducci\u00f3n estable y durabilidad<\/p>\n<h3 data-start=\"836\" data-end=\"860\">Teknik \u00d6zellikler<\/h3>\n<div class=\"_tableContainer_16hzy_1\">\n<div class=\"_tableWrapper_16hzy_14 group flex w-fit flex-col-reverse\" tabindex=\"-1\">\n<table class=\"w-fit min-w-(--thread-content-width)\" data-start=\"862\" data-end=\"1435\">\n<thead data-start=\"862\" data-end=\"923\">\n<tr data-start=\"862\" data-end=\"923\">\n<th data-start=\"862\" data-end=\"886\" data-col-size=\"sm\">\u00d6zellik<\/th>\n<th data-start=\"886\" data-end=\"923\" data-col-size=\"md\">De\u011fer<\/th>\n<\/tr>\n<\/thead>\n<tbody data-start=\"986\" data-end=\"1435\">\n<tr data-start=\"986\" data-end=\"1047\">\n<td data-start=\"986\" data-end=\"1010\" data-col-size=\"sm\">\u00dcr\u00fcn Kodu<\/td>\n<td data-col-size=\"md\" data-start=\"1010\" data-end=\"1047\">63187820<\/td>\n<\/tr>\n<tr data-start=\"1048\" data-end=\"1109\">\n<td data-start=\"1048\" data-end=\"1072\" data-col-size=\"sm\">\u00d6l\u00e7\u00fcler<\/td>\n<td data-col-size=\"md\" data-start=\"1072\" data-end=\"1109\">200\/140\u00d7100-75 mm<\/td>\n<\/tr>\n<tr data-start=\"1110\" data-end=\"1171\">\n<td data-start=\"1110\" data-end=\"1134\" data-col-size=\"sm\">Marka<\/td>\n<td data-col-size=\"md\" data-start=\"1134\" data-end=\"1171\">Stellana<\/td>\n<\/tr>\n<tr data-start=\"1172\" data-end=\"1232\">\n<td data-start=\"1172\" data-end=\"1196\" data-col-size=\"sm\">Malzeme<\/td>\n<td data-col-size=\"md\" data-start=\"1196\" data-end=\"1232\">Poli\u00fcretan kaplamal\u0131 \u00e7elik g\u00f6bek<\/td>\n<\/tr>\n<tr data-start=\"1233\" data-end=\"1298\">\n<td data-start=\"1233\" data-end=\"1257\" data-col-size=\"sm\">Kullan\u0131m Alan\u0131<\/td>\n<td data-col-size=\"md\" data-start=\"1257\" data-end=\"1298\">Forklift, reach truck, istif makinesi<\/td>\n<\/tr>\n<tr data-start=\"1299\" data-end=\"1372\">\n<td data-start=\"1299\" data-end=\"1323\" data-col-size=\"sm\">\u00d6zellik<\/td>\n<td data-col-size=\"md\" data-start=\"1323\" data-end=\"1372\">A\u015f\u0131nmaya dayan\u0131kl\u0131, sessiz \u00e7al\u0131\u015fma, uzun \u00f6m\u00fcr<\/td>\n<\/tr>\n<tr data-start=\"1373\" data-end=\"1435\">\n<td data-start=\"1373\" data-end=\"1397\" data-col-size=\"sm\">Uyumluluk<\/td>\n<td data-col-size=\"md\" data-start=\"1397\" data-end=\"1435\">OEM forklift modelleriyle tam uyum<\/td>\n<\/tr>\n<\/tbody>\n<\/table>\n<\/div>\n<\/div>\n<table dir=\"ltr\" border=\"0\" width=\"270\" cellspacing=\"0\" cellpadding=\"2\">\n<tbody>\n<tr>\n<td width=\"59%\" height=\"19\">\n<p align=\"left\"><span style=\"font-family: tim;\">ETM\/V 114<\/span><\/p>\n<\/td>\n<td width=\"41%\" height=\"19\">\n<p align=\"left\"><span style=\"font-family: tim;\">4.99 &#8211; 12.05<\/span><\/p>\n<\/td>\n<\/tr>\n<tr>\n<td width=\"59%\" height=\"19\">\n<p align=\"left\"><span style=\"font-family: tim;\">ETM\/V 110\/112<\/span><\/p>\n<\/td>\n<td width=\"41%\" height=\"19\">\n<p align=\"left\"><span style=\"font-family: tim;\">4.99 &#8211; 12.05<\/span><\/p>\n<\/td>\n<\/tr>\n<tr>\n<td width=\"59%\" height=\"19\">\n<p align=\"left\"><span style=\"font-family: tim;\">ETM\/V 10\/12<\/span><\/p>\n<\/td>\n<td width=\"41%\" height=\"19\">\n<p align=\"left\"><span style=\"font-family: tim;\">5.90 &#8211; 8.90<\/span><\/p>\n<\/td>\n<\/tr>\n<tr>\n<td width=\"59%\" height=\"19\">\n<p align=\"left\"><span style=\"font-family: tim;\">ETM\/V 10\/12<\/span><\/p>\n<\/td>\n<td width=\"41%\" height=\"19\">\n<p align=\"left\"><span style=\"font-family: tim;\">6.94 &#8211; 12.94<\/span><\/p>\n<\/td>\n<\/tr>\n<tr>\n<td width=\"59%\" height=\"19\">\n<p align=\"left\"><span style=\"font-family: tim;\">ETM\/V 10\/12<\/span><\/p>\n<\/td>\n<td width=\"41%\" height=\"19\">\n<p align=\"left\"><span style=\"font-family: tim;\">9.90 &#8211; 12.91<\/span><\/p>\n<\/td>\n<\/tr>\n<tr>\n<td width=\"59%\" height=\"19\">\n<p align=\"left\"><span style=\"font-family: tim;\">ETM\/V 10\/12<\/span><\/p>\n<\/td>\n<td width=\"41%\" height=\"19\">\n<p align=\"left\"><span style=\"font-family: tim;\">1.92 &#8211; 5.93<\/span><\/p>\n<\/td>\n<\/tr>\n<tr>\n<td width=\"59%\" height=\"19\">\n<p align=\"left\"><span style=\"font-family: tim;\">ETM\/V 10\/12<\/span><\/p>\n<\/td>\n<td width=\"41%\" height=\"19\">\n<p align=\"left\"><span style=\"font-family: tim;\">12.88 &#8211; 4.90<\/span><\/p>\n<\/td>\n<\/tr>\n<tr>\n<td width=\"59%\" height=\"19\">\n<p align=\"left\"><span style=\"font-family: tim;\">ETM\/V 10\/12<\/span><\/p>\n<\/td>\n<td width=\"41%\" height=\"19\">\n<p align=\"left\"><span style=\"font-family: tim;\">10.97 &#8211; 3.99<\/span><\/p>\n<\/td>\n<\/tr>\n<tr>\n<td width=\"59%\" height=\"19\">\n<p align=\"left\"><span style=\"font-family: tim;\">ETM\/V 10\/12<\/span><\/p>\n<\/td>\n<td width=\"41%\" height=\"19\">\n<p align=\"left\"><span style=\"font-family: tim;\">6.96 &#8211; 9.97<\/span><\/p>\n<\/td>\n<\/tr>\n<tr>\n<td width=\"59%\" height=\"19\">\n<p align=\"left\"><span style=\"font-family: tim;\">ETM\/V 10\/12<\/span><\/p>\n<\/td>\n<td width=\"41%\" height=\"19\">\n<p align=\"left\"><span style=\"font-family: tim;\">1.95 &#8211; 5.96<\/span><\/p>\n<\/td>\n<\/tr>\n<tr>\n<td width=\"59%\" height=\"19\">\n<p align=\"left\"><span style=\"font-family: tim;\">ESE 420\/430<\/span><\/p>\n<\/td>\n<td width=\"41%\" height=\"19\">\n<p align=\"left\"><span style=\"font-family: tim;\">5.05 &#8211; 7.09<\/span><\/p>\n<\/td>\n<\/tr>\n<tr>\n<td width=\"59%\" height=\"19\">\n<p align=\"left\"><span style=\"font-family: tim;\">EKE 30 48V<\/span><\/p>\n<\/td>\n<td width=\"41%\" height=\"19\">\n<p align=\"left\"><span style=\"font-family: tim;\">8.94 &#8211; 12.98<\/span><\/p>\n<\/td>\n<\/tr>\n<tr>\n<td width=\"59%\" height=\"19\">\n<p align=\"left\"><span style=\"font-family: tim;\">EKE 20\/30, 1Motor<\/span><\/p>\n<\/td>\n<td width=\"41%\" height=\"19\">\n<p align=\"left\"><span style=\"font-family: tim;\">6.04 &#8211; 5.05<\/span><\/p>\n<\/td>\n<\/tr>\n<tr>\n<td width=\"59%\" height=\"19\">\n<p align=\"left\"><span style=\"font-family: tim;\">EKE 20\/30 48V<\/span><\/p>\n<\/td>\n<td width=\"41%\" height=\"19\">\n<p align=\"left\"><span style=\"font-family: tim;\">11.97 &#8211; 5.04<\/span><\/p>\n<\/td>\n<\/tr>\n<tr>\n<td width=\"59%\" height=\"19\">\n<p align=\"left\"><span style=\"font-family: tim;\">EKE 20 L<\/span><\/p>\n<\/td>\n<td width=\"41%\" height=\"19\">\n<p align=\"left\"><span style=\"font-family: tim;\">1.94 &#8211; 4.94<\/span><\/p>\n<\/td>\n<\/tr>\n<tr>\n<td width=\"59%\" height=\"19\">\n<p align=\"left\"><span style=\"font-family: tim;\">EKE 20 48V<\/span><\/p>\n<\/td>\n<td width=\"41%\" height=\"19\">\n<p align=\"left\"><span style=\"font-family: tim;\">8.94 &#8211; 10.97<\/span><\/p>\n<\/td>\n<\/tr>\n<tr>\n<td width=\"59%\" height=\"19\">\n<p align=\"left\"><span style=\"font-family: tim;\">EKD 16\/48V<\/span><\/p>\n<\/td>\n<td width=\"41%\" height=\"19\">\n<p align=\"left\"><span style=\"font-family: tim;\">6.01 &#8211;<\/span><\/p>\n<\/td>\n<\/tr>\n<tr>\n<td width=\"59%\" height=\"19\">\n<p align=\"left\"><span style=\"font-family: tim;\">EKC 12,5 \/ 16 \/ 20<\/span><\/p>\n<\/td>\n<td width=\"41%\" height=\"19\">\n<p align=\"left\"><span style=\"font-family: tim;\">1.91 &#8211; 1.95<\/span><\/p>\n<\/td>\n<\/tr>\n<tr>\n<td width=\"59%\" height=\"19\">\n<p align=\"left\"><span style=\"font-family: tim;\">EKC 12,5 \/ 16<\/span><\/p>\n<\/td>\n<td width=\"41%\" height=\"19\">\n<p align=\"left\"><span style=\"font-family: tim;\">2.95 &#8211; 12.99<\/span><\/p>\n<\/td>\n<\/tr>\n<tr>\n<td width=\"59%\" height=\"19\">\n<p align=\"left\"><span style=\"font-family: tim;\">EKC 12,5<\/span><\/p>\n<\/td>\n<td width=\"41%\" height=\"19\">\n<p align=\"left\"><span style=\"font-family: tim;\">6.86 &#8211; 12.90<\/span><\/p>\n<\/td>\n<\/tr>\n<tr>\n<td width=\"59%\" height=\"19\">\n<p align=\"left\"><span style=\"font-family: tim;\">EJG 06-10<\/span><\/p>\n<\/td>\n<td width=\"41%\" height=\"19\">\n<p align=\"left\"><span style=\"font-family: tim;\">12.04 &#8211;<\/span><\/p>\n<\/td>\n<\/tr>\n<\/tbody>\n<\/table>\n<table dir=\"ltr\" border=\"0\" width=\"270\" cellspacing=\"0\" cellpadding=\"2\">\n<tbody>\n<tr>\n<td width=\"59%\" height=\"19\">\n<p align=\"left\"><span style=\"font-family: tim;\">ETM\/V 114<\/span><\/p>\n<\/td>\n<td width=\"41%\" height=\"19\">\n<p align=\"left\"><span style=\"font-family: tim;\">4.99 &#8211; 12.05<\/span><\/p>\n<\/td>\n<\/tr>\n<tr>\n<td width=\"59%\" height=\"19\">\n<p align=\"left\"><span style=\"font-family: tim;\">ETM\/V 110\/112<\/span><\/p>\n<\/td>\n<td width=\"41%\" height=\"19\">\n<p align=\"left\"><span style=\"font-family: tim;\">4.99 &#8211; 12.05<\/span><\/p>\n<\/td>\n<\/tr>\n<tr>\n<td width=\"59%\" height=\"19\">\n<p align=\"left\"><span style=\"font-family: tim;\">ETM\/V 10\/12<\/span><\/p>\n<\/td>\n<td width=\"41%\" height=\"19\">\n<p align=\"left\"><span style=\"font-family: tim;\">5.90 &#8211; 8.90<\/span><\/p>\n<\/td>\n<\/tr>\n<tr>\n<td width=\"59%\" height=\"19\">\n<p align=\"left\"><span style=\"font-family: tim;\">ETM\/V 10\/12<\/span><\/p>\n<\/td>\n<td width=\"41%\" height=\"19\">\n<p align=\"left\"><span style=\"font-family: tim;\">6.94 &#8211; 12.94<\/span><\/p>\n<\/td>\n<\/tr>\n<tr>\n<td width=\"59%\" height=\"19\">\n<p align=\"left\"><span style=\"font-family: tim;\">ETM\/V 10\/12<\/span><\/p>\n<\/td>\n<td width=\"41%\" height=\"19\">\n<p align=\"left\"><span style=\"font-family: tim;\">9.90 &#8211; 12.91<\/span><\/p>\n<\/td>\n<\/tr>\n<tr>\n<td width=\"59%\" height=\"19\">\n<p align=\"left\"><span style=\"font-family: tim;\">ETM\/V 10\/12<\/span><\/p>\n<\/td>\n<td width=\"41%\" height=\"19\">\n<p align=\"left\"><span style=\"font-family: tim;\">1.92 &#8211; 5.93<\/span><\/p>\n<\/td>\n<\/tr>\n<tr>\n<td width=\"59%\" height=\"19\">\n<p align=\"left\"><span style=\"font-family: tim;\">ETM\/V 10\/12<\/span><\/p>\n<\/td>\n<td width=\"41%\" height=\"19\">\n<p align=\"left\"><span style=\"font-family: tim;\">12.88 &#8211; 4.90<\/span><\/p>\n<\/td>\n<\/tr>\n<tr>\n<td width=\"59%\" height=\"19\">\n<p align=\"left\"><span style=\"font-family: tim;\">ETM\/V 10\/12<\/span><\/p>\n<\/td>\n<td width=\"41%\" height=\"19\">\n<p align=\"left\"><span style=\"font-family: tim;\">10.97 &#8211; 3.99<\/span><\/p>\n<\/td>\n<\/tr>\n<tr>\n<td width=\"59%\" height=\"19\">\n<p align=\"left\"><span style=\"font-family: tim;\">ETM\/V 10\/12<\/span><\/p>\n<\/td>\n<td width=\"41%\" height=\"19\">\n<p align=\"left\"><span style=\"font-family: tim;\">6.96 &#8211; 9.97<\/span><\/p>\n<\/td>\n<\/tr>\n<tr>\n<td width=\"59%\" height=\"19\">\n<p align=\"left\"><span style=\"font-family: tim;\">ETM\/V 10\/12<\/span><\/p>\n<\/td>\n<td width=\"41%\" height=\"19\">\n<p align=\"left\"><span style=\"font-family: tim;\">1.95 &#8211; 5.96<\/span><\/p>\n<\/td>\n<\/tr>\n<tr>\n<td width=\"59%\" height=\"19\">\n<p align=\"left\"><span style=\"font-family: tim;\">ESE 420\/430<\/span><\/p>\n<\/td>\n<td width=\"41%\" height=\"19\">\n<p align=\"left\"><span style=\"font-family: tim;\">5.05 &#8211; 7.09<\/span><\/p>\n<\/td>\n<\/tr>\n<tr>\n<td width=\"59%\" height=\"19\">\n<p align=\"left\"><span style=\"font-family: tim;\">EKE 30 48V<\/span><\/p>\n<\/td>\n<td width=\"41%\" height=\"19\">\n<p align=\"left\"><span style=\"font-family: tim;\">8.94 &#8211; 12.98<\/span><\/p>\n<\/td>\n<\/tr>\n<tr>\n<td width=\"59%\" height=\"19\">\n<p align=\"left\"><span style=\"font-family: tim;\">EKE 20\/30, 1Motor<\/span><\/p>\n<\/td>\n<td width=\"41%\" height=\"19\">\n<p align=\"left\"><span style=\"font-family: tim;\">6.04 &#8211; 5.05<\/span><\/p>\n<\/td>\n<\/tr>\n<tr>\n<td width=\"59%\" height=\"19\">\n<p align=\"left\"><span style=\"font-family: tim;\">EKE 20\/30 48V<\/span><\/p>\n<\/td>\n<td width=\"41%\" height=\"19\">\n<p align=\"left\"><span style=\"font-family: tim;\">11.97 &#8211; 5.04<\/span><\/p>\n<\/td>\n<\/tr>\n<tr>\n<td width=\"59%\" height=\"19\">\n<p align=\"left\"><span style=\"font-family: tim;\">EKE 20 L<\/span><\/p>\n<\/td>\n<td width=\"41%\" height=\"19\">\n<p align=\"left\"><span style=\"font-family: tim;\">1.94 &#8211; 4.94<\/span><\/p>\n<\/td>\n<\/tr>\n<tr>\n<td width=\"59%\" height=\"19\">\n<p align=\"left\"><span style=\"font-family: tim;\">EKE 20 48V<\/span><\/p>\n<\/td>\n<td width=\"41%\" height=\"19\">\n<p align=\"left\"><span style=\"font-family: tim;\">8.94 &#8211; 10.97<\/span><\/p>\n<\/td>\n<\/tr>\n<tr>\n<td width=\"59%\" height=\"19\">\n<p align=\"left\"><span style=\"font-family: tim;\">EKD 16\/48V<\/span><\/p>\n<\/td>\n<td width=\"41%\" height=\"19\">\n<p align=\"left\"><span style=\"font-family: tim;\">6.01 &#8211;<\/span><\/p>\n<\/td>\n<\/tr>\n<tr>\n<td width=\"59%\" height=\"19\">\n<p align=\"left\"><span style=\"font-family: tim;\">EKC 12,5 \/ 16 \/ 20<\/span><\/p>\n<\/td>\n<td width=\"41%\" height=\"19\">\n<p align=\"left\"><span style=\"font-family: tim;\">1.91 &#8211; 1.95<\/span><\/p>\n<\/td>\n<\/tr>\n<tr>\n<td width=\"59%\" height=\"19\">\n<p align=\"left\"><span style=\"font-family: tim;\">EKC 12,5 \/ 16<\/span><\/p>\n<\/td>\n<td width=\"41%\" height=\"19\">\n<p align=\"left\"><span style=\"font-family: tim;\">2.95 &#8211; 12.99<\/span><\/p>\n<\/td>\n<\/tr>\n<tr>\n<td width=\"59%\" height=\"19\">\n<p align=\"left\"><span style=\"font-family: tim;\">EKC 12,5<\/span><\/p>\n<\/td>\n<td width=\"41%\" height=\"19\">\n<p align=\"left\"><span style=\"font-family: tim;\">6.86 &#8211; 12.90<\/span><\/p>\n<\/td>\n<\/tr>\n<tr>\n<td width=\"59%\" height=\"19\">\n<p align=\"left\"><span style=\"font-family: tim;\">EJG 06-10<\/span><\/p>\n<\/td>\n<td width=\"41%\" height=\"19\">\n<p align=\"left\"><span style=\"font-family: tim;\">12.04 &#8211;<\/span><\/p>\n<\/td>\n<\/tr>\n<\/tbody>\n<\/table>\n","protected":false},"featured_media":11080,"template":"","meta":[],"product_brand":[],"product_cat":[419,194],"product_tag":[],"class_list":{"0":"post-11078","1":"product","2":"type-product","3":"status-publish","4":"has-post-thumbnail","6":"product_cat-yuk-tekeri-stellana","7":"product_cat-yuk-tekeri","9":"first","10":"instock","11":"taxable","12":"shipping-taxable","13":"purchasable","14":"product-type-simple"},"_links":{"self":[{"href":"https:\/\/ceoparts.com\/es\/wp-json\/wp\/v2\/product\/11078","targetHints":{"allow":["GET"]}}],"collection":[{"href":"https:\/\/ceoparts.com\/es\/wp-json\/wp\/v2\/product"}],"about":[{"href":"https:\/\/ceoparts.com\/es\/wp-json\/wp\/v2\/types\/product"}],"wp:featuredmedia":[{"embeddable":true,"href":"https:\/\/ceoparts.com\/es\/wp-json\/wp\/v2\/media\/11080"}],"wp:attachment":[{"href":"https:\/\/ceoparts.com\/es\/wp-json\/wp\/v2\/media?parent=11078"}],"wp:term":[{"taxonomy":"product_brand","embeddable":true,"href":"https:\/\/ceoparts.com\/es\/wp-json\/wp\/v2\/product_brand?post=11078"},{"taxonomy":"product_cat","embeddable":true,"href":"https:\/\/ceoparts.com\/es\/wp-json\/wp\/v2\/product_cat?post=11078"},{"taxonomy":"product_tag","embeddable":true,"href":"https:\/\/ceoparts.com\/es\/wp-json\/wp\/v2\/product_tag?post=11078"}],"curies":[{"name":"wp","href":"https:\/\/api.w.org\/{rel}","templated":true}]}}