{"id":11117,"date":"2024-10-07T14:34:34","date_gmt":"2024-10-07T11:34:34","guid":{"rendered":"https:\/\/ceoparts.com\/?post_type=product&#038;p=11117"},"modified":"2026-05-03T03:12:14","modified_gmt":"2026-05-03T00:12:14","slug":"230x70-45-rota-eski-tip-kanalli-yuruyus-tekeri-0009903819","status":"publish","type":"product","link":"https:\/\/ceoparts.com\/es\/urun\/230x70-45-rota-eski-tip-kanalli-yuruyus-tekeri-0009903819\/","title":{"rendered":"230&#215;70-45 Rota Rueda de caminata canalizada  \u2013 0009903819"},"content":{"rendered":"<p>230&#215;70-45 Rota Rueda de caminata canalizada  \u2013 0009903819<\/p>\n<p>LINDE 0009903819, 0009934071<\/p>\n<p>1151\u00a0T16\/T16P\/T20\/T20P<br \/>\n1152\u00a0T16\/T18\/T20\/T16L<br \/>\n1160\u00a0D06\/D08<br \/>\n1169\u00a0L10\/L12\/L14C<br \/>\n1169\u00a0L10P\/L12P\/L14P<br \/>\n1172\u00a0L10\/L12\/L12i<\/p>\n<p>Still 4359920 4400716<\/p>\n<p>EXU<br \/>\nEXU AC16 (0143, 0150, 0151, 0152)<br \/>\nEXU AC18 (0143, 0150, 0151, 0152)<br \/>\nEXU AC20 (0143, 0150, 0151, 0152)<br \/>\nEXU AC22 (0143, 0150, 0151, 0152)<br \/>\nEXU LINDE USA (0147)<br \/>\nEXU-H (0202)<br \/>\nEXU-H AC (0203)<br \/>\nEXU-H AC Autolift (0161, 0162, 0163)<br \/>\nEXU-SF20 (0160, 0179)<br \/>\nEXU-SF20 09\/2013-&gt;<br \/>\nEXV<br \/>\nEXV10 (4572) 02\/2015-&gt;<br \/>\nEXV10BASIC (4572) 02\/2015-&gt;<br \/>\nEXV12 (4572) 02\/2015-&gt;<br \/>\nEXV12I (4572) 02\/2015-&gt;<br \/>\nEXV14C (4572) 02\/2015-&gt;<br \/>\nEXV14IC (4572) 02\/2015-&gt;<br \/>\nEXVBasic (0251, 0252, 0253, 0254)<br \/>\nEXVBasic (0270, 0271, 0272, 0273) 01\/2013-&gt;<br \/>\nEXD<br \/>\nEXD-SF20 (0260,0261, 0283, 0284)<br \/>\nEXD-SF20 (0283, 0284)<br \/>\nEXD18 (0285, 0286)<br \/>\nEXD20 (0260,0261, 0283, 0284)<br \/>\nEXD20 (0283, 0284)<br \/>\nEGU<br \/>\nEGU 16 (0115, 0117, 0119, 0125)<br \/>\nEGU 18 (0115, 0117, 0119, 0125)<br \/>\nEGU 20 (0115, 0117, 0119, 0125)<br \/>\nEGU 20-S (0115, 0117, 0119, 0125)<br \/>\nEGU-H (0201)<br \/>\nEGU20 (0122)<br \/>\nEGU20S (0123)<br \/>\nEGV<br \/>\nEGV14 (0248,0250)<br \/>\nEGV16 (0248,0250)<br \/>\nLTX<br \/>\nLTX-T04<br \/>\nLTX20<br \/>\nTSD<br \/>\nTSD-SF20<br \/>\nTSD20<br \/>\nEGD<br \/>\nEGD16 (0219)<br \/>\nCL<br \/>\nCL10 Basic (4572) 01\/2013 -&gt;<br \/>\nCL12 Basic (4572) 01\/2013-&gt;<br \/>\nCL12i Basic (4572) 01\/2013-&gt;<\/p>","protected":false},"excerpt":{"rendered":"<p data-start=\"95\" data-end=\"540\"><br data-start=\"4922\" data-end=\"4925\" \/>230\u00d770-45 Rota rueda de marcha ranurada est\u00e1 dise\u00f1ada para carretillas elevadoras y equipos de transporte industrial, ofreciendo alto rendimiento y larga vida \u00fatil. Con un di\u00e1metro de 230 mm, ancho de 70 mm y eje de 45 mm, su estructura ranurada permite una conducci\u00f3n estable y una direcci\u00f3n precisa. El recubrimiento de poliuretano es resistente al desgaste y a la deformaci\u00f3n bajo cargas pesadas. Funcionamiento silencioso y antideslizante.<\/p>\n<p data-start=\"5370\" data-end=\"5780\"><strong data-start=\"5370\" data-end=\"5390\">Caracter\u00edsticas:<\/strong><br data-start=\"5390\" data-end=\"5393\" \/><strong data-start=\"5393\" data-end=\"5417\">Nombre del producto:<\/strong> 230\u00d770-45 Rota rueda de marcha ranurada<br data-start=\"5457\" data-end=\"5460\" \/><strong data-start=\"5460\" data-end=\"5480\">C\u00f3digo de pieza:<\/strong> 0009903819<br data-start=\"5491\" data-end=\"5494\" \/><strong data-start=\"5494\" data-end=\"5507\">Material:<\/strong> Recubrimiento de poliuretano, cuerpo de acero<br data-start=\"5553\" data-end=\"5556\" \/><strong data-start=\"5556\" data-end=\"5579\">\u00c1rea de aplicaci\u00f3n:<\/strong> Rueda de marcha para carretillas elevadoras y equipos de transporte industrial<br data-start=\"5658\" data-end=\"5661\" \/><strong data-start=\"5661\" data-end=\"5673\">Ventaja:<\/strong> Conducci\u00f3n estable con ranuras, alta resistencia al desgaste, funcionamiento silencioso y antideslizante<\/p>\n","protected":false},"featured_media":11121,"template":"","meta":[],"product_brand":[],"product_cat":[241,244,246,249,412,414,193],"product_tag":[],"class_list":{"0":"post-11117","1":"product","2":"type-product","3":"status-publish","4":"has-post-thumbnail","6":"product_cat-still","7":"product_cat-yuruyus-tekeri-still","8":"product_cat-linde","9":"product_cat-yuruyus-tekeri-linde","10":"product_cat-tellure-rota","11":"product_cat-yuruyus-tekeri-rota","12":"product_cat-yuruyus-tekeri","14":"first","15":"instock","16":"taxable","17":"shipping-taxable","18":"purchasable","19":"product-type-simple"},"_links":{"self":[{"href":"https:\/\/ceoparts.com\/es\/wp-json\/wp\/v2\/product\/11117","targetHints":{"allow":["GET"]}}],"collection":[{"href":"https:\/\/ceoparts.com\/es\/wp-json\/wp\/v2\/product"}],"about":[{"href":"https:\/\/ceoparts.com\/es\/wp-json\/wp\/v2\/types\/product"}],"wp:featuredmedia":[{"embeddable":true,"href":"https:\/\/ceoparts.com\/es\/wp-json\/wp\/v2\/media\/11121"}],"wp:attachment":[{"href":"https:\/\/ceoparts.com\/es\/wp-json\/wp\/v2\/media?parent=11117"}],"wp:term":[{"taxonomy":"product_brand","embeddable":true,"href":"https:\/\/ceoparts.com\/es\/wp-json\/wp\/v2\/product_brand?post=11117"},{"taxonomy":"product_cat","embeddable":true,"href":"https:\/\/ceoparts.com\/es\/wp-json\/wp\/v2\/product_cat?post=11117"},{"taxonomy":"product_tag","embeddable":true,"href":"https:\/\/ceoparts.com\/es\/wp-json\/wp\/v2\/product_tag?post=11117"}],"curies":[{"name":"wp","href":"https:\/\/api.w.org\/{rel}","templated":true}]}}