{"id":11123,"date":"2024-10-07T14:46:45","date_gmt":"2024-10-07T11:46:45","guid":{"rendered":"https:\/\/ceoparts.com\/?post_type=product&#038;p=11123"},"modified":"2026-05-16T19:52:22","modified_gmt":"2026-05-16T16:52:22","slug":"230x70-45-yuruyus-tekeri-7535733-7535735","status":"publish","type":"product","link":"https:\/\/ceoparts.com\/es\/urun\/230x70-45-yuruyus-tekeri-7535733-7535735\/","title":{"rendered":"230&#215;70-45 Wicke Avellanado  Rueda a pie &#8211; 7535733 -7535735"},"content":{"rendered":"<p>230&#215;70-45 Wicke Avellanado  Rueda a pie &#8211; 7535733 -7535735<\/p>\n<p>BT 7535733 7535734 7535735<\/p>\n<p>BT TOYOTA LPE 200\/220\/250<\/p>","protected":false},"excerpt":{"rendered":"<p data-start=\"0\" data-end=\"473\"><br data-start=\"5221\" data-end=\"5224\" \/>230\u00d770-45 Wicke rueda de marcha avellanada dise\u00f1ada para carretillas elevadoras y veh\u00edculos industriales, ofrece alto rendimiento y durabilidad. Con un di\u00e1metro de 230 mm, ancho de 70 mm y eje de 45 mm, este modelo permite montaje sencillo y apoyo firme gracias a su estructura interna avellanada. El recubrimiento de poliuretano Wicke proporciona excelente tracci\u00f3n y operaci\u00f3n antideslizante. Alta resistencia al desgaste y a la deformaci\u00f3n bajo carga pesada.<\/p>\n<p data-start=\"5687\" data-end=\"6099\" data-is-last-node=\"\" data-is-only-node=\"\"><strong data-start=\"5687\" data-end=\"5707\">Caracter\u00edsticas:<\/strong><br data-start=\"5707\" data-end=\"5710\" \/><strong data-start=\"5710\" data-end=\"5734\">Nombre del producto:<\/strong> 230\u00d770-45 Wicke rueda de marcha avellanada<br data-start=\"5777\" data-end=\"5780\" \/><strong data-start=\"5780\" data-end=\"5800\">C\u00f3digo de pieza:<\/strong> 7535733, 7535735<br data-start=\"5817\" data-end=\"5820\" \/><strong data-start=\"5820\" data-end=\"5833\">Material:<\/strong> Recubrimiento de poliuretano, cuerpo de acero<br data-start=\"5879\" data-end=\"5882\" \/><strong data-start=\"5882\" data-end=\"5905\">\u00c1rea de aplicaci\u00f3n:<\/strong> Rueda de marcha para carretillas elevadoras y veh\u00edculos industriales<br data-start=\"5974\" data-end=\"5977\" \/><strong data-start=\"5977\" data-end=\"5989\">Ventaja:<\/strong> Estructura avellanada, alta resistencia al desgaste, superficie antideslizante, resistencia bajo carga pesada<\/p>\n","protected":false},"featured_media":12033,"template":"","meta":[],"product_brand":[],"product_cat":[251,254,404,521,529,193],"product_tag":[],"class_list":{"0":"post-11123","1":"product","2":"type-product","3":"status-publish","4":"has-post-thumbnail","6":"product_cat-bt","7":"product_cat-yuruyus-tekeri-bt","8":"product_cat-yuruyus-tekeri-wicke","9":"product_cat-toyota","10":"product_cat-yuruyus-tekeri-toyota","11":"product_cat-yuruyus-tekeri","13":"first","14":"instock","15":"taxable","16":"shipping-taxable","17":"purchasable","18":"product-type-simple"},"_links":{"self":[{"href":"https:\/\/ceoparts.com\/es\/wp-json\/wp\/v2\/product\/11123","targetHints":{"allow":["GET"]}}],"collection":[{"href":"https:\/\/ceoparts.com\/es\/wp-json\/wp\/v2\/product"}],"about":[{"href":"https:\/\/ceoparts.com\/es\/wp-json\/wp\/v2\/types\/product"}],"wp:featuredmedia":[{"embeddable":true,"href":"https:\/\/ceoparts.com\/es\/wp-json\/wp\/v2\/media\/12033"}],"wp:attachment":[{"href":"https:\/\/ceoparts.com\/es\/wp-json\/wp\/v2\/media?parent=11123"}],"wp:term":[{"taxonomy":"product_brand","embeddable":true,"href":"https:\/\/ceoparts.com\/es\/wp-json\/wp\/v2\/product_brand?post=11123"},{"taxonomy":"product_cat","embeddable":true,"href":"https:\/\/ceoparts.com\/es\/wp-json\/wp\/v2\/product_cat?post=11123"},{"taxonomy":"product_tag","embeddable":true,"href":"https:\/\/ceoparts.com\/es\/wp-json\/wp\/v2\/product_tag?post=11123"}],"curies":[{"name":"wp","href":"https:\/\/api.w.org\/{rel}","templated":true}]}}