{"id":11133,"date":"2024-10-07T15:38:16","date_gmt":"2024-10-07T12:38:16","guid":{"rendered":"https:\/\/ceoparts.com\/?post_type=product&#038;p=11133"},"modified":"2026-05-16T17:57:45","modified_gmt":"2026-05-16T14:57:45","slug":"230x70-45-wicke-kaydirmaz-yuruyus-tekeri","status":"publish","type":"product","link":"https:\/\/ceoparts.com\/es\/urun\/230x70-45-wicke-kaydirmaz-yuruyus-tekeri\/","title":{"rendered":"230&#215;70-45 Wicke Non-slip Rueda a pie &#8211; 7535733 , 7535735"},"content":{"rendered":"<p>230&#215;70-45 Wicke Non-slip Rueda a pie &#8211; 7535733 , 7535735<\/p>\n<p>BT 7535733 7535734 7535735<\/p>\n<p>BT TOYOTA LPE 200\/220\/250<\/p>","protected":false},"excerpt":{"rendered":"<p data-start=\"0\" data-end=\"424\"><br data-start=\"4917\" data-end=\"4920\" \/>230\u00d770-45 Wicke rueda de marcha antideslizante dise\u00f1ada para carretillas elevadoras y veh\u00edculos industriales, garantiza un funcionamiento seguro y estable. Con un di\u00e1metro de 230 mm, ancho de 70 mm y eje de 45 mm, este modelo ofrece excelente tracci\u00f3n al suelo gracias a su superficie antideslizante. El recubrimiento de poliuretano de alta calidad de Wicke proporciona gran resistencia al desgaste y a la deformaci\u00f3n bajo cargas pesadas.<\/p>\n<p data-start=\"5360\" data-end=\"5785\" data-is-last-node=\"\" data-is-only-node=\"\"><strong data-start=\"5360\" data-end=\"5380\">Caracter\u00edsticas:<\/strong><br data-start=\"5380\" data-end=\"5383\" \/><strong data-start=\"5383\" data-end=\"5407\">Nombre del producto:<\/strong> 230\u00d770-45 Wicke rueda de marcha antideslizante<br data-start=\"5454\" data-end=\"5457\" \/><strong data-start=\"5457\" data-end=\"5477\">C\u00f3digo de pieza:<\/strong> 7535733, 7535735<br data-start=\"5494\" data-end=\"5497\" \/><strong data-start=\"5497\" data-end=\"5510\">Material:<\/strong> Recubrimiento de poliuretano, cuerpo de acero<br data-start=\"5556\" data-end=\"5559\" \/><strong data-start=\"5559\" data-end=\"5582\">\u00c1rea de aplicaci\u00f3n:<\/strong> Rueda de marcha para carretillas elevadoras y veh\u00edculos industriales<br data-start=\"5651\" data-end=\"5654\" \/><strong data-start=\"5654\" data-end=\"5666\">Ventaja:<\/strong> Superficie antideslizante, alta resistencia al desgaste, durabilidad bajo cargas pesadas y funcionamiento silencioso<\/p>\n","protected":false},"featured_media":11138,"template":"","meta":[],"product_brand":[],"product_cat":[521,529,251,254,404,193],"product_tag":[],"class_list":{"0":"post-11133","1":"product","2":"type-product","3":"status-publish","4":"has-post-thumbnail","6":"product_cat-toyota","7":"product_cat-yuruyus-tekeri-toyota","8":"product_cat-bt","9":"product_cat-yuruyus-tekeri-bt","10":"product_cat-yuruyus-tekeri-wicke","11":"product_cat-yuruyus-tekeri","13":"first","14":"instock","15":"taxable","16":"shipping-taxable","17":"purchasable","18":"product-type-simple"},"_links":{"self":[{"href":"https:\/\/ceoparts.com\/es\/wp-json\/wp\/v2\/product\/11133","targetHints":{"allow":["GET"]}}],"collection":[{"href":"https:\/\/ceoparts.com\/es\/wp-json\/wp\/v2\/product"}],"about":[{"href":"https:\/\/ceoparts.com\/es\/wp-json\/wp\/v2\/types\/product"}],"wp:featuredmedia":[{"embeddable":true,"href":"https:\/\/ceoparts.com\/es\/wp-json\/wp\/v2\/media\/11138"}],"wp:attachment":[{"href":"https:\/\/ceoparts.com\/es\/wp-json\/wp\/v2\/media?parent=11133"}],"wp:term":[{"taxonomy":"product_brand","embeddable":true,"href":"https:\/\/ceoparts.com\/es\/wp-json\/wp\/v2\/product_brand?post=11133"},{"taxonomy":"product_cat","embeddable":true,"href":"https:\/\/ceoparts.com\/es\/wp-json\/wp\/v2\/product_cat?post=11133"},{"taxonomy":"product_tag","embeddable":true,"href":"https:\/\/ceoparts.com\/es\/wp-json\/wp\/v2\/product_tag?post=11133"}],"curies":[{"name":"wp","href":"https:\/\/api.w.org\/{rel}","templated":true}]}}