{"id":11179,"date":"2024-10-09T09:34:13","date_gmt":"2024-10-09T06:34:13","guid":{"rendered":"https:\/\/ceoparts.com\/?post_type=product&#038;p=11179"},"modified":"2026-05-16T17:29:19","modified_gmt":"2026-05-16T14:29:19","slug":"230x75-30-wicke-yuruyus-tekeri","status":"publish","type":"product","link":"https:\/\/ceoparts.com\/es\/urun\/230x75-30-wicke-yuruyus-tekeri\/","title":{"rendered":"230&#215;75-30 Wicke Rueda a pie- 580013479 , 2770500"},"content":{"rendered":"<p>230&#215;75-30 Wicke Rueda a pie- 580013479 , 2770500<\/p>\n<p><\/p>\n<div class=\"font12\">\n<div class=\"font12\">MS10\/12\/14\/16 Powerthane 230&#215;75\/85 30 mm<\/div>\n<div class=\"font12\">Yale MP16\/18\/20\/22 Seria: C852 D438<\/div>\n<div class=\"font12\">Hyster C438, B846, OMG 420-103-010 D438(R5-P4)<\/div>\n<div class=\"font12\">HYSTER S 1,6 \u2013 B456X02884C\/2005MS10E<\/div>\n<div><\/div>\n<div class=\"font12\">MS10\/12\/14\/16 B852<\/div>\n<div class=\"font12\">MP16\/18\/20\/22<\/div>\n<div class=\"font12\"><\/div>\n<div class=\"font12\">Hyster C438,<\/div>\n<div class=\"font12\">Hyster C456<\/div>\n<div class=\"font12\">Hystew \/Yale MP20L D842<\/div>\n<div class=\"font12\"><\/div>\n<div class=\"font12\">OMG 420-103-010<br \/>\n(R5-P4)<\/div>\n<\/div>\n<p><\/p>","protected":false},"excerpt":{"rendered":"<p data-start=\"0\" data-end=\"431\"><br data-start=\"4707\" data-end=\"4710\" \/>230\u00d775-30 Wicke rueda de marcha es una rueda duradera y resistente utilizada en carretillas elevadoras y veh\u00edculos industriales. Con un di\u00e1metro de 230 mm, ancho de 75 mm y eje de 30 mm, este producto cuenta con un recubrimiento de goma de alta calidad de Wicke, proporcionando un desplazamiento seguro y estable en superficies dif\u00edciles. Su superficie antideslizante mejora la maniobrabilidad y ofrece resistencia al desgaste.<\/p>\n<p data-start=\"5139\" data-end=\"5523\" data-is-last-node=\"\" data-is-only-node=\"\"><strong data-start=\"5139\" data-end=\"5159\">Caracter\u00edsticas:<\/strong><br data-start=\"5159\" data-end=\"5162\" \/><strong data-start=\"5162\" data-end=\"5186\">Nombre del producto:<\/strong> 230\u00d775-30 Wicke rueda de marcha<br data-start=\"5218\" data-end=\"5221\" \/><strong data-start=\"5221\" data-end=\"5241\">C\u00f3digo de pieza:<\/strong> 580013479, 2770500<br data-start=\"5260\" data-end=\"5263\" \/><strong data-start=\"5263\" data-end=\"5276\">Material:<\/strong> Recubrimiento de goma de alta resistencia, cuerpo de acero<br data-start=\"5335\" data-end=\"5338\" \/><strong data-start=\"5338\" data-end=\"5361\">\u00c1rea de aplicaci\u00f3n:<\/strong> Rueda de marcha para carretillas elevadoras y veh\u00edculos industriales<br data-start=\"5430\" data-end=\"5433\" \/><strong data-start=\"5433\" data-end=\"5445\">Ventaja:<\/strong> Excelente tracci\u00f3n, superficie antideslizante, alta resistencia al desgaste<\/p>\n","protected":false},"featured_media":11180,"template":"","meta":[],"product_brand":[],"product_cat":[256,260,401,404,193],"product_tag":[],"class_list":{"0":"post-11179","1":"product","2":"type-product","3":"status-publish","4":"has-post-thumbnail","6":"product_cat-hyster","7":"product_cat-yuruyus-tekeri-hyster","8":"product_cat-wicke","9":"product_cat-yuruyus-tekeri-wicke","10":"product_cat-yuruyus-tekeri","12":"first","13":"instock","14":"taxable","15":"shipping-taxable","16":"purchasable","17":"product-type-simple"},"_links":{"self":[{"href":"https:\/\/ceoparts.com\/es\/wp-json\/wp\/v2\/product\/11179","targetHints":{"allow":["GET"]}}],"collection":[{"href":"https:\/\/ceoparts.com\/es\/wp-json\/wp\/v2\/product"}],"about":[{"href":"https:\/\/ceoparts.com\/es\/wp-json\/wp\/v2\/types\/product"}],"wp:featuredmedia":[{"embeddable":true,"href":"https:\/\/ceoparts.com\/es\/wp-json\/wp\/v2\/media\/11180"}],"wp:attachment":[{"href":"https:\/\/ceoparts.com\/es\/wp-json\/wp\/v2\/media?parent=11179"}],"wp:term":[{"taxonomy":"product_brand","embeddable":true,"href":"https:\/\/ceoparts.com\/es\/wp-json\/wp\/v2\/product_brand?post=11179"},{"taxonomy":"product_cat","embeddable":true,"href":"https:\/\/ceoparts.com\/es\/wp-json\/wp\/v2\/product_cat?post=11179"},{"taxonomy":"product_tag","embeddable":true,"href":"https:\/\/ceoparts.com\/es\/wp-json\/wp\/v2\/product_tag?post=11179"}],"curies":[{"name":"wp","href":"https:\/\/api.w.org\/{rel}","templated":true}]}}