{"id":11187,"date":"2024-10-09T14:08:14","date_gmt":"2024-10-09T11:08:14","guid":{"rendered":"https:\/\/ceoparts.com\/?post_type=product&#038;p=11187"},"modified":"2026-05-16T15:02:25","modified_gmt":"2026-05-16T12:02:25","slug":"230x70-45-wicke-gri-kanalli-yuruyus-tekeri","status":"publish","type":"product","link":"https:\/\/ceoparts.com\/es\/urun\/230x70-45-wicke-gri-kanalli-yuruyus-tekeri\/","title":{"rendered":"230&#215;75-45 Ranurado, Gris Rueda a pie &#8211; 39902358"},"content":{"rendered":"<p>230&#215;75-45 Ranurado, Gris Rueda a pie &#8211; 39902358<\/p>\n<p>50014505505, 50014505506, 0009903820, 0009930820, 0039902348, 0039902353, 0039902358<\/p>\n<p>&nbsp;<\/p>\n<table border=\"0\" frame=\"void\" rules=\"none\" cellspacing=\"0\">\n<colgroup>\n<col width=\"98\" \/>\n<col width=\"156\" \/><\/colgroup>\n<tbody>\n<tr>\n<td align=\"left\" width=\"98\" height=\"17\">1151<\/td>\n<td align=\"left\" width=\"156\">T16\/T16P\/T20\/T20P<\/td>\n<\/tr>\n<tr>\n<td align=\"left\" height=\"17\">1152<\/td>\n<td align=\"left\">T16\/T18\/T20\/T16L<\/td>\n<\/tr>\n<tr>\n<td align=\"left\" height=\"17\">1169<\/td>\n<td align=\"left\">L10\/L12<\/td>\n<\/tr>\n<tr>\n<td align=\"left\" height=\"17\">1172<\/td>\n<td align=\"left\">L10\/L12\/L12i<\/td>\n<\/tr>\n<\/tbody>\n<\/table>\n<p>1160\u00a0\u00a0\u00a0\u00a0\u00a0\u00a0\u00a0\u00a0\u00a0\u00a0\u00a0\u00a0\u00a0\u00a0\u00a0\u00a0\u00a0DO6\/D08<\/p>","protected":false},"excerpt":{"rendered":"<p data-start=\"0\" data-end=\"407\"><br data-start=\"4928\" data-end=\"4931\" \/>230\u00d775-45 Wicke rueda de marcha ranurada gris es una rueda duradera y de alta calidad dise\u00f1ada para carretillas elevadoras y veh\u00edculos industriales. Con un di\u00e1metro de 230 mm, ancho de 75 mm y eje de 45 mm, este producto cuenta con un recubrimiento de goma gris y un dise\u00f1o ranurado de Wicke que proporciona excelente tracci\u00f3n y larga vida \u00fatil en condiciones dif\u00edciles. La superficie ranurada previene el deslizamiento y ofrece una conducci\u00f3n estable y segura.<\/p>\n<p data-start=\"5394\" data-end=\"5776\" data-is-only-node=\"\"><strong data-start=\"5394\" data-end=\"5414\">Caracter\u00edsticas:<\/strong><br data-start=\"5414\" data-end=\"5417\" \/><strong data-start=\"5417\" data-end=\"5441\">Nombre del producto:<\/strong> 230\u00d775-45 Wicke rueda de marcha ranurada gris<br data-start=\"5487\" data-end=\"5490\" \/><strong data-start=\"5490\" data-end=\"5510\">C\u00f3digo de pieza:<\/strong> 39902358<br data-start=\"5519\" data-end=\"5522\" \/><strong data-start=\"5522\" data-end=\"5535\">Material:<\/strong> Recubrimiento de goma gris ranurado, cuerpo met\u00e1lico robusto<br data-start=\"5596\" data-end=\"5599\" \/><strong data-start=\"5599\" data-end=\"5622\">\u00c1rea de aplicaci\u00f3n:<\/strong> Rueda de marcha para carretillas elevadoras y veh\u00edculos industriales<br data-start=\"5691\" data-end=\"5694\" \/><strong data-start=\"5694\" data-end=\"5706\">Ventaja:<\/strong> Superficie ranurada, alta resistencia al desgaste y larga vida \u00fatil<\/p>\n","protected":false},"featured_media":11188,"template":"","meta":[],"product_brand":[],"product_cat":[251,254,404,193],"product_tag":[],"class_list":{"0":"post-11187","1":"product","2":"type-product","3":"status-publish","4":"has-post-thumbnail","6":"product_cat-bt","7":"product_cat-yuruyus-tekeri-bt","8":"product_cat-yuruyus-tekeri-wicke","9":"product_cat-yuruyus-tekeri","11":"first","12":"instock","13":"taxable","14":"shipping-taxable","15":"purchasable","16":"product-type-simple"},"_links":{"self":[{"href":"https:\/\/ceoparts.com\/es\/wp-json\/wp\/v2\/product\/11187","targetHints":{"allow":["GET"]}}],"collection":[{"href":"https:\/\/ceoparts.com\/es\/wp-json\/wp\/v2\/product"}],"about":[{"href":"https:\/\/ceoparts.com\/es\/wp-json\/wp\/v2\/types\/product"}],"wp:featuredmedia":[{"embeddable":true,"href":"https:\/\/ceoparts.com\/es\/wp-json\/wp\/v2\/media\/11188"}],"wp:attachment":[{"href":"https:\/\/ceoparts.com\/es\/wp-json\/wp\/v2\/media?parent=11187"}],"wp:term":[{"taxonomy":"product_brand","embeddable":true,"href":"https:\/\/ceoparts.com\/es\/wp-json\/wp\/v2\/product_brand?post=11187"},{"taxonomy":"product_cat","embeddable":true,"href":"https:\/\/ceoparts.com\/es\/wp-json\/wp\/v2\/product_cat?post=11187"},{"taxonomy":"product_tag","embeddable":true,"href":"https:\/\/ceoparts.com\/es\/wp-json\/wp\/v2\/product_tag?post=11187"}],"curies":[{"name":"wp","href":"https:\/\/api.w.org\/{rel}","templated":true}]}}