{"id":11192,"date":"2024-10-09T14:18:50","date_gmt":"2024-10-09T11:18:50","guid":{"rendered":"https:\/\/ceoparts.com\/?post_type=product&#038;p=11192"},"modified":"2026-05-17T15:57:53","modified_gmt":"2026-05-17T12:57:53","slug":"230x70-45-wicke-gri-yuruyus-tekeri","status":"publish","type":"product","link":"https:\/\/ceoparts.com\/es\/urun\/230x70-45-wicke-gri-yuruyus-tekeri\/","title":{"rendered":"230&#215;75-45 Wicke Gris Rueda a pie &#8211; 39902358"},"content":{"rendered":"<p>230&#215;75-45 Wicke Gris Rueda a pie &#8211; 39902358<\/p>\n<p>50014505505, 50014505506, 0009903820, 0009930820, 0039902348, 0039902353, 0039902358<\/p>\n<p>&nbsp;<\/p>\n<table border=\"0\" frame=\"void\" rules=\"none\" cellspacing=\"0\">\n<colgroup>\n<col width=\"98\" \/>\n<col width=\"156\" \/><\/colgroup>\n<tbody>\n<tr>\n<td align=\"left\" width=\"98\" height=\"17\">1151<\/td>\n<td align=\"left\" width=\"156\">T16\/T16P\/T20\/T20P<\/td>\n<\/tr>\n<tr>\n<td align=\"left\" height=\"17\">1152<\/td>\n<td align=\"left\">T16\/T18\/T20\/T16L<\/td>\n<\/tr>\n<tr>\n<td align=\"left\" height=\"17\">1169<\/td>\n<td align=\"left\">L10\/L12<\/td>\n<\/tr>\n<tr>\n<td align=\"left\" height=\"17\">1172<\/td>\n<td align=\"left\">L10\/L12\/L12i<\/td>\n<\/tr>\n<\/tbody>\n<\/table>\n<p>1160\u00a0\u00a0\u00a0\u00a0\u00a0\u00a0\u00a0\u00a0\u00a0\u00a0\u00a0\u00a0\u00a0\u00a0\u00a0\u00a0\u00a0DO6\/D08<\/p>","protected":false},"excerpt":{"rendered":"<p data-start=\"0\" data-end=\"348\"><br data-start=\"4364\" data-end=\"4367\" \/>230\u00d775-45 Wicke rueda de marcha gris es una rueda duradera y de alta calidad dise\u00f1ada para carretillas elevadoras y veh\u00edculos industriales. Con un di\u00e1metro de 230 mm, ancho de 75 mm y eje de 45 mm, este producto cuenta con un recubrimiento de goma gris Wicke que proporciona una conducci\u00f3n estable y segura. Ofrece una alta resistencia al desgaste en condiciones de trabajo dif\u00edciles.<\/p>\n<p data-start=\"4753\" data-end=\"5119\"><strong data-start=\"4753\" data-end=\"4773\">Caracter\u00edsticas:<\/strong><br data-start=\"4773\" data-end=\"4776\" \/><strong data-start=\"4776\" data-end=\"4800\">Nombre del producto:<\/strong> 230\u00d775-45 Wicke rueda de marcha gris<br data-start=\"4837\" data-end=\"4840\" \/><strong data-start=\"4840\" data-end=\"4860\">C\u00f3digo de pieza:<\/strong> 39902358<br data-start=\"4869\" data-end=\"4872\" \/><strong data-start=\"4872\" data-end=\"4885\">Material:<\/strong> Recubrimiento de goma gris, cuerpo met\u00e1lico robusto<br data-start=\"4937\" data-end=\"4940\" \/><strong data-start=\"4940\" data-end=\"4963\">\u00c1rea de aplicaci\u00f3n:<\/strong> Rueda de marcha para carretillas elevadoras y veh\u00edculos industriales<br data-start=\"5032\" data-end=\"5035\" \/><strong data-start=\"5035\" data-end=\"5047\">Ventaja:<\/strong> Alta resistencia al desgaste, construcci\u00f3n duradera y larga vida \u00fatil<\/p>\n<p>&nbsp;<\/p>\n","protected":false},"featured_media":11193,"template":"","meta":[],"product_brand":[],"product_cat":[404,193],"product_tag":[],"class_list":{"0":"post-11192","1":"product","2":"type-product","3":"status-publish","4":"has-post-thumbnail","6":"product_cat-yuruyus-tekeri-wicke","7":"product_cat-yuruyus-tekeri","9":"first","10":"instock","11":"taxable","12":"shipping-taxable","13":"purchasable","14":"product-type-simple"},"_links":{"self":[{"href":"https:\/\/ceoparts.com\/es\/wp-json\/wp\/v2\/product\/11192","targetHints":{"allow":["GET"]}}],"collection":[{"href":"https:\/\/ceoparts.com\/es\/wp-json\/wp\/v2\/product"}],"about":[{"href":"https:\/\/ceoparts.com\/es\/wp-json\/wp\/v2\/types\/product"}],"wp:featuredmedia":[{"embeddable":true,"href":"https:\/\/ceoparts.com\/es\/wp-json\/wp\/v2\/media\/11193"}],"wp:attachment":[{"href":"https:\/\/ceoparts.com\/es\/wp-json\/wp\/v2\/media?parent=11192"}],"wp:term":[{"taxonomy":"product_brand","embeddable":true,"href":"https:\/\/ceoparts.com\/es\/wp-json\/wp\/v2\/product_brand?post=11192"},{"taxonomy":"product_cat","embeddable":true,"href":"https:\/\/ceoparts.com\/es\/wp-json\/wp\/v2\/product_cat?post=11192"},{"taxonomy":"product_tag","embeddable":true,"href":"https:\/\/ceoparts.com\/es\/wp-json\/wp\/v2\/product_tag?post=11192"}],"curies":[{"name":"wp","href":"https:\/\/api.w.org\/{rel}","templated":true}]}}