{"id":11206,"date":"2024-10-09T15:52:10","date_gmt":"2024-10-09T12:52:10","guid":{"rendered":"https:\/\/ceoparts.com\/?post_type=product&#038;p=11206"},"modified":"2026-05-16T20:14:28","modified_gmt":"2026-05-16T17:14:28","slug":"230x75-45-tellure-rota-kanalli-yuruyus-tekeri","status":"publish","type":"product","link":"https:\/\/ceoparts.com\/es\/urun\/230x75-45-tellure-rota-kanalli-yuruyus-tekeri\/","title":{"rendered":"230&#215;75-45 Tellure Rota Ranurado,  Rueda a pie &#8211; 4359920, 4400716, 0009903819"},"content":{"rendered":"<p>230&#215;75-45 Tellure Rota Ranurado,  Rueda a pie &#8211; 4359920, 4400716, 0009903819<\/p>\n<p>LINDE 0009903819, 0009934071<\/p>\n<p>1151\u00a0T16\/T16P\/T20\/T20P<br \/>\n1152\u00a0T16\/T18\/T20\/T16L<br \/>\n1160\u00a0D06\/D08<br \/>\n1169\u00a0L10\/L12\/L14C<br \/>\n1169\u00a0L10P\/L12P\/L14P<br \/>\n1172\u00a0L10\/L12\/L12i<\/p>\n<p>Still 4359920 4400716<\/p>\n<p>EXU<br \/>\nEXU AC16 (0143, 0150, 0151, 0152)<br \/>\nEXU AC18 (0143, 0150, 0151, 0152)<br \/>\nEXU AC20 (0143, 0150, 0151, 0152)<br \/>\nEXU AC22 (0143, 0150, 0151, 0152)<br \/>\nEXU LINDE USA (0147)<br \/>\nEXU-H (0202)<br \/>\nEXU-H AC (0203)<br \/>\nEXU-H AC Autolift (0161, 0162, 0163)<br \/>\nEXU-SF20 (0160, 0179)<br \/>\nEXU-SF20 09\/2013-&gt;<br \/>\nEXV<br \/>\nEXV10 (4572) 02\/2015-&gt;<br \/>\nEXV10BASIC (4572) 02\/2015-&gt;<br \/>\nEXV12 (4572) 02\/2015-&gt;<br \/>\nEXV12I (4572) 02\/2015-&gt;<br \/>\nEXV14C (4572) 02\/2015-&gt;<br \/>\nEXV14IC (4572) 02\/2015-&gt;<br \/>\nEXVBasic (0251, 0252, 0253, 0254)<br \/>\nEXVBasic (0270, 0271, 0272, 0273) 01\/2013-&gt;<br \/>\nEXD<br \/>\nEXD-SF20 (0260,0261, 0283, 0284)<br \/>\nEXD-SF20 (0283, 0284)<br \/>\nEXD18 (0285, 0286)<br \/>\nEXD20 (0260,0261, 0283, 0284)<br \/>\nEXD20 (0283, 0284)<br \/>\nEGU<br \/>\nEGU 16 (0115, 0117, 0119, 0125)<br \/>\nEGU 18 (0115, 0117, 0119, 0125)<br \/>\nEGU 20 (0115, 0117, 0119, 0125)<br \/>\nEGU 20-S (0115, 0117, 0119, 0125)<br \/>\nEGU-H (0201)<br \/>\nEGU20 (0122)<br \/>\nEGU20S (0123)<br \/>\nEGV<br \/>\nEGV14 (0248,0250)<br \/>\nEGV16 (0248,0250)<br \/>\nLTX<br \/>\nLTX-T04<br \/>\nLTX20<br \/>\nTSD<br \/>\nTSD-SF20<br \/>\nTSD20<br \/>\nEGD<br \/>\nEGD16 (0219)<br \/>\nCL<br \/>\nCL10 Basic (4572) 01\/2013 -&gt;<br \/>\nCL12 Basic (4572) 01\/2013-&gt;<br \/>\nCL12i Basic (4572) 01\/2013-&gt;<\/p>","protected":false},"excerpt":{"rendered":"<p data-start=\"0\" data-end=\"409\"><br data-start=\"5001\" data-end=\"5004\" \/>230\u00d775-45 Tellure Rota rueda de marcha ranurada es una rueda duradera y de alta calidad utilizada en carretillas elevadoras y veh\u00edculos industriales. Con un di\u00e1metro de 230 mm, ancho de 75 mm y eje de 45 mm, este producto cuenta con un recubrimiento de goma ranurado especial Tellure Rota que proporciona excelente tracci\u00f3n y larga vida \u00fatil en condiciones dif\u00edciles. La superficie ranurada previene el deslizamiento y ofrece una conducci\u00f3n estable y segura.<\/p>\n<p data-start=\"5464\" data-end=\"5863\"><strong data-start=\"5464\" data-end=\"5484\">Caracter\u00edsticas:<\/strong><br data-start=\"5484\" data-end=\"5487\" \/><strong data-start=\"5487\" data-end=\"5511\">Nombre del producto:<\/strong> 230\u00d775-45 Tellure Rota rueda de marcha ranurada<br data-start=\"5559\" data-end=\"5562\" \/><strong data-start=\"5562\" data-end=\"5582\">C\u00f3digo de pieza:<\/strong> 4359920, 4400716, 0009903819<br data-start=\"5611\" data-end=\"5614\" \/><strong data-start=\"5614\" data-end=\"5627\">Material:<\/strong> Recubrimiento de goma ranurado, cuerpo met\u00e1lico robusto<br data-start=\"5683\" data-end=\"5686\" \/><strong data-start=\"5686\" data-end=\"5709\">\u00c1rea de aplicaci\u00f3n:<\/strong> Rueda de marcha para carretillas elevadoras y veh\u00edculos industriales<br data-start=\"5778\" data-end=\"5781\" \/><strong data-start=\"5781\" data-end=\"5793\">Ventaja:<\/strong> Superficie ranurada, alta resistencia al desgaste y larga vida \u00fatil<\/p>\n","protected":false},"featured_media":11207,"template":"","meta":[],"product_brand":[],"product_cat":[414,241,244,246,249,251,254,412,193],"product_tag":[],"class_list":{"0":"post-11206","1":"product","2":"type-product","3":"status-publish","4":"has-post-thumbnail","6":"product_cat-yuruyus-tekeri-rota","7":"product_cat-still","8":"product_cat-yuruyus-tekeri-still","9":"product_cat-linde","10":"product_cat-yuruyus-tekeri-linde","11":"product_cat-bt","12":"product_cat-yuruyus-tekeri-bt","13":"product_cat-tellure-rota","14":"product_cat-yuruyus-tekeri","16":"first","17":"instock","18":"taxable","19":"shipping-taxable","20":"purchasable","21":"product-type-simple"},"_links":{"self":[{"href":"https:\/\/ceoparts.com\/es\/wp-json\/wp\/v2\/product\/11206","targetHints":{"allow":["GET"]}}],"collection":[{"href":"https:\/\/ceoparts.com\/es\/wp-json\/wp\/v2\/product"}],"about":[{"href":"https:\/\/ceoparts.com\/es\/wp-json\/wp\/v2\/types\/product"}],"wp:featuredmedia":[{"embeddable":true,"href":"https:\/\/ceoparts.com\/es\/wp-json\/wp\/v2\/media\/11207"}],"wp:attachment":[{"href":"https:\/\/ceoparts.com\/es\/wp-json\/wp\/v2\/media?parent=11206"}],"wp:term":[{"taxonomy":"product_brand","embeddable":true,"href":"https:\/\/ceoparts.com\/es\/wp-json\/wp\/v2\/product_brand?post=11206"},{"taxonomy":"product_cat","embeddable":true,"href":"https:\/\/ceoparts.com\/es\/wp-json\/wp\/v2\/product_cat?post=11206"},{"taxonomy":"product_tag","embeddable":true,"href":"https:\/\/ceoparts.com\/es\/wp-json\/wp\/v2\/product_tag?post=11206"}],"curies":[{"name":"wp","href":"https:\/\/api.w.org\/{rel}","templated":true}]}}