{"id":11257,"date":"2024-10-10T10:25:34","date_gmt":"2024-10-10T07:25:34","guid":{"rendered":"https:\/\/ceoparts.com\/?post_type=product&#038;p=11257"},"modified":"2026-05-16T10:57:57","modified_gmt":"2026-05-16T07:57:57","slug":"230x90-65-wicke-kaucuk-yuruyus-tekeri-0039902315","status":"publish","type":"product","link":"https:\/\/ceoparts.com\/es\/urun\/230x90-65-wicke-kaucuk-yuruyus-tekeri-0039902315\/","title":{"rendered":"230&#215;90-65 Linde,Wicke Caucho Rueda a pie &#8211; 0039902315"},"content":{"rendered":"<p>230&#215;90-65 Linde,Wicke Caucho Rueda a pie &#8211; 0039902315<\/p>\n<p>Linde 0039902315<\/p>\n<div class=\"font12\">360 T16\/T18\/T20<br \/>\n360 T16\/T18\/T20\/T16L<br \/>\n379 L10\/12-L10\/12AS<\/div>","protected":false},"excerpt":{"rendered":"<div><br data-start=\"4832\" data-end=\"4835\" \/>230\u00d790-65 Wicke Linde Rubber rueda de marcha es una rueda duradera y de alto rendimiento dise\u00f1ada para carretillas elevadoras y veh\u00edculos industriales. Con un di\u00e1metro de 230 mm, ancho de 90 mm y eje de 65 mm, este producto es una rueda de marcha con recubrimiento de goma compatible con modelos de carretillas Wicke Linde. Su alta resistencia al desgaste y buena tracci\u00f3n aseguran un uso duradero y fiable en condiciones de trabajo dif\u00edciles.<\/p>\n<p data-start=\"5280\" data-end=\"5644\"><strong data-start=\"5280\" data-end=\"5300\">Caracter\u00edsticas:<\/strong><br data-start=\"5300\" data-end=\"5303\" \/><strong data-start=\"5303\" data-end=\"5327\">Nombre del producto:<\/strong> 230\u00d790-65 Wicke Linde Rubber rueda de marcha<br data-start=\"5372\" data-end=\"5375\" \/><strong data-start=\"5375\" data-end=\"5395\">C\u00f3digo de pieza:<\/strong> 0039902315<br data-start=\"5406\" data-end=\"5409\" \/><strong data-start=\"5409\" data-end=\"5422\">Material:<\/strong> Recubrimiento de goma, cuerpo met\u00e1lico robusto<br data-start=\"5469\" data-end=\"5472\" \/><strong data-start=\"5472\" data-end=\"5495\">\u00c1rea de aplicaci\u00f3n:<\/strong> Rueda de marcha para carretillas elevadoras y veh\u00edculos industriales<br data-start=\"5564\" data-end=\"5567\" \/><strong data-start=\"5567\" data-end=\"5579\">Ventaja:<\/strong> Alta resistencia al desgaste, buena tracci\u00f3n y larga vida \u00fatil<\/p>\n<\/div>\n","protected":false},"featured_media":11258,"template":"","meta":[],"product_brand":[],"product_cat":[246,249,401,404,193],"product_tag":[],"class_list":{"0":"post-11257","1":"product","2":"type-product","3":"status-publish","4":"has-post-thumbnail","6":"product_cat-linde","7":"product_cat-yuruyus-tekeri-linde","8":"product_cat-wicke","9":"product_cat-yuruyus-tekeri-wicke","10":"product_cat-yuruyus-tekeri","12":"first","13":"instock","14":"taxable","15":"shipping-taxable","16":"purchasable","17":"product-type-simple"},"_links":{"self":[{"href":"https:\/\/ceoparts.com\/es\/wp-json\/wp\/v2\/product\/11257","targetHints":{"allow":["GET"]}}],"collection":[{"href":"https:\/\/ceoparts.com\/es\/wp-json\/wp\/v2\/product"}],"about":[{"href":"https:\/\/ceoparts.com\/es\/wp-json\/wp\/v2\/types\/product"}],"wp:featuredmedia":[{"embeddable":true,"href":"https:\/\/ceoparts.com\/es\/wp-json\/wp\/v2\/media\/11258"}],"wp:attachment":[{"href":"https:\/\/ceoparts.com\/es\/wp-json\/wp\/v2\/media?parent=11257"}],"wp:term":[{"taxonomy":"product_brand","embeddable":true,"href":"https:\/\/ceoparts.com\/es\/wp-json\/wp\/v2\/product_brand?post=11257"},{"taxonomy":"product_cat","embeddable":true,"href":"https:\/\/ceoparts.com\/es\/wp-json\/wp\/v2\/product_cat?post=11257"},{"taxonomy":"product_tag","embeddable":true,"href":"https:\/\/ceoparts.com\/es\/wp-json\/wp\/v2\/product_tag?post=11257"}],"curies":[{"name":"wp","href":"https:\/\/api.w.org\/{rel}","templated":true}]}}