{"id":11261,"date":"2024-10-10T11:08:42","date_gmt":"2024-10-10T08:08:42","guid":{"rendered":"https:\/\/ceoparts.com\/?post_type=product&#038;p=11261"},"modified":"2026-05-16T09:41:04","modified_gmt":"2026-05-16T06:41:04","slug":"230x90-45-tellure-rota-kahverengi-yuruyus-tekeri-0039933826-0039933800","status":"publish","type":"product","link":"https:\/\/ceoparts.com\/es\/urun\/230x90-45-tellure-rota-kahverengi-yuruyus-tekeri-0039933826-0039933800\/","title":{"rendered":"230&#215;90-45 Tellure Rota Marr\u00f3n Rueda a pie 0039933826 \/ 0039933800"},"content":{"rendered":"<p>230&#215;90-45 Tellure Rota Marr\u00f3n Rueda a pie 0039933826 \/ 0039933800<\/p>\n<div class=\"font12\">Linde:<\/div>\n<div class=\"font12\"><\/div>\n<div class=\"font12\">Vulkollan 0039933800<\/div>\n<div class=\"font12\">OEM Stellana<\/div>\n<div class=\"font12\"><\/div>\n<div class=\"font12\">372\u00a0L14\/16<br \/>\n372\u00a0L14\/16\/L14AP\/16AP<\/div>\n<div class=\"font12\">1173 L14\/L16<\/div>\n<div class=\"font12\"><\/div>\n<div class=\"font12\">Still 0039933826<\/div>\n<div class=\"font12\"><\/div>\n<div class=\"font12\">EXH 25-30 EXH-SF 20-25 (2360-2363)<\/div>\n<div><\/div>\n<div>\n<p data-start=\"0\" data-end=\"452\">\n<\/div>","protected":false},"excerpt":{"rendered":"<div>\n<p data-start=\"0\" data-end=\"452\"><br data-start=\"5052\" data-end=\"5055\" \/>230\u00d790-45 Tellure Rota rueda de marcha marr\u00f3n es una rueda duradera y de alto rendimiento utilizada en carretillas elevadoras y veh\u00edculos industriales. Con un di\u00e1metro de 230 mm, ancho de 90 mm y eje de 45 mm, este producto marr\u00f3n est\u00e1 fabricado por Tellure Rota con materiales de alta calidad y altos est\u00e1ndares artesanales. Su construcci\u00f3n robusta y excelente tracci\u00f3n proporcionan un uso duradero y fiable en condiciones de trabajo dif\u00edciles.<\/p>\n<p data-start=\"5502\" data-end=\"5896\"><strong data-start=\"5502\" data-end=\"5522\">Caracter\u00edsticas:<\/strong><br data-start=\"5522\" data-end=\"5525\" \/><strong data-start=\"5525\" data-end=\"5549\">Nombre del producto:<\/strong> 230\u00d790-45 Tellure Rota rueda de marcha marr\u00f3n<br data-start=\"5595\" data-end=\"5598\" \/><strong data-start=\"5598\" data-end=\"5618\">C\u00f3digo de pieza:<\/strong> 0039933826, 0039933800<br data-start=\"5641\" data-end=\"5644\" \/><strong data-start=\"5644\" data-end=\"5657\">Material:<\/strong> Recubrimiento de goma marr\u00f3n duradero y cuerpo met\u00e1lico robusto<br data-start=\"5721\" data-end=\"5724\" \/><strong data-start=\"5724\" data-end=\"5747\">\u00c1rea de aplicaci\u00f3n:<\/strong> Rueda de marcha para carretillas elevadoras y veh\u00edculos industriales<br data-start=\"5816\" data-end=\"5819\" \/><strong data-start=\"5819\" data-end=\"5831\">Ventaja:<\/strong> Alta resistencia al desgaste, buena tracci\u00f3n y larga vida \u00fatil<\/p>\n<\/div>\n","protected":false},"featured_media":11266,"template":"","meta":[],"product_brand":[],"product_cat":[241,244,246,249,412,414,193],"product_tag":[],"class_list":{"0":"post-11261","1":"product","2":"type-product","3":"status-publish","4":"has-post-thumbnail","6":"product_cat-still","7":"product_cat-yuruyus-tekeri-still","8":"product_cat-linde","9":"product_cat-yuruyus-tekeri-linde","10":"product_cat-tellure-rota","11":"product_cat-yuruyus-tekeri-rota","12":"product_cat-yuruyus-tekeri","14":"first","15":"instock","16":"taxable","17":"shipping-taxable","18":"purchasable","19":"product-type-simple"},"_links":{"self":[{"href":"https:\/\/ceoparts.com\/es\/wp-json\/wp\/v2\/product\/11261","targetHints":{"allow":["GET"]}}],"collection":[{"href":"https:\/\/ceoparts.com\/es\/wp-json\/wp\/v2\/product"}],"about":[{"href":"https:\/\/ceoparts.com\/es\/wp-json\/wp\/v2\/types\/product"}],"wp:featuredmedia":[{"embeddable":true,"href":"https:\/\/ceoparts.com\/es\/wp-json\/wp\/v2\/media\/11266"}],"wp:attachment":[{"href":"https:\/\/ceoparts.com\/es\/wp-json\/wp\/v2\/media?parent=11261"}],"wp:term":[{"taxonomy":"product_brand","embeddable":true,"href":"https:\/\/ceoparts.com\/es\/wp-json\/wp\/v2\/product_brand?post=11261"},{"taxonomy":"product_cat","embeddable":true,"href":"https:\/\/ceoparts.com\/es\/wp-json\/wp\/v2\/product_cat?post=11261"},{"taxonomy":"product_tag","embeddable":true,"href":"https:\/\/ceoparts.com\/es\/wp-json\/wp\/v2\/product_tag?post=11261"}],"curies":[{"name":"wp","href":"https:\/\/api.w.org\/{rel}","templated":true}]}}