{"id":11267,"date":"2024-10-10T11:19:14","date_gmt":"2024-10-10T08:19:14","guid":{"rendered":"https:\/\/ceoparts.com\/?post_type=product&#038;p=11267"},"modified":"2026-05-16T11:04:25","modified_gmt":"2026-05-16T08:04:25","slug":"230x90-45-tellure-rota-yuruyus-tekeri-0039933826-0039933800","status":"publish","type":"product","link":"https:\/\/ceoparts.com\/es\/urun\/230x90-45-tellure-rota-yuruyus-tekeri-0039933826-0039933800\/","title":{"rendered":"230&#215;90-45 Tellure Rota Rueda a pie 0039933826 \/ 0039933800"},"content":{"rendered":"<p>230&#215;90-45 Tellure Rota Rueda a pie 0039933826 \/ 0039933800<\/p>\n<div class=\"font12\">Linde:<\/div>\n<div class=\"font12\"><\/div>\n<div class=\"font12\">Vulkollan 0039933800<\/div>\n<div class=\"font12\">OEM Stellana<\/div>\n<div class=\"font12\"><\/div>\n<div class=\"font12\">372\u00a0L14\/16<br \/>\n372\u00a0L14\/16\/L14AP\/16AP<\/div>\n<div class=\"font12\">1173 L14\/L16<\/div>\n<div class=\"font12\"><\/div>\n<div class=\"font12\">Still 0039933826<\/div>\n<div class=\"font12\"><\/div>\n<div class=\"font12\">EXH 25-30 EXH-SF 20-25 (2360-2363)<\/div>","protected":false},"excerpt":{"rendered":"<div>\n<p data-start=\"0\" data-end=\"423\"><br data-start=\"4837\" data-end=\"4840\" \/>230\u00d790-45 Tellure Rota rueda de marcha es una rueda duradera y de alto rendimiento utilizada en carretillas elevadoras y veh\u00edculos industriales. Con un di\u00e1metro de 230 mm, ancho de 90 mm y eje de 45 mm, este producto est\u00e1 fabricado por Tellure Rota con materiales de alta calidad y altos est\u00e1ndares artesanales. Su construcci\u00f3n robusta y excelente tracci\u00f3n proporcionan un uso duradero y fiable en condiciones de trabajo dif\u00edciles.<\/p>\n<p data-start=\"5273\" data-end=\"5653\"><strong data-start=\"5273\" data-end=\"5293\">Caracter\u00edsticas:<\/strong><br data-start=\"5293\" data-end=\"5296\" \/><strong data-start=\"5296\" data-end=\"5320\">Nombre del producto:<\/strong> 230\u00d790-45 Tellure Rota rueda de marcha<br data-start=\"5359\" data-end=\"5362\" \/><strong data-start=\"5362\" data-end=\"5382\">C\u00f3digo de pieza:<\/strong> 0039933826, 0039933800<br data-start=\"5405\" data-end=\"5408\" \/><strong data-start=\"5408\" data-end=\"5421\">Material:<\/strong> Recubrimiento de goma duradero y cuerpo met\u00e1lico robusto<br data-start=\"5478\" data-end=\"5481\" \/><strong data-start=\"5481\" data-end=\"5504\">\u00c1rea de aplicaci\u00f3n:<\/strong> Rueda de marcha para carretillas elevadoras y veh\u00edculos industriales<br data-start=\"5573\" data-end=\"5576\" \/><strong data-start=\"5576\" data-end=\"5588\">Ventaja:<\/strong> Alta resistencia al desgaste, buena tracci\u00f3n y larga vida \u00fatil<\/p>\n<\/div>\n","protected":false},"featured_media":11268,"template":"","meta":[],"product_brand":[],"product_cat":[414,241,244,246,249,412,193],"product_tag":[],"class_list":{"0":"post-11267","1":"product","2":"type-product","3":"status-publish","4":"has-post-thumbnail","6":"product_cat-yuruyus-tekeri-rota","7":"product_cat-still","8":"product_cat-yuruyus-tekeri-still","9":"product_cat-linde","10":"product_cat-yuruyus-tekeri-linde","11":"product_cat-tellure-rota","12":"product_cat-yuruyus-tekeri","14":"first","15":"instock","16":"taxable","17":"shipping-taxable","18":"purchasable","19":"product-type-simple"},"_links":{"self":[{"href":"https:\/\/ceoparts.com\/es\/wp-json\/wp\/v2\/product\/11267","targetHints":{"allow":["GET"]}}],"collection":[{"href":"https:\/\/ceoparts.com\/es\/wp-json\/wp\/v2\/product"}],"about":[{"href":"https:\/\/ceoparts.com\/es\/wp-json\/wp\/v2\/types\/product"}],"wp:featuredmedia":[{"embeddable":true,"href":"https:\/\/ceoparts.com\/es\/wp-json\/wp\/v2\/media\/11268"}],"wp:attachment":[{"href":"https:\/\/ceoparts.com\/es\/wp-json\/wp\/v2\/media?parent=11267"}],"wp:term":[{"taxonomy":"product_brand","embeddable":true,"href":"https:\/\/ceoparts.com\/es\/wp-json\/wp\/v2\/product_brand?post=11267"},{"taxonomy":"product_cat","embeddable":true,"href":"https:\/\/ceoparts.com\/es\/wp-json\/wp\/v2\/product_cat?post=11267"},{"taxonomy":"product_tag","embeddable":true,"href":"https:\/\/ceoparts.com\/es\/wp-json\/wp\/v2\/product_tag?post=11267"}],"curies":[{"name":"wp","href":"https:\/\/api.w.org\/{rel}","templated":true}]}}