{"id":11285,"date":"2024-10-10T14:59:04","date_gmt":"2024-10-10T11:59:04","guid":{"rendered":"https:\/\/ceoparts.com\/?post_type=product&#038;p=11285"},"modified":"2026-05-16T14:32:51","modified_gmt":"2026-05-16T11:32:51","slug":"250x100-80-stellana-vulkolan-yuruyus-tekeri","status":"publish","type":"product","link":"https:\/\/ceoparts.com\/es\/urun\/250x100-80-stellana-vulkolan-yuruyus-tekeri\/","title":{"rendered":"250&#215;100-80 Stellana Vulkollan Rueda a pie &#8211; 0009903813, 4493241"},"content":{"rendered":"<p>250&#215;100-80 Stellana Vulkollan Rueda a pie &#8211; 0009903813, 4493241<\/p>\n<p>CS 10M\/711041\/06-06<br \/>\nCS 16S\/711042\/06-06<br \/>\nCS 20\/711040\/06-06<br \/>\nCS 30Z\/711043\/06-06<br \/>\nCX-T\/711050\/01-08<br \/>\nCX20\/711044\/01-07<br \/>\nCXM 10\/711045\/01-07<br \/>\nCXS 16\/711046\/01-07<br \/>\nCXZ 30\/711047\/01-07<br \/>\nEXD S20\/710249\/01-07<br \/>\nEXU-S\/710148-710149\/01-07<\/p>","protected":false},"excerpt":{"rendered":"<p data-start=\"0\" data-end=\"419\"><br data-start=\"4772\" data-end=\"4775\" \/>250\u00d7100-80 Stellana Vulkollan rueda de marcha es una rueda duradera y de alto rendimiento especialmente dise\u00f1ada para carretillas elevadoras y veh\u00edculos industriales. Con un di\u00e1metro de 250 mm, ancho de 100 mm y eje de 80 mm, el material Vulkollan proporciona alta resistencia al desgaste, absorci\u00f3n de impactos y larga vida \u00fatil. Esto asegura un funcionamiento silencioso y estable en condiciones de trabajo dif\u00edciles.<\/p>\n<p data-start=\"5196\" data-end=\"5606\"><strong data-start=\"5196\" data-end=\"5216\">Caracter\u00edsticas:<\/strong><br data-start=\"5216\" data-end=\"5219\" \/><strong data-start=\"5219\" data-end=\"5243\">Nombre del producto:<\/strong> 250\u00d7100-80 Stellana Vulkollan rueda de marcha<br data-start=\"5289\" data-end=\"5292\" \/><strong data-start=\"5292\" data-end=\"5312\">C\u00f3digo de pieza:<\/strong> 0009903813, 4493241<br data-start=\"5332\" data-end=\"5335\" \/><strong data-start=\"5335\" data-end=\"5348\">Material:<\/strong> Recubrimiento Vulkollan, cuerpo met\u00e1lico robusto<br data-start=\"5397\" data-end=\"5400\" \/><strong data-start=\"5400\" data-end=\"5423\">\u00c1rea de aplicaci\u00f3n:<\/strong> Rueda de marcha para carretillas elevadoras y veh\u00edculos industriales<br data-start=\"5492\" data-end=\"5495\" \/><strong data-start=\"5495\" data-end=\"5507\">Ventaja:<\/strong> Alta resistencia al desgaste, absorci\u00f3n de impactos, larga vida \u00fatil y funcionamiento silencioso<\/p>\n","protected":false},"featured_media":11289,"template":"","meta":[],"product_brand":[],"product_cat":[416,418,193],"product_tag":[],"class_list":{"0":"post-11285","1":"product","2":"type-product","3":"status-publish","4":"has-post-thumbnail","6":"product_cat-stellana","7":"product_cat-yuruyus-tekeri-stellana","8":"product_cat-yuruyus-tekeri","10":"first","11":"instock","12":"taxable","13":"shipping-taxable","14":"purchasable","15":"product-type-simple"},"_links":{"self":[{"href":"https:\/\/ceoparts.com\/es\/wp-json\/wp\/v2\/product\/11285","targetHints":{"allow":["GET"]}}],"collection":[{"href":"https:\/\/ceoparts.com\/es\/wp-json\/wp\/v2\/product"}],"about":[{"href":"https:\/\/ceoparts.com\/es\/wp-json\/wp\/v2\/types\/product"}],"wp:featuredmedia":[{"embeddable":true,"href":"https:\/\/ceoparts.com\/es\/wp-json\/wp\/v2\/media\/11289"}],"wp:attachment":[{"href":"https:\/\/ceoparts.com\/es\/wp-json\/wp\/v2\/media?parent=11285"}],"wp:term":[{"taxonomy":"product_brand","embeddable":true,"href":"https:\/\/ceoparts.com\/es\/wp-json\/wp\/v2\/product_brand?post=11285"},{"taxonomy":"product_cat","embeddable":true,"href":"https:\/\/ceoparts.com\/es\/wp-json\/wp\/v2\/product_cat?post=11285"},{"taxonomy":"product_tag","embeddable":true,"href":"https:\/\/ceoparts.com\/es\/wp-json\/wp\/v2\/product_tag?post=11285"}],"curies":[{"name":"wp","href":"https:\/\/api.w.org\/{rel}","templated":true}]}}