{"id":11304,"date":"2024-10-10T17:27:53","date_gmt":"2024-10-10T14:27:53","guid":{"rendered":"https:\/\/ceoparts.com\/?post_type=product&#038;p=11304"},"modified":"2026-05-16T13:15:56","modified_gmt":"2026-05-16T10:15:56","slug":"254x90-40-msl-kanalli-yuruyus-tekeri-580052985","status":"publish","type":"product","link":"https:\/\/ceoparts.com\/es\/urun\/254x90-40-msl-kanalli-yuruyus-tekeri-580052985\/","title":{"rendered":"254&#215;90-40 MSL Ranurado Rueda a pie &#8211; 580052985"},"content":{"rendered":"<p>254&#215;90-40 MSL Ranurado Rueda a pie &#8211; 580052985<\/p>\n<p><\/p>\n<p>580052985<\/p>\n<p>Yale, Hyster 254&#215;90-40 5 SZPILEK<\/p>\n<p>Yale MP20X\/MP20XD<\/p>\n<p>Yale MP20X<\/p>\n<p>Yale MP20 XD<\/p>\n<div class=\"font12\">HYSTER P20S, Yale<\/div>\n<div class=\"font12\">HYSTER P20S NR C439X<\/div>\n<div class=\"font12\">HYSTER LO.2.0, L.O.2.0M\/L<\/div>","protected":false},"excerpt":{"rendered":"<p data-start=\"0\" data-end=\"384\"><br data-start=\"4640\" data-end=\"4643\" \/>254\u00d790-40 MSL rueda de marcha ranurada es una rueda duradera y de alto rendimiento utilizada en carretillas elevadoras y veh\u00edculos industriales. Tiene un di\u00e1metro de 254 mm, ancho de 90 mm y eje de 40 mm. La superficie ranurada proporciona mejor tracci\u00f3n y agarre. Con alta resistencia al desgaste y construcci\u00f3n robusta, ofrece una larga vida \u00fatil en condiciones de trabajo dif\u00edciles.<\/p>\n<p data-start=\"5030\" data-end=\"5429\"><strong data-start=\"5030\" data-end=\"5050\">Caracter\u00edsticas:<\/strong><br data-start=\"5050\" data-end=\"5053\" \/><strong data-start=\"5053\" data-end=\"5077\">Nombre del producto:<\/strong> 254\u00d790-40 MSL rueda de marcha ranurada<br data-start=\"5116\" data-end=\"5119\" \/><strong data-start=\"5119\" data-end=\"5139\">C\u00f3digo de pieza:<\/strong> 580052985<br data-start=\"5149\" data-end=\"5152\" \/><strong data-start=\"5152\" data-end=\"5165\">Material:<\/strong> Revestimiento de goma duradero y cuerpo met\u00e1lico robusto<br data-start=\"5222\" data-end=\"5225\" \/><strong data-start=\"5225\" data-end=\"5248\">\u00c1rea de aplicaci\u00f3n:<\/strong> Rueda de marcha para carretillas elevadoras y veh\u00edculos industriales<br data-start=\"5317\" data-end=\"5320\" \/><strong data-start=\"5320\" data-end=\"5332\">Ventaja:<\/strong> Mejor tracci\u00f3n gracias a la superficie ranurada, alta resistencia al desgaste, larga vida \u00fatil<\/p>\n<p>&nbsp;<\/p>\n","protected":false},"featured_media":11305,"template":"","meta":[],"product_brand":[],"product_cat":[397,256,260,395,193],"product_tag":[214],"class_list":{"0":"post-11304","1":"product","2":"type-product","3":"status-publish","4":"has-post-thumbnail","6":"product_cat-yuruyus-tekeri-ceo","7":"product_cat-hyster","8":"product_cat-yuruyus-tekeri-hyster","9":"product_cat-ceoparts","10":"product_cat-yuruyus-tekeri","11":"product_tag-yale","13":"first","14":"instock","15":"taxable","16":"shipping-taxable","17":"purchasable","18":"product-type-simple"},"_links":{"self":[{"href":"https:\/\/ceoparts.com\/es\/wp-json\/wp\/v2\/product\/11304","targetHints":{"allow":["GET"]}}],"collection":[{"href":"https:\/\/ceoparts.com\/es\/wp-json\/wp\/v2\/product"}],"about":[{"href":"https:\/\/ceoparts.com\/es\/wp-json\/wp\/v2\/types\/product"}],"wp:featuredmedia":[{"embeddable":true,"href":"https:\/\/ceoparts.com\/es\/wp-json\/wp\/v2\/media\/11305"}],"wp:attachment":[{"href":"https:\/\/ceoparts.com\/es\/wp-json\/wp\/v2\/media?parent=11304"}],"wp:term":[{"taxonomy":"product_brand","embeddable":true,"href":"https:\/\/ceoparts.com\/es\/wp-json\/wp\/v2\/product_brand?post=11304"},{"taxonomy":"product_cat","embeddable":true,"href":"https:\/\/ceoparts.com\/es\/wp-json\/wp\/v2\/product_cat?post=11304"},{"taxonomy":"product_tag","embeddable":true,"href":"https:\/\/ceoparts.com\/es\/wp-json\/wp\/v2\/product_tag?post=11304"}],"curies":[{"name":"wp","href":"https:\/\/api.w.org\/{rel}","templated":true}]}}