{"id":11309,"date":"2024-10-10T17:44:57","date_gmt":"2024-10-10T14:44:57","guid":{"rendered":"https:\/\/ceoparts.com\/?post_type=product&#038;p=11309"},"modified":"2026-05-16T13:29:14","modified_gmt":"2026-05-16T10:29:14","slug":"254x102-80-wicke-yuruyus-tekeri","status":"publish","type":"product","link":"https:\/\/ceoparts.com\/es\/urun\/254x102-80-wicke-yuruyus-tekeri\/","title":{"rendered":"254&#215;102-80 Wicke Rueda a pie"},"content":{"rendered":"<p>254&#215;102-80 Wicke Rueda a pie<\/p>\n<div class=\"font12\">Linde 0039902311<\/div>\n<div class=\"font12\"><\/div>\n<div class=\"font12\">1110\u00a0V08-01\/V08-02<br \/>\n1111\u00a0N20VI &#8211; N20VLI<br \/>\n1190\u00a0P30C\/P50C<br \/>\n131\u00a0T20AP\/T20SP<br \/>\n131\u00a0T30<br \/>\n131\u00a0L14\/16AS<br \/>\n131\u00a0P50<br \/>\n132\u00a0N20\/N24\/N20L\/N20LI<br \/>\n132\u00a0P30<br \/>\n133\u00a0L12\/L14-L12L\/L14L-L12LHP<br \/>\n139\u00a0L12\/16R<br \/>\n140\u00a0T20R<br \/>\n141\u00a0P30\/50<br \/>\n141\u00a0T20AP<br \/>\n141\u00a0T20\/30<br \/>\n141\u00a0L12L\/L12LP<br \/>\n141\u00a0L16AS<br \/>\n144\u00a0T20S\/T20SF<br \/>\n144\u00a0L12LS\/L20LS<br \/>\n149\u00a0N20\/N25\/N20L\/LI\/LX<br \/>\n149\u00a0N20V-N20VI<br \/>\n149\u00a0P20<br \/>\n365\u00a0L14\/16\/L14AP\/16AP<\/div>\n<div class=\"font12\"><\/div>","protected":false},"excerpt":{"rendered":"<div>\n<p data-start=\"0\" data-end=\"442\"><br data-start=\"5015\" data-end=\"5018\" \/>254\u00d7102-80 Wicke rueda de marcha es una rueda duradera y confiable dise\u00f1ada para carretillas elevadoras y equipos de transporte industrial. Con un di\u00e1metro de 254 mm, ancho de 102 mm y eje de 80 mm, este producto ofrece una alta resistencia al desgaste y una larga vida \u00fatil gracias a los materiales de calidad y est\u00e1ndares de fabricaci\u00f3n de Wicke. Proporciona un funcionamiento silencioso y estable bajo condiciones de trabajo dif\u00edciles, mejorando la eficiencia operativa de las carretillas elevadoras.<\/p>\n<p data-start=\"5523\" data-end=\"5906\"><strong data-start=\"5523\" data-end=\"5543\">Caracter\u00edsticas:<\/strong><br data-start=\"5543\" data-end=\"5546\" \/><strong data-start=\"5546\" data-end=\"5570\">Nombre del producto:<\/strong> 254\u00d7102-80 Wicke rueda de marcha<br data-start=\"5603\" data-end=\"5606\" \/><strong data-start=\"5606\" data-end=\"5626\">C\u00f3digo de pieza:<\/strong> 0039902311<br data-start=\"5637\" data-end=\"5640\" \/><strong data-start=\"5640\" data-end=\"5653\">Material:<\/strong> Goma de alta calidad y cuerpo met\u00e1lico duradero<br data-start=\"5701\" data-end=\"5704\" \/><strong data-start=\"5704\" data-end=\"5727\">\u00c1rea de aplicaci\u00f3n:<\/strong> Rueda de marcha para carretillas elevadoras y equipos industriales<br data-start=\"5794\" data-end=\"5797\" \/><strong data-start=\"5797\" data-end=\"5809\">Ventaja:<\/strong> Alta resistencia al desgaste, funcionamiento silencioso, larga vida \u00fatil y rendimiento estable<\/p>\n<\/div>\n","protected":false},"featured_media":11310,"template":"","meta":[],"product_brand":[],"product_cat":[246,249,401,404,193],"product_tag":[],"class_list":{"0":"post-11309","1":"product","2":"type-product","3":"status-publish","4":"has-post-thumbnail","6":"product_cat-linde","7":"product_cat-yuruyus-tekeri-linde","8":"product_cat-wicke","9":"product_cat-yuruyus-tekeri-wicke","10":"product_cat-yuruyus-tekeri","12":"first","13":"instock","14":"taxable","15":"shipping-taxable","16":"purchasable","17":"product-type-simple"},"_links":{"self":[{"href":"https:\/\/ceoparts.com\/es\/wp-json\/wp\/v2\/product\/11309","targetHints":{"allow":["GET"]}}],"collection":[{"href":"https:\/\/ceoparts.com\/es\/wp-json\/wp\/v2\/product"}],"about":[{"href":"https:\/\/ceoparts.com\/es\/wp-json\/wp\/v2\/types\/product"}],"wp:featuredmedia":[{"embeddable":true,"href":"https:\/\/ceoparts.com\/es\/wp-json\/wp\/v2\/media\/11310"}],"wp:attachment":[{"href":"https:\/\/ceoparts.com\/es\/wp-json\/wp\/v2\/media?parent=11309"}],"wp:term":[{"taxonomy":"product_brand","embeddable":true,"href":"https:\/\/ceoparts.com\/es\/wp-json\/wp\/v2\/product_brand?post=11309"},{"taxonomy":"product_cat","embeddable":true,"href":"https:\/\/ceoparts.com\/es\/wp-json\/wp\/v2\/product_cat?post=11309"},{"taxonomy":"product_tag","embeddable":true,"href":"https:\/\/ceoparts.com\/es\/wp-json\/wp\/v2\/product_tag?post=11309"}],"curies":[{"name":"wp","href":"https:\/\/api.w.org\/{rel}","templated":true}]}}