{"id":11401,"date":"2024-10-14T15:19:52","date_gmt":"2024-10-14T12:19:52","guid":{"rendered":"https:\/\/ceoparts.com\/?post_type=product&#038;p=11401"},"modified":"2026-05-16T10:52:42","modified_gmt":"2026-05-16T07:52:42","slug":"80x70-20-beyaz-transpalet-tekerlegi","status":"publish","type":"product","link":"https:\/\/ceoparts.com\/es\/urun\/80x70-20-beyaz-transpalet-tekerlegi\/","title":{"rendered":"80&#215;70-20Rueda de transpaleta de poliamida blanca &#8211; 51590760"},"content":{"rendered":"<p>80&#215;70-20Rueda de transpaleta de poliamida blanca &#8211; 51590760<\/p>\n<p>80&#215;70-20Rueda de transpaleta de poliamida blanca &#8211; 51590760<\/p>\n<p>80&#215;70-20Rueda de transpaleta de poliamida blanca<\/p>","protected":false},"excerpt":{"rendered":"<p data-start=\"1385\" data-end=\"1570\">Esta rueda de poliamida blanca (80&#215;70 mm) est\u00e1 dise\u00f1ada para soportar cargas pesadas. Con un agujero de eje de 20 mm, es compatible con muchos modelos est\u00e1ndar de transpaletas manuales.<\/p>\n<p data-start=\"1572\" data-end=\"1604\"><strong data-start=\"1572\" data-end=\"1604\">Caracter\u00edsticas Principales:<\/strong><\/p>\n<ul data-start=\"1605\" data-end=\"1980\">\n<li data-start=\"1605\" data-end=\"1659\">\n<p data-start=\"1607\" data-end=\"1659\"><strong data-start=\"1607\" data-end=\"1620\">Material:<\/strong> Poliamida blanca de alta resistencia<\/p>\n<\/li>\n<li data-start=\"1660\" data-end=\"1710\">\n<p data-start=\"1662\" data-end=\"1710\"><strong data-start=\"1662\" data-end=\"1678\">Dimensiones:<\/strong> Di\u00e1metro: 80 mm, Ancho: 70 mm<\/p>\n<\/li>\n<li data-start=\"1711\" data-end=\"1741\">\n<p data-start=\"1713\" data-end=\"1741\"><strong data-start=\"1713\" data-end=\"1733\">Agujero del eje:<\/strong> 20 mm<\/p>\n<\/li>\n<li data-start=\"1742\" data-end=\"1826\">\n<p data-start=\"1744\" data-end=\"1826\"><strong data-start=\"1744\" data-end=\"1761\">Aplicaciones:<\/strong> Transpaletas manuales, equipos de almac\u00e9n, sistemas log\u00edsticos<\/p>\n<\/li>\n<li data-start=\"1827\" data-end=\"1910\">\n<p data-start=\"1829\" data-end=\"1910\"><strong data-start=\"1829\" data-end=\"1862\">Alta resistencia al desgaste:<\/strong> Ideal para superficies duras y uso prolongado<\/p>\n<\/li>\n<li data-start=\"1911\" data-end=\"1980\">\n<p data-start=\"1913\" data-end=\"1980\"><strong data-start=\"1913\" data-end=\"1951\">Funcionamiento suave y silencioso:<\/strong> Bajo coeficiente de fricci\u00f3n<\/p>\n<\/li>\n<\/ul>\n","protected":false},"featured_media":11404,"template":"","meta":[],"product_brand":[],"product_cat":[539,506,541],"product_tag":[],"class_list":{"0":"post-11401","1":"product","2":"type-product","3":"status-publish","4":"has-post-thumbnail","6":"product_cat-transpalet-tekeri","7":"product_cat-tekerler-mekanizmalar","8":"product_cat-poliamid-transpalet-tekeri","10":"first","11":"instock","12":"taxable","13":"shipping-taxable","14":"purchasable","15":"product-type-simple"},"_links":{"self":[{"href":"https:\/\/ceoparts.com\/es\/wp-json\/wp\/v2\/product\/11401","targetHints":{"allow":["GET"]}}],"collection":[{"href":"https:\/\/ceoparts.com\/es\/wp-json\/wp\/v2\/product"}],"about":[{"href":"https:\/\/ceoparts.com\/es\/wp-json\/wp\/v2\/types\/product"}],"wp:featuredmedia":[{"embeddable":true,"href":"https:\/\/ceoparts.com\/es\/wp-json\/wp\/v2\/media\/11404"}],"wp:attachment":[{"href":"https:\/\/ceoparts.com\/es\/wp-json\/wp\/v2\/media?parent=11401"}],"wp:term":[{"taxonomy":"product_brand","embeddable":true,"href":"https:\/\/ceoparts.com\/es\/wp-json\/wp\/v2\/product_brand?post=11401"},{"taxonomy":"product_cat","embeddable":true,"href":"https:\/\/ceoparts.com\/es\/wp-json\/wp\/v2\/product_cat?post=11401"},{"taxonomy":"product_tag","embeddable":true,"href":"https:\/\/ceoparts.com\/es\/wp-json\/wp\/v2\/product_tag?post=11401"}],"curies":[{"name":"wp","href":"https:\/\/api.w.org\/{rel}","templated":true}]}}