{"id":11421,"date":"2024-10-15T17:12:38","date_gmt":"2024-10-15T14:12:38","guid":{"rendered":"https:\/\/ceoparts.com\/?post_type=product&#038;p=11421"},"modified":"2026-05-16T06:17:29","modified_gmt":"2026-05-16T03:17:29","slug":"75x30-30-17-ceoparts-denge-tekeri-kopya","status":"publish","type":"product","link":"https:\/\/ceoparts.com\/es\/urun\/75x30-30-17-ceoparts-denge-tekeri-kopya\/","title":{"rendered":"80&#215;30-17,5 Ceoparts Rueda Auxiliar"},"content":{"rendered":"<p>80&#215;30-17,5 Ceoparts Rueda Auxiliar<\/p>","protected":false},"excerpt":{"rendered":"<p data-start=\"99\" data-end=\"538\"><br data-start=\"4888\" data-end=\"4891\" \/>Rueda estabilizadora 80\u00d730-17,5 Ceoparts es una rueda de calidad y resistente utilizada en carretillas elevadoras y equipos de almac\u00e9n para mejorar la estabilidad y maniobrabilidad. Con un di\u00e1metro de 80 mm, ancho de 30 mm y eje de 17,5 mm, ofrece desplazamiento equilibrado y sin vibraciones en espacios reducidos. Fabricada con poliuretano de alta calidad Ceoparts, proporciona excelente resistencia al desgaste y larga vida \u00fatil.<\/p>\n<p data-start=\"5325\" data-end=\"5708\"><strong data-start=\"5325\" data-end=\"5345\">Caracter\u00edsticas:<\/strong><br data-start=\"5345\" data-end=\"5348\" \/><strong data-start=\"5348\" data-end=\"5372\">Nombre del producto:<\/strong> Rueda estabilizadora 80\u00d730-17,5 Ceoparts<br data-start=\"5413\" data-end=\"5416\" \/><strong data-start=\"5416\" data-end=\"5436\">C\u00f3digo de pieza:<\/strong> No especificado<br data-start=\"5452\" data-end=\"5455\" \/><strong data-start=\"5455\" data-end=\"5468\">Material:<\/strong> Poliuretano resistente al desgaste y cuerpo de acero<br data-start=\"5521\" data-end=\"5524\" \/><strong data-start=\"5524\" data-end=\"5547\">\u00c1rea de aplicaci\u00f3n:<\/strong> Rueda estabilizadora para carretillas elevadoras y equipos de almac\u00e9n<br data-start=\"5617\" data-end=\"5620\" \/><strong data-start=\"5620\" data-end=\"5632\">Ventaja:<\/strong> Movimiento sin vibraciones, larga vida \u00fatil, alta resistencia al desgaste<\/p>\n","protected":false},"featured_media":16469,"template":"","meta":[],"product_brand":[],"product_cat":[395,396,185],"product_tag":[],"class_list":{"0":"post-11421","1":"product","2":"type-product","3":"status-publish","4":"has-post-thumbnail","6":"product_cat-ceoparts","7":"product_cat-denge-tekeri-ceo","8":"product_cat-denge-tekeri","10":"first","11":"instock","12":"taxable","13":"shipping-taxable","14":"purchasable","15":"product-type-simple"},"_links":{"self":[{"href":"https:\/\/ceoparts.com\/es\/wp-json\/wp\/v2\/product\/11421","targetHints":{"allow":["GET"]}}],"collection":[{"href":"https:\/\/ceoparts.com\/es\/wp-json\/wp\/v2\/product"}],"about":[{"href":"https:\/\/ceoparts.com\/es\/wp-json\/wp\/v2\/types\/product"}],"wp:featuredmedia":[{"embeddable":true,"href":"https:\/\/ceoparts.com\/es\/wp-json\/wp\/v2\/media\/16469"}],"wp:attachment":[{"href":"https:\/\/ceoparts.com\/es\/wp-json\/wp\/v2\/media?parent=11421"}],"wp:term":[{"taxonomy":"product_brand","embeddable":true,"href":"https:\/\/ceoparts.com\/es\/wp-json\/wp\/v2\/product_brand?post=11421"},{"taxonomy":"product_cat","embeddable":true,"href":"https:\/\/ceoparts.com\/es\/wp-json\/wp\/v2\/product_cat?post=11421"},{"taxonomy":"product_tag","embeddable":true,"href":"https:\/\/ceoparts.com\/es\/wp-json\/wp\/v2\/product_tag?post=11421"}],"curies":[{"name":"wp","href":"https:\/\/api.w.org\/{rel}","templated":true}]}}