{"id":11500,"date":"2024-10-17T13:23:21","date_gmt":"2024-10-17T10:23:21","guid":{"rendered":"https:\/\/ceoparts.com\/?post_type=product&#038;p=11500"},"modified":"2026-05-16T14:17:32","modified_gmt":"2026-05-16T11:17:32","slug":"254x102-45-wicke-yuruyus-tekeri","status":"publish","type":"product","link":"https:\/\/ceoparts.com\/es\/urun\/254x102-45-wicke-yuruyus-tekeri\/","title":{"rendered":"254&#215;102-45 Wicke Rueda a pie &#8211; 0009934121"},"content":{"rendered":"<p>254&#215;102-45 Wicke Rueda a pie &#8211; 0009934121<\/p>\n<p>Linde Still\u00a00009934121<\/p>\n<p>FXV 14N\/FXV 16N\u00a0 FXD20\u00a0FXV14 \/ FXV16 SXH 20\u00a0SXD 20\u00a0SXD 20 FXD20N\u00a0FXV14N \/ FXV16N\u00a0FXH20 \/ FXH25\u00a0FXV14 \/ FXV16<\/p>","protected":false},"excerpt":{"rendered":"<p data-start=\"0\" data-end=\"309\"><br data-start=\"3844\" data-end=\"3847\" \/>Rueda motriz 254\u00d7102-45 Wicke es una rueda duradera y fiable utilizada en montacargas y maquinaria industrial. Con un di\u00e1metro de 254 mm y un ancho de 102 mm, esta rueda ofrece un alto rendimiento y una larga vida \u00fatil en condiciones de trabajo dif\u00edciles. Su material de caucho de calidad proporciona una superficie antideslizante.<\/p>\n<p data-start=\"4180\" data-end=\"4503\" data-is-last-node=\"\" data-is-only-node=\"\"><strong data-start=\"4180\" data-end=\"4200\">Caracter\u00edsticas:<\/strong><br data-start=\"4200\" data-end=\"4203\" \/><strong data-start=\"4203\" data-end=\"4227\">Nombre del producto:<\/strong> Rueda motriz 254\u00d7102-45 Wicke<br data-start=\"4257\" data-end=\"4260\" \/><strong data-start=\"4260\" data-end=\"4280\">C\u00f3digo de pieza:<\/strong> 0009934121<br data-start=\"4291\" data-end=\"4294\" \/><strong data-start=\"4294\" data-end=\"4307\">Material:<\/strong> Caucho duradero y construcci\u00f3n met\u00e1lica<br data-start=\"4347\" data-end=\"4350\" \/><strong data-start=\"4350\" data-end=\"4373\">\u00c1rea de aplicaci\u00f3n:<\/strong> Rueda motriz para montacargas y maquinaria industrial<br data-start=\"4427\" data-end=\"4430\" \/><strong data-start=\"4430\" data-end=\"4442\">Ventaja:<\/strong> Superficie antideslizante, larga vida \u00fatil, alta durabilidad<\/p>\n<p>&nbsp;<\/p>\n","protected":false},"featured_media":11501,"template":"","meta":[],"product_brand":[],"product_cat":[241,244,246,249,401,404,193],"product_tag":[],"class_list":{"0":"post-11500","1":"product","2":"type-product","3":"status-publish","4":"has-post-thumbnail","6":"product_cat-still","7":"product_cat-yuruyus-tekeri-still","8":"product_cat-linde","9":"product_cat-yuruyus-tekeri-linde","10":"product_cat-wicke","11":"product_cat-yuruyus-tekeri-wicke","12":"product_cat-yuruyus-tekeri","14":"first","15":"instock","16":"taxable","17":"shipping-taxable","18":"purchasable","19":"product-type-simple"},"_links":{"self":[{"href":"https:\/\/ceoparts.com\/es\/wp-json\/wp\/v2\/product\/11500","targetHints":{"allow":["GET"]}}],"collection":[{"href":"https:\/\/ceoparts.com\/es\/wp-json\/wp\/v2\/product"}],"about":[{"href":"https:\/\/ceoparts.com\/es\/wp-json\/wp\/v2\/types\/product"}],"wp:featuredmedia":[{"embeddable":true,"href":"https:\/\/ceoparts.com\/es\/wp-json\/wp\/v2\/media\/11501"}],"wp:attachment":[{"href":"https:\/\/ceoparts.com\/es\/wp-json\/wp\/v2\/media?parent=11500"}],"wp:term":[{"taxonomy":"product_brand","embeddable":true,"href":"https:\/\/ceoparts.com\/es\/wp-json\/wp\/v2\/product_brand?post=11500"},{"taxonomy":"product_cat","embeddable":true,"href":"https:\/\/ceoparts.com\/es\/wp-json\/wp\/v2\/product_cat?post=11500"},{"taxonomy":"product_tag","embeddable":true,"href":"https:\/\/ceoparts.com\/es\/wp-json\/wp\/v2\/product_tag?post=11500"}],"curies":[{"name":"wp","href":"https:\/\/api.w.org\/{rel}","templated":true}]}}