{"id":11538,"date":"2024-10-18T15:03:42","date_gmt":"2024-10-18T12:03:42","guid":{"rendered":"https:\/\/ceoparts.com\/?post_type=product&#038;p=11538"},"modified":"2026-05-16T10:58:02","modified_gmt":"2026-05-16T07:58:02","slug":"125x54-60-20-ceoparts-denge-tekeri-51077215","status":"publish","type":"product","link":"https:\/\/ceoparts.com\/es\/urun\/125x54-60-20-ceoparts-denge-tekeri-51077215\/","title":{"rendered":"125\u00d754\/60-20 Ceoparts Rueda Auxiliar &#8211; 51077215 , 0009934060"},"content":{"rendered":"<p>125\u00d754\/60-20 Ceoparts Rueda Auxiliar &#8211; 51077215 , 0009934060<\/p>\n<table style=\"font-weight: 400;\" width=\"208\">\n<tbody>\n<tr>\n<td width=\"122\">ERE 120<\/td>\n<td width=\"86\">9.05 &#8211; 10.07<\/td>\n<\/tr>\n<tr>\n<td>ECE 118<\/td>\n<td>12.06 &#8211; 3.10<\/td>\n<\/tr>\n<tr>\n<td>ERE 120<\/td>\n<td>6.08 &#8211;<\/td>\n<\/tr>\n<tr>\n<td>ERE 120 (Qingpu)<\/td>\n<td>1.09 &#8211; 8.09<\/td>\n<\/tr>\n<tr>\n<td>ERD K18<\/td>\n<td>10.09 &#8211;<\/td>\n<\/tr>\n<\/tbody>\n<\/table>","protected":false},"excerpt":{"rendered":"<p data-start=\"0\" data-end=\"291\"><br data-start=\"3974\" data-end=\"3977\" \/>Rueda estabilizadora 125\u00d754\/60-20 Ceoparts es una rueda duradera y de calidad utilizada en montacargas y maquinaria industrial. Con un di\u00e1metro de 125 mm, ancho de 54\/60 mm y grosor de 20 mm, mejora la estabilidad del montacargas. Construcci\u00f3n robusta para larga vida \u00fatil y adecuada para condiciones de trabajo dif\u00edciles.<\/p>\n<p data-start=\"4301\" data-end=\"4635\" data-is-last-node=\"\" data-is-only-node=\"\"><strong data-start=\"4301\" data-end=\"4321\">Caracter\u00edsticas:<\/strong><br data-start=\"4321\" data-end=\"4324\" \/><strong data-start=\"4324\" data-end=\"4348\">Nombre del producto:<\/strong> Rueda estabilizadora 125\u00d754\/60-20 Ceoparts<br data-start=\"4391\" data-end=\"4394\" \/><strong data-start=\"4394\" data-end=\"4414\">C\u00f3digo de pieza:<\/strong> 51077215, 0009934060<br data-start=\"4435\" data-end=\"4438\" \/><strong data-start=\"4438\" data-end=\"4451\">Material:<\/strong> Goma duradera y metal<br data-start=\"4473\" data-end=\"4476\" \/><strong data-start=\"4476\" data-end=\"4499\">\u00c1rea de aplicaci\u00f3n:<\/strong> Rueda estabilizadora para montacargas y maquinaria industrial<br data-start=\"4561\" data-end=\"4564\" \/><strong data-start=\"4564\" data-end=\"4576\">Ventaja:<\/strong> Alta durabilidad, proporciona estabilidad, larga vida \u00fatil<\/p>\n<p>&nbsp;<\/p>\n","protected":false},"featured_media":11539,"template":"","meta":[],"product_brand":[],"product_cat":[395,396,185],"product_tag":[],"class_list":{"0":"post-11538","1":"product","2":"type-product","3":"status-publish","4":"has-post-thumbnail","6":"product_cat-ceoparts","7":"product_cat-denge-tekeri-ceo","8":"product_cat-denge-tekeri","10":"first","11":"instock","12":"taxable","13":"shipping-taxable","14":"purchasable","15":"product-type-simple"},"_links":{"self":[{"href":"https:\/\/ceoparts.com\/es\/wp-json\/wp\/v2\/product\/11538","targetHints":{"allow":["GET"]}}],"collection":[{"href":"https:\/\/ceoparts.com\/es\/wp-json\/wp\/v2\/product"}],"about":[{"href":"https:\/\/ceoparts.com\/es\/wp-json\/wp\/v2\/types\/product"}],"wp:featuredmedia":[{"embeddable":true,"href":"https:\/\/ceoparts.com\/es\/wp-json\/wp\/v2\/media\/11539"}],"wp:attachment":[{"href":"https:\/\/ceoparts.com\/es\/wp-json\/wp\/v2\/media?parent=11538"}],"wp:term":[{"taxonomy":"product_brand","embeddable":true,"href":"https:\/\/ceoparts.com\/es\/wp-json\/wp\/v2\/product_brand?post=11538"},{"taxonomy":"product_cat","embeddable":true,"href":"https:\/\/ceoparts.com\/es\/wp-json\/wp\/v2\/product_cat?post=11538"},{"taxonomy":"product_tag","embeddable":true,"href":"https:\/\/ceoparts.com\/es\/wp-json\/wp\/v2\/product_tag?post=11538"}],"curies":[{"name":"wp","href":"https:\/\/api.w.org\/{rel}","templated":true}]}}