{"id":11543,"date":"2024-10-18T15:35:23","date_gmt":"2024-10-18T12:35:23","guid":{"rendered":"https:\/\/ceoparts.com\/?post_type=product&#038;p=11543"},"modified":"2026-05-16T14:16:24","modified_gmt":"2026-05-16T11:16:24","slug":"350x127-80-wicke-p-yuruyus-tekeri-162602-220403","status":"publish","type":"product","link":"https:\/\/ceoparts.com\/es\/urun\/350x127-80-wicke-p-yuruyus-tekeri-162602-220403\/","title":{"rendered":"350&#215;127-80 Wicke Rueda a pie &#8211; 162602 \/ 220403"},"content":{"rendered":"<p>350&#215;127-80 Wicke Rueda a pie &#8211; 162602 \/ 220403<\/p>\n<p><\/p>\n<div class=\"font12\">C15 Vector<br \/>\nVCE 125ACSF<br \/>\nVCE 125ASF<br \/>\nVCE 150A<br \/>\nVCE 150AC<br \/>\nFR 2.7 FREFLAX AC<br \/>\nFRE 270<br \/>\nRR B4-B6 REFLEX AC<br \/>\nRR B4-B6 REFLEX DC<br \/>\nRR B4CC-6CC<br \/>\nRR B5-B6 REFLEX AC<br \/>\nRR B6<br \/>\nRR B7<br \/>\nRR B7-B8 REFLEX AC<br \/>\nRR B7-B8 REFLEX DC<br \/>\nRR B7CC-8CC<br \/>\nRR E4-E6 REFLEX AC<br \/>\nRR E4-E6 REFLEX DC<br \/>\nRR E4CC-E6CC<br \/>\nRR E5-E6 REFLEX AC<br \/>\nRR E6<br \/>\nRR E7<br \/>\nRR E7-E8 REFLEX AC<br \/>\nRR E7-E8 REFLEX DC<br \/>\nRR E7CC-E8CC<br \/>\nVR C<br \/>\nVR SF<br \/>\nVR SF C<br \/>\nVR VEFLEX<\/div>\n<div class=\"font12\"><\/div>\n<div class=\"font12\">RRE140\/E<br \/>\nRRE160\/E<br \/>\nRRE180\/E<br \/>\nRRE200\/E<br \/>\nRRE250\/<\/div>\n<p><\/p>","protected":false},"excerpt":{"rendered":"<p data-start=\"0\" data-end=\"301\"><br data-start=\"3850\" data-end=\"3853\" \/>Rueda motriz 350\u00d7127-80 Wicke es una rueda duradera y de alto rendimiento utilizada en montacargas y maquinaria industrial. Su construcci\u00f3n robusta y material de caucho de calidad aseguran una larga vida \u00fatil. Con un di\u00e1metro de 350 mm y un ancho de 127 mm, proporciona un movimiento fiable en condiciones de trabajo dif\u00edciles.<\/p>\n<p data-start=\"4182\" data-end=\"4502\" data-is-last-node=\"\" data-is-only-node=\"\"><strong data-start=\"4182\" data-end=\"4202\">Caracter\u00edsticas:<\/strong><br data-start=\"4202\" data-end=\"4205\" \/><strong data-start=\"4205\" data-end=\"4229\">Nombre del producto:<\/strong> Rueda motriz 350\u00d7127-80 Wicke<br data-start=\"4259\" data-end=\"4262\" \/><strong data-start=\"4262\" data-end=\"4282\">C\u00f3digo de pieza:<\/strong> 162602, 220403<br data-start=\"4297\" data-end=\"4300\" \/><strong data-start=\"4300\" data-end=\"4313\">Material:<\/strong> Caucho duradero y construcci\u00f3n met\u00e1lica<br data-start=\"4353\" data-end=\"4356\" \/><strong data-start=\"4356\" data-end=\"4379\">\u00c1rea de aplicaci\u00f3n:<\/strong> Rueda motriz para montacargas y maquinaria industrial<br data-start=\"4433\" data-end=\"4436\" \/><strong data-start=\"4436\" data-end=\"4448\">Ventaja:<\/strong> Alta durabilidad, larga vida \u00fatil, rendimiento fiable<\/p>\n","protected":false},"featured_media":11544,"template":"","meta":[],"product_brand":[],"product_cat":[251,254,401,404,193],"product_tag":[],"class_list":{"0":"post-11543","1":"product","2":"type-product","3":"status-publish","4":"has-post-thumbnail","6":"product_cat-bt","7":"product_cat-yuruyus-tekeri-bt","8":"product_cat-wicke","9":"product_cat-yuruyus-tekeri-wicke","10":"product_cat-yuruyus-tekeri","12":"first","13":"instock","14":"taxable","15":"shipping-taxable","16":"purchasable","17":"product-type-simple"},"_links":{"self":[{"href":"https:\/\/ceoparts.com\/es\/wp-json\/wp\/v2\/product\/11543","targetHints":{"allow":["GET"]}}],"collection":[{"href":"https:\/\/ceoparts.com\/es\/wp-json\/wp\/v2\/product"}],"about":[{"href":"https:\/\/ceoparts.com\/es\/wp-json\/wp\/v2\/types\/product"}],"wp:featuredmedia":[{"embeddable":true,"href":"https:\/\/ceoparts.com\/es\/wp-json\/wp\/v2\/media\/11544"}],"wp:attachment":[{"href":"https:\/\/ceoparts.com\/es\/wp-json\/wp\/v2\/media?parent=11543"}],"wp:term":[{"taxonomy":"product_brand","embeddable":true,"href":"https:\/\/ceoparts.com\/es\/wp-json\/wp\/v2\/product_brand?post=11543"},{"taxonomy":"product_cat","embeddable":true,"href":"https:\/\/ceoparts.com\/es\/wp-json\/wp\/v2\/product_cat?post=11543"},{"taxonomy":"product_tag","embeddable":true,"href":"https:\/\/ceoparts.com\/es\/wp-json\/wp\/v2\/product_tag?post=11543"}],"curies":[{"name":"wp","href":"https:\/\/api.w.org\/{rel}","templated":true}]}}