{"id":11593,"date":"2024-10-24T13:03:29","date_gmt":"2024-10-24T10:03:29","guid":{"rendered":"https:\/\/ceoparts.com\/?post_type=product&#038;p=11593"},"modified":"2026-05-06T16:21:48","modified_gmt":"2026-05-06T13:21:48","slug":"still-sac-ii-umrichter-karti-80v-600a-51523654201","status":"publish","type":"product","link":"https:\/\/ceoparts.com\/es\/urun\/still-sac-ii-umrichter-karti-80v-600a-51523654201\/","title":{"rendered":"STILL Sac II Umrichter Kart\u0131 80V 600A &#8211; 51523654201"},"content":{"rendered":"<p>STILL Sac II Umrichter Kart\u0131 80V 600A &#8211; 51523654201<\/p>\n","protected":false},"excerpt":{"rendered":"<p data-start=\"0\" data-end=\"339\"><br data-start=\"4400\" data-end=\"4403\" \/>Placa inversora STILL Sac II 80V 600A es una placa de control de potencia original utilizada en montacargas y maquinaria industrial. Soporta el funcionamiento eficiente y seguro del motor el\u00e9ctrico con un voltaje de 80V y una corriente de 600A. Fabricada con componentes electr\u00f3nicos duraderos para larga vida \u00fatil. Producto usado probado y funcional.<\/p>\n<p data-start=\"4756\" data-end=\"5152\" data-is-last-node=\"\" data-is-only-node=\"\"><strong data-start=\"4756\" data-end=\"4776\">Caracter\u00edsticas:<\/strong><br data-start=\"4776\" data-end=\"4779\" \/><strong data-start=\"4779\" data-end=\"4803\">Nombre del producto:<\/strong> Placa inversora STILL Sac II 80V 600A<br data-start=\"4841\" data-end=\"4844\" \/><strong data-start=\"4844\" data-end=\"4864\">C\u00f3digo de pieza:<\/strong> 51523654201<br data-start=\"4876\" data-end=\"4879\" \/><strong data-start=\"4879\" data-end=\"4892\">Material:<\/strong> Circuito electr\u00f3nico de alta calidad y carcasa pl\u00e1stica duradera<br data-start=\"4957\" data-end=\"4960\" \/><strong data-start=\"4960\" data-end=\"4983\">\u00c1rea de aplicaci\u00f3n:<\/strong> Placa de control de potencia para montacargas y maquinaria industrial<br data-start=\"5053\" data-end=\"5056\" \/><strong data-start=\"5056\" data-end=\"5068\">Ventaja:<\/strong> Alta capacidad de corriente, construcci\u00f3n robusta, producto de segunda mano probado<\/p>\n","protected":false},"featured_media":11596,"template":"","meta":[],"product_brand":[],"product_cat":[241,431,524],"product_tag":[],"class_list":{"0":"post-11593","1":"product","2":"type-product","3":"status-publish","4":"has-post-thumbnail","6":"product_cat-still","7":"product_cat-ekranlar-ve-kartlar","8":"product_cat-yedek-parca-still","10":"first","11":"instock","12":"taxable","13":"shipping-taxable","14":"purchasable","15":"product-type-simple"},"_links":{"self":[{"href":"https:\/\/ceoparts.com\/es\/wp-json\/wp\/v2\/product\/11593","targetHints":{"allow":["GET"]}}],"collection":[{"href":"https:\/\/ceoparts.com\/es\/wp-json\/wp\/v2\/product"}],"about":[{"href":"https:\/\/ceoparts.com\/es\/wp-json\/wp\/v2\/types\/product"}],"wp:featuredmedia":[{"embeddable":true,"href":"https:\/\/ceoparts.com\/es\/wp-json\/wp\/v2\/media\/11596"}],"wp:attachment":[{"href":"https:\/\/ceoparts.com\/es\/wp-json\/wp\/v2\/media?parent=11593"}],"wp:term":[{"taxonomy":"product_brand","embeddable":true,"href":"https:\/\/ceoparts.com\/es\/wp-json\/wp\/v2\/product_brand?post=11593"},{"taxonomy":"product_cat","embeddable":true,"href":"https:\/\/ceoparts.com\/es\/wp-json\/wp\/v2\/product_cat?post=11593"},{"taxonomy":"product_tag","embeddable":true,"href":"https:\/\/ceoparts.com\/es\/wp-json\/wp\/v2\/product_tag?post=11593"}],"curies":[{"name":"wp","href":"https:\/\/api.w.org\/{rel}","templated":true}]}}