{"id":11604,"date":"2024-10-24T17:27:27","date_gmt":"2024-10-24T14:27:27","guid":{"rendered":"https:\/\/ceoparts.com\/?post_type=product&#038;p=11604"},"modified":"2026-05-16T09:34:14","modified_gmt":"2026-05-16T06:34:14","slug":"still-abe2-forklift-gosterge-kontrol-paneli-57310052646","status":"publish","type":"product","link":"https:\/\/ceoparts.com\/es\/urun\/still-abe2-forklift-gosterge-kontrol-paneli-57310052646\/","title":{"rendered":"Panel de control de visualizaci\u00f3n STILL Abe2 montacargas &#8211; 57310052646"},"content":{"rendered":"<p>Panel de control de visualizaci\u00f3n STILL Abe2 montacargas &#8211; 57310052646<\/p>","protected":false},"excerpt":{"rendered":"<p data-start=\"0\" data-end=\"310\"><br data-start=\"4114\" data-end=\"4117\" \/>Panel de control indicador STILL Abe2 para montacargas es un panel de control original utilizado en montacargas y maquinaria industrial. Gestiona electr\u00f3nicamente los indicadores y funciones del veh\u00edculo. Fabricado con materiales duraderos y componentes electr\u00f3nicos de calidad. Producto usado probado y funcional.<\/p>\n<p data-start=\"4433\" data-end=\"4800\" data-is-last-node=\"\" data-is-only-node=\"\"><strong data-start=\"4433\" data-end=\"4453\">Caracter\u00edsticas:<\/strong><br data-start=\"4453\" data-end=\"4456\" \/><strong data-start=\"4456\" data-end=\"4480\">Nombre del producto:<\/strong> Panel de control indicador STILL Abe2<br data-start=\"4518\" data-end=\"4521\" \/><strong data-start=\"4521\" data-end=\"4541\">C\u00f3digo de pieza:<\/strong> 57310052646<br data-start=\"4553\" data-end=\"4556\" \/><strong data-start=\"4556\" data-end=\"4569\">Material:<\/strong> Circuito electr\u00f3nico de alta calidad y carcasa pl\u00e1stica resistente<br data-start=\"4636\" data-end=\"4639\" \/><strong data-start=\"4639\" data-end=\"4662\">\u00c1rea de aplicaci\u00f3n:<\/strong> Sistema de indicadores y control para montacargas<br data-start=\"4712\" data-end=\"4715\" \/><strong data-start=\"4715\" data-end=\"4727\">Ventaja:<\/strong> Medici\u00f3n precisa, construcci\u00f3n robusta, producto de segunda mano probado<\/p>\n","protected":false},"featured_media":11605,"template":"","meta":[],"product_brand":[],"product_cat":[241,431,524],"product_tag":[],"class_list":{"0":"post-11604","1":"product","2":"type-product","3":"status-publish","4":"has-post-thumbnail","6":"product_cat-still","7":"product_cat-ekranlar-ve-kartlar","8":"product_cat-yedek-parca-still","10":"first","11":"instock","12":"taxable","13":"shipping-taxable","14":"purchasable","15":"product-type-simple"},"_links":{"self":[{"href":"https:\/\/ceoparts.com\/es\/wp-json\/wp\/v2\/product\/11604","targetHints":{"allow":["GET"]}}],"collection":[{"href":"https:\/\/ceoparts.com\/es\/wp-json\/wp\/v2\/product"}],"about":[{"href":"https:\/\/ceoparts.com\/es\/wp-json\/wp\/v2\/types\/product"}],"wp:featuredmedia":[{"embeddable":true,"href":"https:\/\/ceoparts.com\/es\/wp-json\/wp\/v2\/media\/11605"}],"wp:attachment":[{"href":"https:\/\/ceoparts.com\/es\/wp-json\/wp\/v2\/media?parent=11604"}],"wp:term":[{"taxonomy":"product_brand","embeddable":true,"href":"https:\/\/ceoparts.com\/es\/wp-json\/wp\/v2\/product_brand?post=11604"},{"taxonomy":"product_cat","embeddable":true,"href":"https:\/\/ceoparts.com\/es\/wp-json\/wp\/v2\/product_cat?post=11604"},{"taxonomy":"product_tag","embeddable":true,"href":"https:\/\/ceoparts.com\/es\/wp-json\/wp\/v2\/product_tag?post=11604"}],"curies":[{"name":"wp","href":"https:\/\/api.w.org\/{rel}","templated":true}]}}