{"id":11611,"date":"2024-10-25T14:14:25","date_gmt":"2024-10-25T11:14:25","guid":{"rendered":"https:\/\/ceoparts.com\/?post_type=product&#038;p=11611"},"modified":"2026-05-16T03:49:03","modified_gmt":"2026-05-16T00:49:03","slug":"exu-grup-kart-24v-330a-3903601799","status":"publish","type":"product","link":"https:\/\/ceoparts.com\/es\/urun\/exu-grup-kart-24v-330a-3903601799\/","title":{"rendered":"Tarjeta de Grupo EXU 24V- 330A &#8211; 3903601799"},"content":{"rendered":"<p>Tarjeta de Grupo EXU 24V- 330A &#8211; 3903601799<\/p>","protected":false},"excerpt":{"rendered":"<p data-start=\"0\" data-end=\"324\"><br data-start=\"4257\" data-end=\"4260\" \/>Placa de grupo EXU 24V 330A es una placa de control de potencia original utilizada en montacargas y maquinaria industrial. Soporta el funcionamiento seguro y eficiente del motor el\u00e9ctrico con un voltaje de 24V y una corriente de 330A. Fabricada con componentes electr\u00f3nicos duraderos para larga vida \u00fatil. Producto usado probado y funcional.<\/p>\n<p data-start=\"4603\" data-end=\"4988\" data-is-last-node=\"\" data-is-only-node=\"\"><strong data-start=\"4603\" data-end=\"4623\">Caracter\u00edsticas:<\/strong><br data-start=\"4623\" data-end=\"4626\" \/><strong data-start=\"4626\" data-end=\"4650\">Nombre del producto:<\/strong> Placa de grupo EXU 24V 330A<br data-start=\"4678\" data-end=\"4681\" \/><strong data-start=\"4681\" data-end=\"4701\">C\u00f3digo de pieza:<\/strong> 3903601799<br data-start=\"4712\" data-end=\"4715\" \/><strong data-start=\"4715\" data-end=\"4728\">Material:<\/strong> Circuito electr\u00f3nico de alta calidad y carcasa pl\u00e1stica duradera<br data-start=\"4793\" data-end=\"4796\" \/><strong data-start=\"4796\" data-end=\"4819\">\u00c1rea de aplicaci\u00f3n:<\/strong> Placa de control de potencia para montacargas y maquinaria industrial<br data-start=\"4889\" data-end=\"4892\" \/><strong data-start=\"4892\" data-end=\"4904\">Ventaja:<\/strong> Alta capacidad de corriente, construcci\u00f3n robusta, producto de segunda mano probado<\/p>\n","protected":false},"featured_media":11612,"template":"","meta":[],"product_brand":[],"product_cat":[431],"product_tag":[],"class_list":{"0":"post-11611","1":"product","2":"type-product","3":"status-publish","4":"has-post-thumbnail","6":"product_cat-ekranlar-ve-kartlar","8":"first","9":"instock","10":"taxable","11":"shipping-taxable","12":"purchasable","13":"product-type-simple"},"_links":{"self":[{"href":"https:\/\/ceoparts.com\/es\/wp-json\/wp\/v2\/product\/11611","targetHints":{"allow":["GET"]}}],"collection":[{"href":"https:\/\/ceoparts.com\/es\/wp-json\/wp\/v2\/product"}],"about":[{"href":"https:\/\/ceoparts.com\/es\/wp-json\/wp\/v2\/types\/product"}],"wp:featuredmedia":[{"embeddable":true,"href":"https:\/\/ceoparts.com\/es\/wp-json\/wp\/v2\/media\/11612"}],"wp:attachment":[{"href":"https:\/\/ceoparts.com\/es\/wp-json\/wp\/v2\/media?parent=11611"}],"wp:term":[{"taxonomy":"product_brand","embeddable":true,"href":"https:\/\/ceoparts.com\/es\/wp-json\/wp\/v2\/product_brand?post=11611"},{"taxonomy":"product_cat","embeddable":true,"href":"https:\/\/ceoparts.com\/es\/wp-json\/wp\/v2\/product_cat?post=11611"},{"taxonomy":"product_tag","embeddable":true,"href":"https:\/\/ceoparts.com\/es\/wp-json\/wp\/v2\/product_tag?post=11611"}],"curies":[{"name":"wp","href":"https:\/\/api.w.org\/{rel}","templated":true}]}}