{"id":11633,"date":"2024-10-25T15:23:54","date_gmt":"2024-10-25T12:23:54","guid":{"rendered":"https:\/\/ceoparts.com\/?post_type=product&#038;p=11633"},"modified":"2026-05-16T15:00:49","modified_gmt":"2026-05-16T12:00:49","slug":"linde-mxx-ek-52313653000","status":"publish","type":"product","link":"https:\/\/ceoparts.com\/es\/urun\/linde-mxx-ek-52313653000\/","title":{"rendered":"LINDE MXX-EK &#8211; 52313653000"},"content":{"rendered":"<p>LINDE MXX-EK &#8211; 52313653000<\/p>\n","protected":false},"excerpt":{"rendered":"<p data-start=\"0\" data-end=\"281\"><br data-start=\"3996\" data-end=\"3999\" \/>Linde MXX-EK es una placa de control electr\u00f3nico original utilizada en montacargas y maquinaria industrial. Gestiona el control electr\u00f3nico del motor y otros sistemas del veh\u00edculo. Fabricada con materiales duraderos y de alta calidad. Producto usado probado y funcional.<\/p>\n<p data-start=\"4271\" data-end=\"4659\" data-is-last-node=\"\" data-is-only-node=\"\"><strong data-start=\"4271\" data-end=\"4291\">Caracter\u00edsticas:<\/strong><br data-start=\"4291\" data-end=\"4294\" \/><strong data-start=\"4294\" data-end=\"4318\">Nombre del producto:<\/strong> Placa de control electr\u00f3nico Linde MXX-EK<br data-start=\"4360\" data-end=\"4363\" \/><strong data-start=\"4363\" data-end=\"4383\">C\u00f3digo de pieza:<\/strong> 52313653000<br data-start=\"4395\" data-end=\"4398\" \/><strong data-start=\"4398\" data-end=\"4411\">Material:<\/strong> Circuito electr\u00f3nico industrial y carcasa pl\u00e1stica resistente<br data-start=\"4473\" data-end=\"4476\" \/><strong data-start=\"4476\" data-end=\"4499\">\u00c1rea de aplicaci\u00f3n:<\/strong> Sistema de control electr\u00f3nico para montacargas y maquinaria industrial<br data-start=\"4571\" data-end=\"4574\" \/><strong data-start=\"4574\" data-end=\"4586\">Ventaja:<\/strong> Construcci\u00f3n robusta, alto rendimiento, producto de segunda mano probado<\/p>\n","protected":false},"featured_media":11634,"template":"","meta":[],"product_brand":[],"product_cat":[246,431,523],"product_tag":[],"class_list":{"0":"post-11633","1":"product","2":"type-product","3":"status-publish","4":"has-post-thumbnail","6":"product_cat-linde","7":"product_cat-ekranlar-ve-kartlar","8":"product_cat-yedek-parca-linde","10":"first","11":"instock","12":"taxable","13":"shipping-taxable","14":"purchasable","15":"product-type-simple"},"_links":{"self":[{"href":"https:\/\/ceoparts.com\/es\/wp-json\/wp\/v2\/product\/11633","targetHints":{"allow":["GET"]}}],"collection":[{"href":"https:\/\/ceoparts.com\/es\/wp-json\/wp\/v2\/product"}],"about":[{"href":"https:\/\/ceoparts.com\/es\/wp-json\/wp\/v2\/types\/product"}],"wp:featuredmedia":[{"embeddable":true,"href":"https:\/\/ceoparts.com\/es\/wp-json\/wp\/v2\/media\/11634"}],"wp:attachment":[{"href":"https:\/\/ceoparts.com\/es\/wp-json\/wp\/v2\/media?parent=11633"}],"wp:term":[{"taxonomy":"product_brand","embeddable":true,"href":"https:\/\/ceoparts.com\/es\/wp-json\/wp\/v2\/product_brand?post=11633"},{"taxonomy":"product_cat","embeddable":true,"href":"https:\/\/ceoparts.com\/es\/wp-json\/wp\/v2\/product_cat?post=11633"},{"taxonomy":"product_tag","embeddable":true,"href":"https:\/\/ceoparts.com\/es\/wp-json\/wp\/v2\/product_tag?post=11633"}],"curies":[{"name":"wp","href":"https:\/\/api.w.org\/{rel}","templated":true}]}}