{"id":11645,"date":"2024-10-25T17:04:29","date_gmt":"2024-10-25T14:04:29","guid":{"rendered":"https:\/\/ceoparts.com\/?post_type=product&#038;p=11645"},"modified":"2026-05-16T15:11:01","modified_gmt":"2026-05-16T12:11:01","slug":"linde-r06-ekran-1263611501","status":"publish","type":"product","link":"https:\/\/ceoparts.com\/es\/urun\/linde-r06-ekran-1263611501\/","title":{"rendered":"LINDE R06 Pantalla &#8211; 1263611501"},"content":{"rendered":"<p>LINDE R06 Pantalla &#8211; 1263611501<\/p>","protected":false},"excerpt":{"rendered":"<p data-start=\"0\" data-end=\"317\"><br data-start=\"3963\" data-end=\"3966\" \/>Pantalla Linde R06 es una pantalla indicadora original utilizada en montacargas y maquinaria industrial. Proporciona al operador informaci\u00f3n clara sobre el estado del veh\u00edculo, datos de rendimiento y alertas. Construcci\u00f3n robusta y alta resoluci\u00f3n garantizan larga vida \u00fatil y uso pr\u00e1ctico. Producto usado probado y funcional.<\/p>\n<p data-start=\"4294\" data-end=\"4624\" data-is-last-node=\"\" data-is-only-node=\"\"><strong data-start=\"4294\" data-end=\"4314\">Caracter\u00edsticas:<\/strong><br data-start=\"4314\" data-end=\"4317\" \/><strong data-start=\"4317\" data-end=\"4341\">Nombre del producto:<\/strong> Pantalla Linde R06<br data-start=\"4360\" data-end=\"4363\" \/><strong data-start=\"4363\" data-end=\"4383\">C\u00f3digo de pieza:<\/strong> 1263611501<br data-start=\"4394\" data-end=\"4397\" \/><strong data-start=\"4397\" data-end=\"4410\">Material:<\/strong> Pl\u00e1stico duradero y panel electr\u00f3nico<br data-start=\"4448\" data-end=\"4451\" \/><strong data-start=\"4451\" data-end=\"4474\">\u00c1rea de aplicaci\u00f3n:<\/strong> Pantalla informativa para montacargas y maquinaria industrial<br data-start=\"4536\" data-end=\"4539\" \/><strong data-start=\"4539\" data-end=\"4551\">Ventaja:<\/strong> Alta resoluci\u00f3n, construcci\u00f3n duradera, producto de segunda mano probado<\/p>\n","protected":false},"featured_media":11646,"template":"","meta":[],"product_brand":[],"product_cat":[246,431,523],"product_tag":[],"class_list":{"0":"post-11645","1":"product","2":"type-product","3":"status-publish","4":"has-post-thumbnail","6":"product_cat-linde","7":"product_cat-ekranlar-ve-kartlar","8":"product_cat-yedek-parca-linde","10":"first","11":"instock","12":"taxable","13":"shipping-taxable","14":"purchasable","15":"product-type-simple"},"_links":{"self":[{"href":"https:\/\/ceoparts.com\/es\/wp-json\/wp\/v2\/product\/11645","targetHints":{"allow":["GET"]}}],"collection":[{"href":"https:\/\/ceoparts.com\/es\/wp-json\/wp\/v2\/product"}],"about":[{"href":"https:\/\/ceoparts.com\/es\/wp-json\/wp\/v2\/types\/product"}],"wp:featuredmedia":[{"embeddable":true,"href":"https:\/\/ceoparts.com\/es\/wp-json\/wp\/v2\/media\/11646"}],"wp:attachment":[{"href":"https:\/\/ceoparts.com\/es\/wp-json\/wp\/v2\/media?parent=11645"}],"wp:term":[{"taxonomy":"product_brand","embeddable":true,"href":"https:\/\/ceoparts.com\/es\/wp-json\/wp\/v2\/product_brand?post=11645"},{"taxonomy":"product_cat","embeddable":true,"href":"https:\/\/ceoparts.com\/es\/wp-json\/wp\/v2\/product_cat?post=11645"},{"taxonomy":"product_tag","embeddable":true,"href":"https:\/\/ceoparts.com\/es\/wp-json\/wp\/v2\/product_tag?post=11645"}],"curies":[{"name":"wp","href":"https:\/\/api.w.org\/{rel}","templated":true}]}}