{"id":11652,"date":"2024-10-25T17:16:00","date_gmt":"2024-10-25T14:16:00","guid":{"rendered":"https:\/\/ceoparts.com\/?post_type=product&#038;p=11652"},"modified":"2026-05-16T15:54:51","modified_gmt":"2026-05-16T12:54:51","slug":"still-lojistik-57199912","status":"publish","type":"product","link":"https:\/\/ceoparts.com\/es\/urun\/still-lojistik-57199912\/","title":{"rendered":"Joystick STILL FMX 1900 serie &#8211; 57199912"},"content":{"rendered":"<p>Joystick STILL FMX 1900 serie &#8211; 57199912<\/p>\n<p>Joystick STILL FMX 1900 serie &#8211; 57199912<\/p>","protected":false},"excerpt":{"rendered":"<p data-start=\"0\" data-end=\"313\"><br data-start=\"3979\" data-end=\"3982\" \/>Joystick serie Still FMX 1900 de segunda mano es una palanca de control original utilizada en montacargas y maquinaria industrial. Permite una gesti\u00f3n precisa y segura de los movimientos y funciones del veh\u00edculo. Construcci\u00f3n duradera y materiales de calidad garantizan una larga vida \u00fatil. Producto usado probado y funcional.<\/p>\n<p data-start=\"4310\" data-end=\"4679\" data-is-last-node=\"\" data-is-only-node=\"\"><strong data-start=\"4310\" data-end=\"4330\">Caracter\u00edsticas:<\/strong><br data-start=\"4330\" data-end=\"4333\" \/><strong data-start=\"4333\" data-end=\"4357\">Nombre del producto:<\/strong> Joystick serie Still FMX 1900 de segunda mano<br data-start=\"4403\" data-end=\"4406\" \/><strong data-start=\"4406\" data-end=\"4426\">C\u00f3digo de pieza:<\/strong> 57199912<br data-start=\"4435\" data-end=\"4438\" \/><strong data-start=\"4438\" data-end=\"4451\">Material:<\/strong> Pl\u00e1stico duradero y componentes electr\u00f3nicos<br data-start=\"4496\" data-end=\"4499\" \/><strong data-start=\"4499\" data-end=\"4522\">\u00c1rea de aplicaci\u00f3n:<\/strong> Palanca de control joystick para montacargas y maquinaria industrial<br data-start=\"4591\" data-end=\"4594\" \/><strong data-start=\"4594\" data-end=\"4606\">Ventaja:<\/strong> Control preciso, construcci\u00f3n duradera, producto de segunda mano probado<\/p>\n","protected":false},"featured_media":11654,"template":"","meta":[],"product_brand":[],"product_cat":[241,471,524],"product_tag":[],"class_list":{"0":"post-11652","1":"product","2":"type-product","3":"status-publish","4":"has-post-thumbnail","6":"product_cat-still","7":"product_cat-joystick-pedal-yedek-parca","8":"product_cat-yedek-parca-still","10":"first","11":"instock","12":"taxable","13":"shipping-taxable","14":"purchasable","15":"product-type-simple"},"_links":{"self":[{"href":"https:\/\/ceoparts.com\/es\/wp-json\/wp\/v2\/product\/11652","targetHints":{"allow":["GET"]}}],"collection":[{"href":"https:\/\/ceoparts.com\/es\/wp-json\/wp\/v2\/product"}],"about":[{"href":"https:\/\/ceoparts.com\/es\/wp-json\/wp\/v2\/types\/product"}],"wp:featuredmedia":[{"embeddable":true,"href":"https:\/\/ceoparts.com\/es\/wp-json\/wp\/v2\/media\/11654"}],"wp:attachment":[{"href":"https:\/\/ceoparts.com\/es\/wp-json\/wp\/v2\/media?parent=11652"}],"wp:term":[{"taxonomy":"product_brand","embeddable":true,"href":"https:\/\/ceoparts.com\/es\/wp-json\/wp\/v2\/product_brand?post=11652"},{"taxonomy":"product_cat","embeddable":true,"href":"https:\/\/ceoparts.com\/es\/wp-json\/wp\/v2\/product_cat?post=11652"},{"taxonomy":"product_tag","embeddable":true,"href":"https:\/\/ceoparts.com\/es\/wp-json\/wp\/v2\/product_tag?post=11652"}],"curies":[{"name":"wp","href":"https:\/\/api.w.org\/{rel}","templated":true}]}}