{"id":11660,"date":"2024-10-30T09:32:10","date_gmt":"2024-10-30T06:32:10","guid":{"rendered":"https:\/\/ceoparts.com\/?post_type=product&#038;p=11660"},"modified":"2026-05-16T18:40:53","modified_gmt":"2026-05-16T15:40:53","slug":"still-rcu1-kontrol-unitesi-51903602600","status":"publish","type":"product","link":"https:\/\/ceoparts.com\/es\/urun\/still-rcu1-kontrol-unitesi-51903602600\/","title":{"rendered":"Still RCU1 Unidad de control &#8211; 51903602600"},"content":{"rendered":"<p>Still RCU1 Unidad de control &#8211; 51903602600<\/p>\n<p>Still RCU1 Unidad de control &#8211; 51903602600<\/p>","protected":false},"excerpt":{"rendered":"<p data-start=\"0\" data-end=\"321\"><br data-start=\"4032\" data-end=\"4035\" \/>Unidad de control Still RCU1 de segunda mano es una unidad de control electr\u00f3nico original utilizada en montacargas y maquinaria industrial. Gestiona electr\u00f3nicamente diversas funciones del veh\u00edculo. Equipado con componentes electr\u00f3nicos duraderos para larga vida \u00fatil. Producto usado probado y funcional.<\/p>\n<p data-start=\"4342\" data-end=\"4732\" data-is-last-node=\"\" data-is-only-node=\"\"><strong data-start=\"4342\" data-end=\"4362\">Caracter\u00edsticas:<\/strong><br data-start=\"4362\" data-end=\"4365\" \/><strong data-start=\"4365\" data-end=\"4389\">Nombre del producto:<\/strong> Unidad de control Still RCU1 de segunda mano<br data-start=\"4434\" data-end=\"4437\" \/><strong data-start=\"4437\" data-end=\"4457\">C\u00f3digo de pieza:<\/strong> 51903602600<br data-start=\"4469\" data-end=\"4472\" \/><strong data-start=\"4472\" data-end=\"4485\">Material:<\/strong> Circuito electr\u00f3nico industrial y carcasa pl\u00e1stica resistente<br data-start=\"4547\" data-end=\"4550\" \/><strong data-start=\"4550\" data-end=\"4573\">\u00c1rea de aplicaci\u00f3n:<\/strong> Unidad de control electr\u00f3nico para montacargas y maquinaria industrial<br data-start=\"4644\" data-end=\"4647\" \/><strong data-start=\"4647\" data-end=\"4659\">Ventaja:<\/strong> Construcci\u00f3n robusta, alto rendimiento, producto de segunda mano probado<\/p>\n","protected":false},"featured_media":11661,"template":"","meta":[],"product_brand":[],"product_cat":[241,431,524],"product_tag":[],"class_list":{"0":"post-11660","1":"product","2":"type-product","3":"status-publish","4":"has-post-thumbnail","6":"product_cat-still","7":"product_cat-ekranlar-ve-kartlar","8":"product_cat-yedek-parca-still","10":"first","11":"instock","12":"taxable","13":"shipping-taxable","14":"purchasable","15":"product-type-simple"},"_links":{"self":[{"href":"https:\/\/ceoparts.com\/es\/wp-json\/wp\/v2\/product\/11660","targetHints":{"allow":["GET"]}}],"collection":[{"href":"https:\/\/ceoparts.com\/es\/wp-json\/wp\/v2\/product"}],"about":[{"href":"https:\/\/ceoparts.com\/es\/wp-json\/wp\/v2\/types\/product"}],"wp:featuredmedia":[{"embeddable":true,"href":"https:\/\/ceoparts.com\/es\/wp-json\/wp\/v2\/media\/11661"}],"wp:attachment":[{"href":"https:\/\/ceoparts.com\/es\/wp-json\/wp\/v2\/media?parent=11660"}],"wp:term":[{"taxonomy":"product_brand","embeddable":true,"href":"https:\/\/ceoparts.com\/es\/wp-json\/wp\/v2\/product_brand?post=11660"},{"taxonomy":"product_cat","embeddable":true,"href":"https:\/\/ceoparts.com\/es\/wp-json\/wp\/v2\/product_cat?post=11660"},{"taxonomy":"product_tag","embeddable":true,"href":"https:\/\/ceoparts.com\/es\/wp-json\/wp\/v2\/product_tag?post=11660"}],"curies":[{"name":"wp","href":"https:\/\/api.w.org\/{rel}","templated":true}]}}