{"id":11667,"date":"2024-10-30T10:42:56","date_gmt":"2024-10-30T07:42:56","guid":{"rendered":"https:\/\/ceoparts.com\/?post_type=product&#038;p=11667"},"modified":"2026-05-16T14:33:42","modified_gmt":"2026-05-16T11:33:42","slug":"still-dizel-anakart-57163654200","status":"publish","type":"product","link":"https:\/\/ceoparts.com\/es\/urun\/still-dizel-anakart-57163654200\/","title":{"rendered":"Still Placa base di\u00e9sel &#8211; 57163654200"},"content":{"rendered":"<p>Still Placa base di\u00e9sel &#8211; 57163654200<\/p>","protected":false},"excerpt":{"rendered":"<p data-start=\"0\" data-end=\"357\"><br data-start=\"4405\" data-end=\"4408\" \/>Placa principal di\u00e9sel Still de segunda mano es una placa principal de control de motor di\u00e9sel original utilizada en montacargas y maquinaria industrial. Proporciona control electr\u00f3nico del motor y ayuda a optimizar el rendimiento y la eficiencia. Circuitos electr\u00f3nicos robustos y materiales de calidad para larga vida \u00fatil. Producto usado probado y funcional.<\/p>\n<p data-start=\"4771\" data-end=\"5166\" data-is-last-node=\"\" data-is-only-node=\"\"><strong data-start=\"4771\" data-end=\"4791\">Caracter\u00edsticas:<\/strong><br data-start=\"4791\" data-end=\"4794\" \/><strong data-start=\"4794\" data-end=\"4818\">Nombre del producto:<\/strong> Placa principal di\u00e9sel Still de segunda mano<br data-start=\"4863\" data-end=\"4866\" \/><strong data-start=\"4866\" data-end=\"4886\">C\u00f3digo de pieza:<\/strong> 57163654200<br data-start=\"4898\" data-end=\"4901\" \/><strong data-start=\"4901\" data-end=\"4914\">Material:<\/strong> Circuito electr\u00f3nico industrial y carcasa pl\u00e1stica resistente<br data-start=\"4976\" data-end=\"4979\" \/><strong data-start=\"4979\" data-end=\"5002\">\u00c1rea de aplicaci\u00f3n:<\/strong> Sistema de control de motor di\u00e9sel para montacargas y maquinaria industrial<br data-start=\"5078\" data-end=\"5081\" \/><strong data-start=\"5081\" data-end=\"5093\">Ventaja:<\/strong> Construcci\u00f3n robusta, alto rendimiento, producto de segunda mano probado<\/p>\n","protected":false},"featured_media":11841,"template":"","meta":[],"product_brand":[],"product_cat":[431,524,241],"product_tag":[],"class_list":{"0":"post-11667","1":"product","2":"type-product","3":"status-publish","4":"has-post-thumbnail","6":"product_cat-ekranlar-ve-kartlar","7":"product_cat-yedek-parca-still","8":"product_cat-still","10":"first","11":"instock","12":"taxable","13":"shipping-taxable","14":"purchasable","15":"product-type-simple"},"_links":{"self":[{"href":"https:\/\/ceoparts.com\/es\/wp-json\/wp\/v2\/product\/11667","targetHints":{"allow":["GET"]}}],"collection":[{"href":"https:\/\/ceoparts.com\/es\/wp-json\/wp\/v2\/product"}],"about":[{"href":"https:\/\/ceoparts.com\/es\/wp-json\/wp\/v2\/types\/product"}],"wp:featuredmedia":[{"embeddable":true,"href":"https:\/\/ceoparts.com\/es\/wp-json\/wp\/v2\/media\/11841"}],"wp:attachment":[{"href":"https:\/\/ceoparts.com\/es\/wp-json\/wp\/v2\/media?parent=11667"}],"wp:term":[{"taxonomy":"product_brand","embeddable":true,"href":"https:\/\/ceoparts.com\/es\/wp-json\/wp\/v2\/product_brand?post=11667"},{"taxonomy":"product_cat","embeddable":true,"href":"https:\/\/ceoparts.com\/es\/wp-json\/wp\/v2\/product_cat?post=11667"},{"taxonomy":"product_tag","embeddable":true,"href":"https:\/\/ceoparts.com\/es\/wp-json\/wp\/v2\/product_tag?post=11667"}],"curies":[{"name":"wp","href":"https:\/\/api.w.org\/{rel}","templated":true}]}}