{"id":11691,"date":"2024-10-30T13:22:55","date_gmt":"2024-10-30T10:22:55","guid":{"rendered":"https:\/\/ceoparts.com\/?post_type=product&#038;p=11691"},"modified":"2026-05-16T10:46:49","modified_gmt":"2026-05-16T07:46:49","slug":"still-cpp-51523602647","status":"publish","type":"product","link":"https:\/\/ceoparts.com\/es\/urun\/still-cpp-51523602647\/","title":{"rendered":"Still CPP &#8211; 51523602647"},"content":{"rendered":"<p>Still CPP &#8211; 51523602647<\/p>\n","protected":false},"excerpt":{"rendered":"<p data-start=\"0\" data-end=\"289\"><br data-start=\"4060\" data-end=\"4063\" \/>Panel de control de proceso Still CPP de segunda mano es un panel de control original utilizado en montacargas y maquinaria industrial. Gestiona varias operaciones electr\u00f3nicas y mec\u00e1nicas en el veh\u00edculo. Construcci\u00f3n robusta y componentes de calidad garantizan una larga vida \u00fatil. Producto usado probado y funcional.<\/p>\n<p data-start=\"4383\" data-end=\"4772\" data-is-last-node=\"\" data-is-only-node=\"\"><strong data-start=\"4383\" data-end=\"4403\">Caracter\u00edsticas:<\/strong><br data-start=\"4403\" data-end=\"4406\" \/><strong data-start=\"4406\" data-end=\"4430\">Nombre del producto:<\/strong> Panel de control de proceso Still CPP de segunda mano<br data-start=\"4484\" data-end=\"4487\" \/><strong data-start=\"4487\" data-end=\"4507\">C\u00f3digo de pieza:<\/strong> 51523602647<br data-start=\"4519\" data-end=\"4522\" \/><strong data-start=\"4522\" data-end=\"4535\">Material:<\/strong> Electr\u00f3nica industrial y carcasa pl\u00e1stica resistente<br data-start=\"4588\" data-end=\"4591\" \/><strong data-start=\"4591\" data-end=\"4614\">\u00c1rea de aplicaci\u00f3n:<\/strong> Panel de control de proceso para montacargas y maquinaria industrial<br data-start=\"4683\" data-end=\"4686\" \/><strong data-start=\"4686\" data-end=\"4698\">Ventaja:<\/strong> Construcci\u00f3n duradera, alto rendimiento, producto de segunda mano probado<\/p>\n","protected":false},"featured_media":11801,"template":"","meta":[],"product_brand":[],"product_cat":[241,431,524],"product_tag":[],"class_list":{"0":"post-11691","1":"product","2":"type-product","3":"status-publish","4":"has-post-thumbnail","6":"product_cat-still","7":"product_cat-ekranlar-ve-kartlar","8":"product_cat-yedek-parca-still","10":"first","11":"instock","12":"taxable","13":"shipping-taxable","14":"purchasable","15":"product-type-simple"},"_links":{"self":[{"href":"https:\/\/ceoparts.com\/es\/wp-json\/wp\/v2\/product\/11691","targetHints":{"allow":["GET"]}}],"collection":[{"href":"https:\/\/ceoparts.com\/es\/wp-json\/wp\/v2\/product"}],"about":[{"href":"https:\/\/ceoparts.com\/es\/wp-json\/wp\/v2\/types\/product"}],"wp:featuredmedia":[{"embeddable":true,"href":"https:\/\/ceoparts.com\/es\/wp-json\/wp\/v2\/media\/11801"}],"wp:attachment":[{"href":"https:\/\/ceoparts.com\/es\/wp-json\/wp\/v2\/media?parent=11691"}],"wp:term":[{"taxonomy":"product_brand","embeddable":true,"href":"https:\/\/ceoparts.com\/es\/wp-json\/wp\/v2\/product_brand?post=11691"},{"taxonomy":"product_cat","embeddable":true,"href":"https:\/\/ceoparts.com\/es\/wp-json\/wp\/v2\/product_cat?post=11691"},{"taxonomy":"product_tag","embeddable":true,"href":"https:\/\/ceoparts.com\/es\/wp-json\/wp\/v2\/product_tag?post=11691"}],"curies":[{"name":"wp","href":"https:\/\/api.w.org\/{rel}","templated":true}]}}