{"id":11699,"date":"2024-11-01T14:14:52","date_gmt":"2024-11-01T11:14:52","guid":{"rendered":"https:\/\/ceoparts.com\/?post_type=product&#038;p=11699"},"modified":"2026-05-16T11:50:31","modified_gmt":"2026-05-16T08:50:31","slug":"stw-ek-mxx-kart-52313703000","status":"publish","type":"product","link":"https:\/\/ceoparts.com\/es\/urun\/stw-ek-mxx-kart-52313703000\/","title":{"rendered":"STW EK MXX CARTA &#8211; 52313703000"},"content":{"rendered":"<p>STW EK MXX CARTA &#8211; 52313703000<\/p>","protected":false},"excerpt":{"rendered":"<p data-start=\"0\" data-end=\"329\"><br data-start=\"4140\" data-end=\"4143\" \/>Placa STW EK MXX de segunda mano es una placa de control electr\u00f3nico original utilizada en montacargas y maquinaria industrial. Gestiona y coordina varios sistemas electr\u00f3nicos del veh\u00edculo. Construcci\u00f3n robusta y componentes electr\u00f3nicos de calidad para una larga vida \u00fatil. Probada y funcional como producto de segunda mano.<\/p>\n<p data-start=\"4471\" data-end=\"4850\" data-is-last-node=\"\" data-is-only-node=\"\"><strong data-start=\"4471\" data-end=\"4491\">Caracter\u00edsticas:<\/strong><br data-start=\"4491\" data-end=\"4494\" \/><strong data-start=\"4494\" data-end=\"4518\">Nombre del producto:<\/strong> Placa STW EK MXX de segunda mano<br data-start=\"4551\" data-end=\"4554\" \/><strong data-start=\"4554\" data-end=\"4574\">C\u00f3digo de pieza:<\/strong> 52313703000<br data-start=\"4586\" data-end=\"4589\" \/><strong data-start=\"4589\" data-end=\"4602\">Material:<\/strong> Circuito electr\u00f3nico industrial y carcasa pl\u00e1stica resistente<br data-start=\"4664\" data-end=\"4667\" \/><strong data-start=\"4667\" data-end=\"4690\">\u00c1rea de aplicaci\u00f3n:<\/strong> Sistema de control electr\u00f3nico para montacargas y maquinaria industrial<br data-start=\"4762\" data-end=\"4765\" \/><strong data-start=\"4765\" data-end=\"4777\">Ventaja:<\/strong> Construcci\u00f3n robusta, alto rendimiento, producto de segunda mano probado<\/p>\n","protected":false},"featured_media":11700,"template":"","meta":[],"product_brand":[],"product_cat":[431],"product_tag":[],"class_list":{"0":"post-11699","1":"product","2":"type-product","3":"status-publish","4":"has-post-thumbnail","6":"product_cat-ekranlar-ve-kartlar","8":"first","9":"instock","10":"taxable","11":"shipping-taxable","12":"purchasable","13":"product-type-simple"},"_links":{"self":[{"href":"https:\/\/ceoparts.com\/es\/wp-json\/wp\/v2\/product\/11699","targetHints":{"allow":["GET"]}}],"collection":[{"href":"https:\/\/ceoparts.com\/es\/wp-json\/wp\/v2\/product"}],"about":[{"href":"https:\/\/ceoparts.com\/es\/wp-json\/wp\/v2\/types\/product"}],"wp:featuredmedia":[{"embeddable":true,"href":"https:\/\/ceoparts.com\/es\/wp-json\/wp\/v2\/media\/11700"}],"wp:attachment":[{"href":"https:\/\/ceoparts.com\/es\/wp-json\/wp\/v2\/media?parent=11699"}],"wp:term":[{"taxonomy":"product_brand","embeddable":true,"href":"https:\/\/ceoparts.com\/es\/wp-json\/wp\/v2\/product_brand?post=11699"},{"taxonomy":"product_cat","embeddable":true,"href":"https:\/\/ceoparts.com\/es\/wp-json\/wp\/v2\/product_cat?post=11699"},{"taxonomy":"product_tag","embeddable":true,"href":"https:\/\/ceoparts.com\/es\/wp-json\/wp\/v2\/product_tag?post=11699"}],"curies":[{"name":"wp","href":"https:\/\/api.w.org\/{rel}","templated":true}]}}