{"id":11714,"date":"2024-11-04T16:39:56","date_gmt":"2024-11-04T13:39:56","guid":{"rendered":"https:\/\/ceoparts.com\/?post_type=product&#038;p=11714"},"modified":"2026-05-16T21:02:31","modified_gmt":"2026-05-16T18:02:31","slug":"linde-still-kontrol-su-20-abu-2-el-426489","status":"publish","type":"product","link":"https:\/\/ceoparts.com\/es\/urun\/linde-still-kontrol-su-20-abu-2-el-426489\/","title":{"rendered":"Linde\/Still Control Su 20 ABU Segunda mano &#8211; 426489"},"content":{"rendered":"<p>Linde\/Still Control Su 20 ABU Segunda mano &#8211; 426489<\/p>\n<p>Linde\/Still Control Su 20 ABU &#8211; 426489<\/p>\n<p>Segunda mano<\/p>","protected":false},"excerpt":{"rendered":"<p data-start=\"0\" data-end=\"372\"><br data-start=\"4212\" data-end=\"4215\" \/>Unidad de control Linde\/Still Su 20 ABU de segunda mano es una unidad de control original usada en montacargas y maquinaria industrial. Gestiona se\u00f1ales electr\u00f3nicas para optimizar el rendimiento del veh\u00edculo y asegura el correcto funcionamiento de diversas funciones. Construcci\u00f3n robusta y componentes electr\u00f3nicos de calidad. Probada y funcional.<\/p>\n<p data-start=\"4566\" data-end=\"4929\" data-is-last-node=\"\" data-is-only-node=\"\"><strong data-start=\"4566\" data-end=\"4586\">Caracter\u00edsticas:<\/strong><br data-start=\"4586\" data-end=\"4589\" \/><strong data-start=\"4589\" data-end=\"4613\">Nombre del producto:<\/strong> Unidad de control Linde\/Still Su 20 ABU de segunda mano<br data-start=\"4669\" data-end=\"4672\" \/><strong data-start=\"4672\" data-end=\"4692\">C\u00f3digo de pieza:<\/strong> 426489<br data-start=\"4699\" data-end=\"4702\" \/><strong data-start=\"4702\" data-end=\"4715\">Material:<\/strong> Circuito electr\u00f3nico industrial y carcasa pl\u00e1stica resistente<br data-start=\"4777\" data-end=\"4780\" \/><strong data-start=\"4780\" data-end=\"4803\">\u00c1rea de aplicaci\u00f3n:<\/strong> Sistema de control para montacargas y maquinaria industrial<br data-start=\"4863\" data-end=\"4866\" \/><strong data-start=\"4866\" data-end=\"4878\">Ventaja:<\/strong> Duradera, fiable, producto de segunda mano probado<\/p>\n","protected":false},"featured_media":11715,"template":"","meta":[],"product_brand":[],"product_cat":[241,246,433,523,524],"product_tag":[],"class_list":{"0":"post-11714","1":"product","2":"type-product","3":"status-publish","4":"has-post-thumbnail","6":"product_cat-still","7":"product_cat-linde","8":"product_cat-ikinci-el-urunler","9":"product_cat-yedek-parca-linde","10":"product_cat-yedek-parca-still","12":"first","13":"instock","14":"taxable","15":"shipping-taxable","16":"purchasable","17":"product-type-simple"},"_links":{"self":[{"href":"https:\/\/ceoparts.com\/es\/wp-json\/wp\/v2\/product\/11714","targetHints":{"allow":["GET"]}}],"collection":[{"href":"https:\/\/ceoparts.com\/es\/wp-json\/wp\/v2\/product"}],"about":[{"href":"https:\/\/ceoparts.com\/es\/wp-json\/wp\/v2\/types\/product"}],"wp:featuredmedia":[{"embeddable":true,"href":"https:\/\/ceoparts.com\/es\/wp-json\/wp\/v2\/media\/11715"}],"wp:attachment":[{"href":"https:\/\/ceoparts.com\/es\/wp-json\/wp\/v2\/media?parent=11714"}],"wp:term":[{"taxonomy":"product_brand","embeddable":true,"href":"https:\/\/ceoparts.com\/es\/wp-json\/wp\/v2\/product_brand?post=11714"},{"taxonomy":"product_cat","embeddable":true,"href":"https:\/\/ceoparts.com\/es\/wp-json\/wp\/v2\/product_cat?post=11714"},{"taxonomy":"product_tag","embeddable":true,"href":"https:\/\/ceoparts.com\/es\/wp-json\/wp\/v2\/product_tag?post=11714"}],"curies":[{"name":"wp","href":"https:\/\/api.w.org\/{rel}","templated":true}]}}