{"id":11720,"date":"2024-11-04T16:56:43","date_gmt":"2024-11-04T13:56:43","guid":{"rendered":"https:\/\/ceoparts.com\/?post_type=product&#038;p=11720"},"modified":"2026-05-16T23:31:04","modified_gmt":"2026-05-16T20:31:04","slug":"still-direksiyon-karti-3903608866","status":"publish","type":"product","link":"https:\/\/ceoparts.com\/es\/urun\/still-direksiyon-karti-3903608866\/","title":{"rendered":"Still Tarjeta de direcci\u00f3n Segunda mano &#8211; 3903608866"},"content":{"rendered":"<p>Still Tarjeta de direcci\u00f3n Segunda mano &#8211; 3903608866<\/p>","protected":false},"excerpt":{"rendered":"<p data-start=\"0\" data-end=\"439\"><br data-start=\"4647\" data-end=\"4650\" \/>Tarjeta de direcci\u00f3n Still 2\u00aa mano es una tarjeta de control electr\u00f3nico original utilizada en montacargas y maquinaria industrial. Gestiona electr\u00f3nicamente la direcci\u00f3n, precisi\u00f3n y tiempo de respuesta del sistema de direcci\u00f3n. Optimiza la direcci\u00f3n y maniobrabilidad seg\u00fan los datos de los sensores. Construcci\u00f3n robusta y electr\u00f3nica industrial garantizan larga durabilidad. Probada y funcional como producto de segunda mano.<\/p>\n<p data-start=\"5081\" data-end=\"5461\" data-is-last-node=\"\" data-is-only-node=\"\"><strong data-start=\"5081\" data-end=\"5101\">Caracter\u00edsticas:<\/strong><br data-start=\"5101\" data-end=\"5104\" \/><strong data-start=\"5104\" data-end=\"5128\">Nombre del producto:<\/strong> Tarjeta de direcci\u00f3n Still 2\u00aa mano<br data-start=\"5163\" data-end=\"5166\" \/><strong data-start=\"5166\" data-end=\"5186\">C\u00f3digo de pieza:<\/strong> 3903608866<br data-start=\"5197\" data-end=\"5200\" \/><strong data-start=\"5200\" data-end=\"5213\">Material:<\/strong> Circuito electr\u00f3nico industrial y carcasa pl\u00e1stica resistente<br data-start=\"5275\" data-end=\"5278\" \/><strong data-start=\"5278\" data-end=\"5301\">\u00c1rea de aplicaci\u00f3n:<\/strong> Sistema de control de direcci\u00f3n para montacargas y maquinaria industrial<br data-start=\"5374\" data-end=\"5377\" \/><strong data-start=\"5377\" data-end=\"5389\">Ventaja:<\/strong> Alta precisi\u00f3n, estructura resistente, producto de segunda mano probado<\/p>\n","protected":false},"featured_media":11722,"template":"","meta":[],"product_brand":[],"product_cat":[241,433,524],"product_tag":[],"class_list":{"0":"post-11720","1":"product","2":"type-product","3":"status-publish","4":"has-post-thumbnail","6":"product_cat-still","7":"product_cat-ikinci-el-urunler","8":"product_cat-yedek-parca-still","10":"first","11":"instock","12":"taxable","13":"shipping-taxable","14":"purchasable","15":"product-type-simple"},"_links":{"self":[{"href":"https:\/\/ceoparts.com\/es\/wp-json\/wp\/v2\/product\/11720","targetHints":{"allow":["GET"]}}],"collection":[{"href":"https:\/\/ceoparts.com\/es\/wp-json\/wp\/v2\/product"}],"about":[{"href":"https:\/\/ceoparts.com\/es\/wp-json\/wp\/v2\/types\/product"}],"wp:featuredmedia":[{"embeddable":true,"href":"https:\/\/ceoparts.com\/es\/wp-json\/wp\/v2\/media\/11722"}],"wp:attachment":[{"href":"https:\/\/ceoparts.com\/es\/wp-json\/wp\/v2\/media?parent=11720"}],"wp:term":[{"taxonomy":"product_brand","embeddable":true,"href":"https:\/\/ceoparts.com\/es\/wp-json\/wp\/v2\/product_brand?post=11720"},{"taxonomy":"product_cat","embeddable":true,"href":"https:\/\/ceoparts.com\/es\/wp-json\/wp\/v2\/product_cat?post=11720"},{"taxonomy":"product_tag","embeddable":true,"href":"https:\/\/ceoparts.com\/es\/wp-json\/wp\/v2\/product_tag?post=11720"}],"curies":[{"name":"wp","href":"https:\/\/api.w.org\/{rel}","templated":true}]}}