{"id":11737,"date":"2024-11-04T17:26:13","date_gmt":"2024-11-04T14:26:13","guid":{"rendered":"https:\/\/ceoparts.com\/?post_type=product&#038;p=11737"},"modified":"2026-05-16T14:14:43","modified_gmt":"2026-05-16T11:14:43","slug":"linde-dc-donusturucu-ikinci-el-400w-12-5v-48-80v-7917401102-7917401103-7917401115","status":"publish","type":"product","link":"https:\/\/ceoparts.com\/es\/urun\/linde-dc-donusturucu-ikinci-el-400w-12-5v-48-80v-7917401102-7917401103-7917401115\/","title":{"rendered":"Linde DC Convertidor Segunda mano 400W \/ 12.5V &#8211; 48 \/ 80V &#8211; 7917401102 &#8211; 7917401103 &#8211; 7917401115"},"content":{"rendered":"<p>Linde DC Convertidor Segunda mano 400W \/ 12.5V &#8211; 48 \/ 80V &#8211; 7917401102 &#8211; 7917401103 &#8211; 7917401115<\/p>","protected":false},"excerpt":{"rendered":"<p data-start=\"100\" data-end=\"607\"><br data-start=\"5368\" data-end=\"5371\" \/>Convertidor DC Linde 2\u00aa mano 400W \/ 12.5V es un m\u00f3dulo convertidor de voltaje original usado en montacargas y maquinaria industrial. Compatible con sistemas de 48V y 80V DC, reduce de forma segura la tensi\u00f3n a 12.5V, garantizando el funcionamiento estable de la electr\u00f3nica a bordo, iluminaci\u00f3n y sistemas de control. Su capacidad de 400W permite un rendimiento constante en condiciones industriales severas. Producto de segunda mano probado y funcional.<\/p>\n<p data-start=\"5827\" data-end=\"6255\"><strong data-start=\"5827\" data-end=\"5847\">Caracter\u00edsticas:<\/strong><br data-start=\"5847\" data-end=\"5850\" \/><strong data-start=\"5850\" data-end=\"5874\">Nombre del producto:<\/strong> Convertidor DC Linde 2\u00aa mano 400W \/ 12.5V<br data-start=\"5916\" data-end=\"5919\" \/><strong data-start=\"5919\" data-end=\"5939\">C\u00f3digo de pieza:<\/strong> 7917401102 \u2013 7917401103 \u2013 7917401115<br data-start=\"5976\" data-end=\"5979\" \/><strong data-start=\"5979\" data-end=\"5992\">Material:<\/strong> Circuito electr\u00f3nico, carcasa met\u00e1lica y terminales de conexi\u00f3n resistentes<br data-start=\"6068\" data-end=\"6071\" \/><strong data-start=\"6071\" data-end=\"6094\">\u00c1rea de aplicaci\u00f3n:<\/strong> Sistema convertidor de voltaje para montacargas y maquinaria industrial<br data-start=\"6166\" data-end=\"6169\" \/><strong data-start=\"6169\" data-end=\"6181\">Ventaja:<\/strong> Gran capacidad, estructura resistente, producto de segunda mano probado<\/p>\n","protected":false},"featured_media":11679,"template":"","meta":[],"product_brand":[],"product_cat":[246,433,523],"product_tag":[],"class_list":{"0":"post-11737","1":"product","2":"type-product","3":"status-publish","4":"has-post-thumbnail","6":"product_cat-linde","7":"product_cat-ikinci-el-urunler","8":"product_cat-yedek-parca-linde","10":"first","11":"instock","12":"taxable","13":"shipping-taxable","14":"purchasable","15":"product-type-simple"},"_links":{"self":[{"href":"https:\/\/ceoparts.com\/es\/wp-json\/wp\/v2\/product\/11737","targetHints":{"allow":["GET"]}}],"collection":[{"href":"https:\/\/ceoparts.com\/es\/wp-json\/wp\/v2\/product"}],"about":[{"href":"https:\/\/ceoparts.com\/es\/wp-json\/wp\/v2\/types\/product"}],"wp:featuredmedia":[{"embeddable":true,"href":"https:\/\/ceoparts.com\/es\/wp-json\/wp\/v2\/media\/11679"}],"wp:attachment":[{"href":"https:\/\/ceoparts.com\/es\/wp-json\/wp\/v2\/media?parent=11737"}],"wp:term":[{"taxonomy":"product_brand","embeddable":true,"href":"https:\/\/ceoparts.com\/es\/wp-json\/wp\/v2\/product_brand?post=11737"},{"taxonomy":"product_cat","embeddable":true,"href":"https:\/\/ceoparts.com\/es\/wp-json\/wp\/v2\/product_cat?post=11737"},{"taxonomy":"product_tag","embeddable":true,"href":"https:\/\/ceoparts.com\/es\/wp-json\/wp\/v2\/product_tag?post=11737"}],"curies":[{"name":"wp","href":"https:\/\/api.w.org\/{rel}","templated":true}]}}