{"id":11746,"date":"2024-11-05T09:22:39","date_gmt":"2024-11-05T06:22:39","guid":{"rendered":"https:\/\/ceoparts.com\/?post_type=product&#038;p=11746"},"modified":"2026-05-16T13:29:08","modified_gmt":"2026-05-16T10:29:08","slug":"still-yeni-model-konvartor-51523604130","status":"publish","type":"product","link":"https:\/\/ceoparts.com\/es\/urun\/still-yeni-model-konvartor-51523604130\/","title":{"rendered":"Still Nuevo Modelo Convertidor &#8211; 51523604130"},"content":{"rendered":"<p>Still Nuevo Modelo Convertidor &#8211; 51523604130<\/p>\n<p>Still Nuevo Modelo Convertidor &#8211; 51523604130<\/p>","protected":false},"excerpt":{"rendered":"<p data-start=\"0\" data-end=\"463\"><br data-start=\"5026\" data-end=\"5029\" \/>Convertidor Still Nuevo Modelo 2\u00aa mano es un m\u00f3dulo convertidor de voltaje original y de alta calidad dise\u00f1ado para montacargas y maquinaria industrial. Compatible con sistemas de 48V a 80V, reduce de forma segura la tensi\u00f3n de salida, asegurando un funcionamiento estable y eficiente del equipo conectado. Gracias a su electr\u00f3nica de nueva generaci\u00f3n, ofrece un dise\u00f1o compacto y un rendimiento eficiente. Producto de segunda mano probado y completamente operativo.<\/p>\n<p data-start=\"5497\" data-end=\"5888\" data-is-last-node=\"\" data-is-only-node=\"\"><strong data-start=\"5497\" data-end=\"5517\">Caracter\u00edsticas:<\/strong><br data-start=\"5517\" data-end=\"5520\" \/><strong data-start=\"5520\" data-end=\"5544\">Nombre del producto:<\/strong> Convertidor Still Nuevo Modelo 2\u00aa mano<br data-start=\"5583\" data-end=\"5586\" \/><strong data-start=\"5586\" data-end=\"5606\">C\u00f3digo de pieza:<\/strong> 51523604130<br data-start=\"5618\" data-end=\"5621\" \/><strong data-start=\"5621\" data-end=\"5634\">Material:<\/strong> Componentes electr\u00f3nicos de alta resistencia y carcasa pl\u00e1stica robusta<br data-start=\"5706\" data-end=\"5709\" \/><strong data-start=\"5709\" data-end=\"5732\">\u00c1rea de aplicaci\u00f3n:<\/strong> Sistema convertidor de voltaje para montacargas y maquinaria industrial<br data-start=\"5804\" data-end=\"5807\" \/><strong data-start=\"5807\" data-end=\"5819\">Ventaja:<\/strong> Compacto, fiable, nueva generaci\u00f3n, producto de segunda mano probado<\/p>\n","protected":false},"featured_media":11747,"template":"","meta":[],"product_brand":[],"product_cat":[241,433,524],"product_tag":[],"class_list":{"0":"post-11746","1":"product","2":"type-product","3":"status-publish","4":"has-post-thumbnail","6":"product_cat-still","7":"product_cat-ikinci-el-urunler","8":"product_cat-yedek-parca-still","10":"first","11":"instock","12":"taxable","13":"shipping-taxable","14":"purchasable","15":"product-type-simple"},"_links":{"self":[{"href":"https:\/\/ceoparts.com\/es\/wp-json\/wp\/v2\/product\/11746","targetHints":{"allow":["GET"]}}],"collection":[{"href":"https:\/\/ceoparts.com\/es\/wp-json\/wp\/v2\/product"}],"about":[{"href":"https:\/\/ceoparts.com\/es\/wp-json\/wp\/v2\/types\/product"}],"wp:featuredmedia":[{"embeddable":true,"href":"https:\/\/ceoparts.com\/es\/wp-json\/wp\/v2\/media\/11747"}],"wp:attachment":[{"href":"https:\/\/ceoparts.com\/es\/wp-json\/wp\/v2\/media?parent=11746"}],"wp:term":[{"taxonomy":"product_brand","embeddable":true,"href":"https:\/\/ceoparts.com\/es\/wp-json\/wp\/v2\/product_brand?post=11746"},{"taxonomy":"product_cat","embeddable":true,"href":"https:\/\/ceoparts.com\/es\/wp-json\/wp\/v2\/product_cat?post=11746"},{"taxonomy":"product_tag","embeddable":true,"href":"https:\/\/ceoparts.com\/es\/wp-json\/wp\/v2\/product_tag?post=11746"}],"curies":[{"name":"wp","href":"https:\/\/api.w.org\/{rel}","templated":true}]}}