{"id":11766,"date":"2024-11-05T10:36:23","date_gmt":"2024-11-05T07:36:23","guid":{"rendered":"https:\/\/ceoparts.com\/?post_type=product&#038;p=11766"},"modified":"2026-05-16T14:34:17","modified_gmt":"2026-05-16T11:34:17","slug":"still-siyah-konvertor-5063365429","status":"publish","type":"product","link":"https:\/\/ceoparts.com\/es\/urun\/still-siyah-konvertor-5063365429\/","title":{"rendered":"Still Convertidor Negro De segunda mano &#8211; 5063365429"},"content":{"rendered":"<p>Still Convertidor Negro De segunda mano &#8211; 5063365429<\/p>","protected":false},"excerpt":{"rendered":"<p data-start=\"0\" data-end=\"354\"><br data-start=\"4140\" data-end=\"4143\" \/>Convertidor Still Negro 2\u00aa mano es un m\u00f3dulo convertidor de voltaje s\u00f3lido y original usado en montacargas y maquinaria industrial. Reduce de forma segura la tensi\u00f3n del sistema al nivel necesario, garantizando el correcto funcionamiento de los equipos conectados. Carcasa resistente y rendimiento fiable. Probado y completamente operativo.<\/p>\n<p data-start=\"4485\" data-end=\"4834\" data-is-last-node=\"\" data-is-only-node=\"\"><strong data-start=\"4485\" data-end=\"4505\">Caracter\u00edsticas:<\/strong><br data-start=\"4505\" data-end=\"4508\" \/><strong data-start=\"4508\" data-end=\"4532\">Nombre del producto:<\/strong> Convertidor Still Negro 2\u00aa mano<br data-start=\"4564\" data-end=\"4567\" \/><strong data-start=\"4567\" data-end=\"4587\">C\u00f3digo de pieza:<\/strong> 5063365429<br data-start=\"4598\" data-end=\"4601\" \/><strong data-start=\"4601\" data-end=\"4614\">Material:<\/strong> Componentes electr\u00f3nicos y carcasa de pl\u00e1stico resistente<br data-start=\"4672\" data-end=\"4675\" \/><strong data-start=\"4675\" data-end=\"4698\">\u00c1rea de aplicaci\u00f3n:<\/strong> M\u00f3dulo convertidor de voltaje para montacargas y maquinaria industrial<br data-start=\"4769\" data-end=\"4772\" \/><strong data-start=\"4772\" data-end=\"4784\">Ventaja:<\/strong> Robusto, fiable, producto de segunda mano probado<\/p>\n","protected":false},"featured_media":11767,"template":"","meta":[],"product_brand":[],"product_cat":[241,433,524],"product_tag":[],"class_list":{"0":"post-11766","1":"product","2":"type-product","3":"status-publish","4":"has-post-thumbnail","6":"product_cat-still","7":"product_cat-ikinci-el-urunler","8":"product_cat-yedek-parca-still","10":"first","11":"instock","12":"taxable","13":"shipping-taxable","14":"purchasable","15":"product-type-simple"},"_links":{"self":[{"href":"https:\/\/ceoparts.com\/es\/wp-json\/wp\/v2\/product\/11766","targetHints":{"allow":["GET"]}}],"collection":[{"href":"https:\/\/ceoparts.com\/es\/wp-json\/wp\/v2\/product"}],"about":[{"href":"https:\/\/ceoparts.com\/es\/wp-json\/wp\/v2\/types\/product"}],"wp:featuredmedia":[{"embeddable":true,"href":"https:\/\/ceoparts.com\/es\/wp-json\/wp\/v2\/media\/11767"}],"wp:attachment":[{"href":"https:\/\/ceoparts.com\/es\/wp-json\/wp\/v2\/media?parent=11766"}],"wp:term":[{"taxonomy":"product_brand","embeddable":true,"href":"https:\/\/ceoparts.com\/es\/wp-json\/wp\/v2\/product_brand?post=11766"},{"taxonomy":"product_cat","embeddable":true,"href":"https:\/\/ceoparts.com\/es\/wp-json\/wp\/v2\/product_cat?post=11766"},{"taxonomy":"product_tag","embeddable":true,"href":"https:\/\/ceoparts.com\/es\/wp-json\/wp\/v2\/product_tag?post=11766"}],"curies":[{"name":"wp","href":"https:\/\/api.w.org\/{rel}","templated":true}]}}